{"id":1282,"date":"2025-03-27T15:33:00","date_gmt":"2025-03-27T15:33:00","guid":{"rendered":"https:\/\/easytask.si\/?page_id=1282"},"modified":"2025-03-27T15:52:38","modified_gmt":"2025-03-27T15:52:38","slug":"politika-zasebnosti","status":"publish","type":"page","link":"https:\/\/easytask.si\/es\/politika-zasebnosti\/","title":{"rendered":"Pol\u00edtica de asilo"},"content":{"rendered":"<div data-elementor-type=\"wp-page\" data-elementor-id=\"1282\" class=\"elementor elementor-1282\" data-elementor-post-type=\"page\">\n\t\t\t\t\t\t<section class=\"elementor-section elementor-top-section elementor-element elementor-element-23cd4f0 elementor-section-boxed elementor-section-height-default elementor-section-height-default\" data-id=\"23cd4f0\" data-element_type=\"section\" id=\"about\" data-settings=\"{&quot;background_background&quot;:&quot;gradient&quot;}\">\n\t\t\t\t\t\t<div class=\"elementor-container elementor-column-gap-default\">\n\t\t\t\t\t<div class=\"elementor-column elementor-col-100 elementor-top-column elementor-element elementor-element-9f48ae0\" data-id=\"9f48ae0\" data-element_type=\"column\">\n\t\t\t<div class=\"elementor-widget-wrap elementor-element-populated\">\n\t\t\t\t\t\t<div class=\"elementor-element elementor-element-6d7bb30 elementor-widget elementor-widget-heading\" data-id=\"6d7bb30\" data-element_type=\"widget\" data-widget_type=\"heading.default\">\n\t\t\t\t<div class=\"elementor-widget-container\">\n\t\t\t\t\t<h2 class=\"elementor-heading-title elementor-size-default\">Pol\u00edtica de asilo<\/h2>\t\t\t\t<\/div>\n\t\t\t\t<\/div>\n\t\t\t\t<div class=\"elementor-element elementor-element-0c8563b elementor-widget elementor-widget-text-editor\" data-id=\"0c8563b\" data-element_type=\"widget\" data-widget_type=\"text-editor.default\">\n\t\t\t\t<div class=\"elementor-widget-container\">\n\t\t\t\t\t\t\t\t\t<div class=\"entry-content\"><div class=\"elementor elementor-47\" data-elementor-type=\"wp-page\" data-elementor-id=\"47\"><section class=\"elementor-section elementor-top-section elementor-element elementor-element-5dfb266a elementor-section-boxed elementor-section-height-default elementor-section-height-default\" data-id=\"5dfb266a\" data-element_type=\"section\"><div class=\"elementor-container elementor-column-gap-default\"><div class=\"elementor-column elementor-col-100 elementor-top-column elementor-element elementor-element-987f1e5\" data-id=\"987f1e5\" data-element_type=\"column\"><div class=\"elementor-widget-wrap elementor-element-populated\"><div class=\"elementor-element elementor-element-21a4f6de elementor-widget elementor-widget-text-editor\" data-id=\"21a4f6de\" data-element_type=\"widget\" data-widget_type=\"text-editor.default\"><div class=\"elementor-widget-container\"><ol><li><strong>KAJ POTREBUJEMO<\/strong><\/li><\/ol><p>Na\u0161a politika varovanja osebnih podatkov ureja uporabo in shranjevanje podatkov. Politiko varovanja osebnih podatkov si lahko ogledate na strani Obvestilo o zasebnosti (priloga spodaj). MARCELINO d.o.o., Kranj\u010deva ulica 4, 3000 Celje je upravljalec osebnih podatkov, ki jih posreduje (subjekt podatkov: vi, kupec, obiskovalec itd.). Zbiramo naslednje vrste osebnih podatkov:<\/p><ul><li>Correo electr\u00f3nico naslov;<\/li><li>Ime en Priimek, Naslov, E-naslov en Telefonska \u0161tevilka;<\/li><li>Podr\u00e1 pagar con tarjeta de cr\u00e9dito, tarjeta de d\u00e9bito o tarjeta de cr\u00e9dito, Paypal u otros medios;<\/li><li>Recopile documentos que le ayuden a mejorar su posici\u00f3n en el mercado;<\/li><li>Pi\u0161kotke;<\/li><li>Google Analytics en Yandex ter Cloudflare sledenje obiska;<\/li><li>Perfiles de usuario en las redes sociales.<\/li><\/ul><p>Vsak osebni podatek po vrsti podatka pridobimo glede na nujnost in z lo\u010denim soglasjem.<\/p><ol start=\"2\"><li><strong>NO TE LO PIERDAS<\/strong><\/li><\/ol><p>Puede guardar sus pertenencias en cualquier lugar:<\/p><ol><li><ol><li>Env\u00edenos un mensaje de correo electr\u00f3nico a cualquier direcci\u00f3n de correo electr\u00f3nico que desee, antes de ponerse en contacto con nosotros;<\/li><li>Enviar correo electr\u00f3nico a un amigo o familiar;<\/li><li>Ime in Priimek, Naslov, E-naslov in Telefonska \u0161tevilka za sprejemanje rezervacij, povpra\u0161evanj in po\u0161iljanje ponudb ali v zvezi z izpolnitvijo drugih Va\u0161ih zahtev;<\/li><li>Ime in Priimek, Naslov, E-naslov in Telefonska \u0161tevilka za nakup darilnih bonov, voucherjev ali storitev in predmetov v zvezi z na\u0161o ponudbo;<\/li><li>Podatke o pla\u010dilnih sredstvih in kopije osebnih dokumentov za izvedbo storitev;<\/li><li>Env\u00edo de mensajes de correo electr\u00f3nico para marketing automatizado (para la promoci\u00f3n de ventas, la promoci\u00f3n de ventas y la promoci\u00f3n de productos);<\/li><li>Piezas para el transporte de mercanc\u00edas voluminosas;<\/li><li>Comun\u00edcate con tus amigos y familiares a trav\u00e9s de las redes sociales;<\/li><li>Ime in Priimek, Naslov, E-naslov in Telefonska \u0161tevilka za ob\u010dasne nagradne igre ali druge promocijske akcije z va\u0161im predhodnim dovoljenjem;<\/li><li>A\u00f1ade los datos de Google Analytics y Yandex Direct a Cloudflare para realizar an\u00e1lisis internos y externos de tu sitio web.<\/li><\/ol><\/li><\/ol><p>\u00a0<\/p><ol><li><strong>KAJ PO\u010cNEMO Z OSEBNIMI PODATKI<\/strong><\/li><\/ol><p>Va\u0161i osebni podatki so obdelani v MARCELINO d.o.o., Kranj\u010deva ulica 4, 3000 Celje, ki je locirana v Sloveniji. Gostovanje in shranjevanje podatkov poteka https:\/\/easytask.si\/, ki je locirana v dr\u017eavah Evropske unije (Nem\u010dija).<\/p><p>Noben tretji ponudnik nima dostopa do va\u0161ih podatkov, razen, \u010de je to potrebno zaradi zakonodaje.<\/p><ol start=\"4\"><li><strong>KAKO DOLGO JIH HRANIMO<\/strong><\/li><\/ol><p>Na na\u0161i spletni strani uporabljamo trajne pi\u0161kotke za povezave do socialnih storitev in ostalih \"delitvenih\" ponudnikov in pi\u0161kotke, ki vam vedno znova pomagajo do va\u0161ih najbolj priljubljenih vsebin na na\u0161i spletni strani.<\/p><ol start=\"5\"><li><strong>KAK\u0160NE SO VA\u0160E PRAVICE<\/strong><\/li><\/ol><p>\u010ce mislite, da so osebni podatki, ki jih imamo o vas, napa\u010dni ali nepopolni, imate mo\u017enost, da po\u0161ljete zahtevo o pregledu teh podatkov, jih popravite ali jih izbri\u0161ete. Pi\u0161ite nam preko (Obrazec za zahtevek za dostop do podatkovnih podatkov). V primeru, da se \u017eelite prito\u017eiti, kako smo obdelali va\u0161e osebne podatke, se obrnite na poobla\u0161\u010deno osebo za varstvo podatkov oz. Kontaktna oseba za za\u0161\u010dito podatkov (DPC, Data Protection Contact) na e-naslov Marcelino d.o.o. ali pisno na MARCELINO d.o.o., Kranj\u010deva ulica 4, 3000 Celje.<\/p><p>Na\u0161 DPC bo nato preu\u010dil va\u0161o prito\u017ebo in vas obvestil o re\u0161itvi zadeve. \u010ce \u0161e vedno menite, da va\u0161i osebni podatki niso bili ustrezno obdelani v skladu z zakonom, se lahko obrnete na Informacijskega poobla\u0161\u010denca in vlo\u017eite prito\u017ebo pri njem. S posebnim obrazcem, ki ga najdete na strani Obvestilo o zasebnosti lahko zahtevate dostop do politik in dokumentov, ki so povezani z zasebnostjo.<\/p><p><strong>Povezani dokumenti:<\/strong><\/p><ul><li>Politika varovanja osebnih podatkov<\/li><li>Pol\u00edtica de igualdad de oportunidades entre hombres y mujeres (en la UE y en terceros pa\u00edses)<\/li><li>Urnik hrambe osebnih podatkov (na zahtevo po e-po\u0161ti ali osebno)<\/li><li>Obvestilo o zasebnosti<\/li><li>Imprimir esta p\u00e1gina<\/li><li>Obrazec za soglasje<\/li><li>Obrazec za umik soglasja<\/li><\/ul><p>Celje, 27.03.2025,<\/p><p>Ver. Dokumenta: 1.0<\/p><\/div><\/div><\/div><\/div><\/div><\/section><\/div><\/div>\t\t\t\t\t\t\t\t<\/div>\n\t\t\t\t<\/div>\n\t\t\t\t\t<\/div>\n\t\t<\/div>\n\t\t\t\t\t<\/div>\n\t\t<\/section>\n\t\t\t\t<\/div>","protected":false},"excerpt":{"rendered":"<p>Politika zasebnosti KAJ POTREBUJEMO Na\u0161a politika varovanja osebnih podatkov ureja uporabo in shranjevanje podatkov. Politiko varovanja osebnih podatkov si lahko ogledate na strani Obvestilo o zasebnosti (priloga spodaj). MARCELINO d.o.o., Kranj\u010deva ulica 4, 3000 Celje je upravljalec osebnih podatkov, ki jih posreduje (subjekt podatkov: vi, kupec, obiskovalec itd.). Zbiramo naslednje vrste osebnih podatkov: E-mail naslov; [&hellip;]<\/p>","protected":false},"author":1,"featured_media":0,"parent":0,"menu_order":0,"comment_status":"closed","ping_status":"closed","template":"","meta":{"_seopress_robots_primary_cat":"","_seopress_titles_title":"","_seopress_titles_desc":"","_seopress_robots_index":"","ocean_post_layout":"full-screen","ocean_both_sidebars_style":"","ocean_both_sidebars_content_width":0,"ocean_both_sidebars_sidebars_width":0,"ocean_sidebar":"0","ocean_second_sidebar":"0","ocean_disable_margins":"enable","ocean_add_body_class":"","ocean_shortcode_before_top_bar":"","ocean_shortcode_after_top_bar":"","ocean_shortcode_before_header":"","ocean_shortcode_after_header":"","ocean_has_shortcode":"","ocean_shortcode_after_title":"","ocean_shortcode_before_footer_widgets":"","ocean_shortcode_after_footer_widgets":"","ocean_shortcode_before_footer_bottom":"","ocean_shortcode_after_footer_bottom":"","ocean_display_top_bar":"default","ocean_display_header":"default","ocean_header_style":"transparent","ocean_center_header_left_menu":"0","ocean_custom_header_template":"0","ocean_custom_logo":0,"ocean_custom_retina_logo":0,"ocean_custom_logo_max_width":0,"ocean_custom_logo_tablet_max_width":0,"ocean_custom_logo_mobile_max_width":0,"ocean_custom_logo_max_height":0,"ocean_custom_logo_tablet_max_height":0,"ocean_custom_logo_mobile_max_height":0,"ocean_header_custom_menu":"0","ocean_menu_typo_font_family":"0","ocean_menu_typo_font_subset":"","ocean_menu_typo_font_size":0,"ocean_menu_typo_font_size_tablet":0,"ocean_menu_typo_font_size_mobile":0,"ocean_menu_typo_font_size_unit":"px","ocean_menu_typo_font_weight":"","ocean_menu_typo_font_weight_tablet":"","ocean_menu_typo_font_weight_mobile":"","ocean_menu_typo_transform":"","ocean_menu_typo_transform_tablet":"","ocean_menu_typo_transform_mobile":"","ocean_menu_typo_line_height":0,"ocean_menu_typo_line_height_tablet":0,"ocean_menu_typo_line_height_mobile":0,"ocean_menu_typo_line_height_unit":"","ocean_menu_typo_spacing":0,"ocean_menu_typo_spacing_tablet":0,"ocean_menu_typo_spacing_mobile":0,"ocean_menu_typo_spacing_unit":"","ocean_menu_link_color":"","ocean_menu_link_color_hover":"","ocean_menu_link_color_active":"","ocean_menu_link_background":"","ocean_menu_link_hover_background":"","ocean_menu_link_active_background":"","ocean_menu_social_links_bg":"","ocean_menu_social_hover_links_bg":"","ocean_menu_social_links_color":"","ocean_menu_social_hover_links_color":"","ocean_disable_title":"on","ocean_disable_heading":"default","ocean_post_title":"","ocean_post_subheading":"","ocean_post_title_style":"","ocean_post_title_background_color":"","ocean_post_title_background":0,"ocean_post_title_bg_image_position":"","ocean_post_title_bg_image_attachment":"","ocean_post_title_bg_image_repeat":"","ocean_post_title_bg_image_size":"","ocean_post_title_height":0,"ocean_post_title_bg_overlay":0.5,"ocean_post_title_bg_overlay_color":"","ocean_disable_breadcrumbs":"default","ocean_breadcrumbs_color":"","ocean_breadcrumbs_separator_color":"","ocean_breadcrumbs_links_color":"","ocean_breadcrumbs_links_hover_color":"","ocean_display_footer_widgets":"default","ocean_display_footer_bottom":"default","ocean_custom_footer_template":"0","footnotes":""},"class_list":["post-1282","page","type-page","status-publish","hentry","entry"],"_links":{"self":[{"href":"https:\/\/easytask.si\/es\/wp-json\/wp\/v2\/pages\/1282","targetHints":{"allow":["GET"]}}],"collection":[{"href":"https:\/\/easytask.si\/es\/wp-json\/wp\/v2\/pages"}],"about":[{"href":"https:\/\/easytask.si\/es\/wp-json\/wp\/v2\/types\/page"}],"author":[{"embeddable":true,"href":"https:\/\/easytask.si\/es\/wp-json\/wp\/v2\/users\/1"}],"replies":[{"embeddable":true,"href":"https:\/\/easytask.si\/es\/wp-json\/wp\/v2\/comments?post=1282"}],"version-history":[{"count":4,"href":"https:\/\/easytask.si\/es\/wp-json\/wp\/v2\/pages\/1282\/revisions"}],"predecessor-version":[{"id":1287,"href":"https:\/\/easytask.si\/es\/wp-json\/wp\/v2\/pages\/1282\/revisions\/1287"}],"wp:attachment":[{"href":"https:\/\/easytask.si\/es\/wp-json\/wp\/v2\/media?parent=1282"}],"curies":[{"name":"wp","href":"https:\/\/api.w.org\/{rel}","templated":true}]}}