{"id":1282,"date":"2025-03-27T15:33:00","date_gmt":"2025-03-27T15:33:00","guid":{"rendered":"https:\/\/easytask.si\/?page_id=1282"},"modified":"2025-03-27T15:52:38","modified_gmt":"2025-03-27T15:52:38","slug":"politika-zasebnosti","status":"publish","type":"page","link":"https:\/\/easytask.si\/ja\/politika-zasebnosti\/","title":{"rendered":"\u653f\u6cbb\u30fb\u7d4c\u6e08"},"content":{"rendered":"<div data-elementor-type=\"wp-page\" data-elementor-id=\"1282\" class=\"elementor elementor-1282\" data-elementor-post-type=\"page\">\n\t\t\t\t\t\t<section class=\"elementor-section elementor-top-section elementor-element elementor-element-23cd4f0 elementor-section-boxed elementor-section-height-default elementor-section-height-default\" data-id=\"23cd4f0\" data-element_type=\"section\" id=\"about\" data-settings=\"{&quot;background_background&quot;:&quot;gradient&quot;}\">\n\t\t\t\t\t\t<div class=\"elementor-container elementor-column-gap-default\">\n\t\t\t\t\t<div class=\"elementor-column elementor-col-100 elementor-top-column elementor-element elementor-element-9f48ae0\" data-id=\"9f48ae0\" data-element_type=\"column\">\n\t\t\t<div class=\"elementor-widget-wrap elementor-element-populated\">\n\t\t\t\t\t\t<div class=\"elementor-element elementor-element-6d7bb30 elementor-widget elementor-widget-heading\" data-id=\"6d7bb30\" data-element_type=\"widget\" data-widget_type=\"heading.default\">\n\t\t\t\t<div class=\"elementor-widget-container\">\n\t\t\t\t\t<h2 class=\"elementor-heading-title elementor-size-default\">\u653f\u6cbb\u30fb\u7d4c\u6e08<\/h2>\t\t\t\t<\/div>\n\t\t\t\t<\/div>\n\t\t\t\t<div class=\"elementor-element elementor-element-0c8563b elementor-widget elementor-widget-text-editor\" data-id=\"0c8563b\" data-element_type=\"widget\" data-widget_type=\"text-editor.default\">\n\t\t\t\t<div class=\"elementor-widget-container\">\n\t\t\t\t\t\t\t\t\t<div class=\"entry-content\"><div class=\"elementor elementor-47\" data-elementor-type=\"wp-page\" data-elementor-id=\"47\"><section class=\"elementor-section elementor-top-section elementor-element elementor-element-5dfb266a elementor-section-boxed elementor-section-height-default elementor-section-height-default\" data-id=\"5dfb266a\" data-element_type=\"section\"><div class=\"elementor-container elementor-column-gap-default\"><div class=\"elementor-column elementor-col-100 elementor-top-column elementor-element elementor-element-987f1e5\" data-id=\"987f1e5\" data-element_type=\"column\"><div class=\"elementor-widget-wrap elementor-element-populated\"><div class=\"elementor-element elementor-element-21a4f6de elementor-widget elementor-widget-text-editor\" data-id=\"21a4f6de\" data-element_type=\"widget\" data-widget_type=\"text-editor.default\"><div class=\"elementor-widget-container\"><ol><li><strong>\u68b6\u539f<\/strong><\/li><\/ol><p>\u30aa\u30bb\u30d6\u30f3\u30fb\u30dd\u30c0\u30c8\u30b3\u30d5\u306e\u653f\u6cbb\u7684\u5909\u5316\u306f\u3001\u653f\u6cbb\u7684\u5909\u5316\u306e\u4e2d\u306b\u3042\u308b\u3002\u653f\u6cbb\u5909\u52d5\u306f\u3001\u30aa\u30d9\u30b9\u30c1\u30ed\u30fb\u30aa\u30fb\u30b6\u30bb\u30d6\u30ce\u30b9\u30c1(\u653f\u6cbb\u5909\u52d5)\u6226\u7565\u306b\u53cd\u6620\u3055\u308c\u3066\u3044\u307e\u3059\u3002\u30de\u30eb\u30bb\u30ea\u30fc\u30ced.o.o., Kranj\u010deva ulica 4, 3000 Celje\u306f\u3001\u73fe\u5728\u3001\u30aa\u30bb\u30d6\u30cb\u30a2\u30f3\u30fb\u30dd\u30c0\u30c8\u30b3\u30eb\u3092\u904b\u55b6\u3057\u3066\u3044\u307e\u3059\u3002<\/p><ul><li>\u30ca\u30b9\u30ed\u30d5\u306b\u30e1\u30fc\u30eb\u3092\u9001\u308b<\/li><li>Priimek\u306eIme\u3001Naslov\u3001Telefonska \u0161tevilka\u306eE-naslov\uff1b<\/li><li>\u30af\u30ec\u30b8\u30c3\u30c8\u30ab\u30fc\u30c9\u3001Paypal\u3001\u307e\u305f\u306f\u305d\u306e\u4ed6\u306e\u6c7a\u6e08\u65b9\u6cd5\u3092\u3054\u5229\u7528\u3044\u305f\u3060\u3051\u307e\u3059\uff1b<\/li><li>\u3053\u306e\u3088\u3046\u306a\u30c9\u30ad\u30e5\u30e1\u30f3\u30c8\u3092\u8aad\u3080\u3053\u3068\u3067\u3001\u3088\u308a\u6b63\u78ba\u306a\u60c5\u5831\u3092\u5f97\u308b\u3053\u3068\u304c\u3067\u304d\u307e\u3059\uff1b<\/li><li>\u30d4\u30b7\u30e5\u30b3\u30c8\u30b1<\/li><li>Yandex\u306eGoogle\u30a2\u30ca\u30ea\u30c6\u30a3\u30af\u30b9\u306f\u3001Cloudflare\u3092\u4f7f\u7528\u3057\u3066\u3044\u307e\u3059\uff1b<\/li><li>\u30bd\u30fc\u30b7\u30e3\u30eb\u30fb\u30b9\u30af\u30d4\u30ca\u306b\u304a\u3051\u308b\u8077\u696d\u7684\u30d7\u30ed\u30d5\u30a3\u30fc\u30eb\u3002<\/li><\/ul><p>\u3053\u306e\u3088\u3046\u306a\u5834\u5408\u3001\u3053\u306e\u3088\u3046\u306a\u30b9\u30dd\u30fc\u30c4\u306f\u3001\u30b9\u30dd\u30fc\u30c4\u3092\u3059\u308b\u4e0a\u3067\u975e\u5e38\u306b\u91cd\u8981\u306a\u3082\u306e\u3068\u306a\u308a\u307e\u3059\u3002<\/p><ol start=\"2\"><li><strong>\"\u90a6\u984c \"\u306f \"\u90a6\u984c \"\u3067\u3042\u308b\u3002<\/strong><\/li><\/ol><p>\u53ce\u7d0d\u30b9\u30da\u30fc\u30b9\u3082\u5145\u5b9f\u3057\u3066\u3044\u307e\u3059\uff1a<\/p><ol><li><ol><li>E\u30e1\u30fc\u30eb\u3067\u306e\u304a\u554f\u3044\u5408\u308f\u305b\u306f\u3001E\u30e1\u30fc\u30eb\u3067\u306e\u304a\u554f\u3044\u5408\u308f\u305b\u3001\u307e\u305f\u306fE\u30e1\u30fc\u30eb\u3067\u306e\u304a\u554f\u3044\u5408\u308f\u305b\u3092\u3054\u5229\u7528\u304f\u3060\u3055\u3044\uff1b<\/li><li>\u96fb\u5b50\u30e1\u30fc\u30eb\u3067\u306e\u304a\u554f\u3044\u5408\u308f\u305b\u306f\u3053\u3061\u3089\u304b\u3089\uff1b<\/li><li>\u307e\u305f\u3001\u3053\u306e\u3088\u3046\u306a\u4e8b\u696d\u306b\u306f\u3001\u69d8\u3005\u306a\u30d3\u30b8\u30cd\u30b9\u30c1\u30e3\u30f3\u30b9\u304c\u542b\u307e\u308c\u3066\u3044\u307e\u3059\uff1b<\/li><li>\u30d7\u30ea\u30e1\u30c3\u30af\u3001\u30ca\u30b9\u30ed\u30d6\u3001E-\u30ca\u30b9\u30ed\u30d6\u3001\u30c6\u30ec\u30d5\u30a9\u30f3\u30b9\u30ab\u30fb\u30b7\u30e5\u30c6\u30f4\u30a3\u30eb\u30ab\u306f\u3001\u30c0\u30fc\u30ea\u30f3\u30fb\u30dc\u30ce\u30d5\u3001\u30d0\u30a6\u30c1\u30e3\u30fc\u3001\u30b9\u30c8\u30ec\u30fc\u30b8\u3001\u30d7\u30ec\u30c7\u30a3\u30b7\u30e7\u30ca\u30fc\u306a\u3069\u3001\u69d8\u3005\u306a\u30b5\u30fc\u30d3\u30b9\u3092\u63d0\u4f9b\u3057\u3066\u3044\u307e\u3059\uff1b<\/li><li>\u4fdd\u7ba1\u306e\u305f\u3081\u306e\u30c9\u30ad\u30e5\u30e1\u30f3\u30c8\u3092\u4f5c\u6210\u3059\u308b\uff1b<\/li><li>E\u30e1\u30fc\u30eb\u306b\u3088\u308b\u30de\u30fc\u30b1\u30c6\u30a3\u30f3\u30b0\u6d3b\u52d5\uff08\u30b5\u30fc\u30d3\u30b9\u63d0\u4f9b\u3001\u8ca9\u58f2\u4fc3\u9032\u3001\u304a\u3088\u3073\u8ca9\u58f2\u4fc3\u9032\uff09\uff1b<\/li><li>(\u30d6\u30c3\u30af\u30e9\u30a4\u30d6)\u30dd\u30a4\u30f3\u30c8\u306a\u3069\u3092\u5229\u7528\u3057\u3066 \"\u840c\u3048\u840c\u3048 \"\u3092\u8cfc\u5165\u3057\u3066\u8aad\u3080\u3053\u3068\u304c\u53ef\u80fd\u3067\u3059<\/li><li>\u30bd\u30fc\u30b7\u30e3\u30eb\u30fb\u30cd\u30c3\u30c8\u30ef\u30fc\u30af\u306f\u3001\u30bd\u30fc\u30b7\u30e3\u30eb\u30fb\u30d7\u30ed\u30d5\u30a3\u30fc\u30eb\u3092\u5171\u6709\u3059\u308b\u305f\u3081\u306e\u3082\u306e\u3067\u3042\u308a\u3001\u305d\u306e\u30d7\u30ed\u30d5\u30a3\u30fc\u30eb\u306f\u3001\u305d\u306e\u30d7\u30ed\u30d5\u30a3\u30fc\u30eb\u3092\u5171\u6709\u3059\u308b\u305f\u3081\u306e\u3082\u306e\u3067\u3059\uff1b<\/li><li>\u3053\u306e\u30b5\u30a4\u30c8\u3067\u306f\u3001\u30d7\u30ea\u30e1\u30c3\u30af\u3001\u30ca\u30b9\u30ed\u30d5\u3001E-\u30ca\u30b9\u30ed\u30d5\u3001\u30c6\u30ec\u30d5\u30a9\u30f3\u30b9\u30ab\u30b9\u30bf\u30e0\u306a\u3069\u3001\u3055\u307e\u3056\u307e\u306a\u30b5\u30fc\u30d3\u30b9\u3092\u63d0\u4f9b\u3057\u3066\u3044\u307e\u3059\uff1b<\/li><li>Google\u30a2\u30ca\u30ea\u30c6\u30a3\u30af\u30b9\u3084Yandex Direct\u3001Cloudflare\u306e\u30af\u30e9\u30a6\u30c9\u30d5\u30ec\u30a2\u3092\u5229\u7528\u3059\u308b\u3053\u3068\u3067\u3001\u3042\u306a\u305f\u306e\u30d3\u30b8\u30cd\u30b9\u72b6\u6cc1\u3092\u5206\u6790\u3059\u308b\u3053\u3068\u304c\u3067\u304d\u307e\u3059\u3002<\/li><\/ol><\/li><\/ol><p>\u00a0<\/p><ol><li><strong>\"\u90a6\u984c \"\u306f \"\u90a6\u984c \"\u3067\u3042\u308b\u3002<\/strong><\/li><\/ol><p>MARCELINO d.o.o., Kranj\u010deva ulica 4, 3000 Celje, \u5f0a\u793e\u6240\u5728\u5730\u306f\u30b9\u30ed\u30d9\u30cb\u30a2\u3067\u3059\u3002Gostovanje in shranjevanje podatkov poteka https:\/\/easytask.si\/, ki je locirana v dr\u017eavah Evropske unije (Nem\u010dija).<\/p><p>\u3053\u306e\u3088\u3046\u306a\u9ad8\u8cb4\u306a\u9078\u624b\u305f\u3061\u304c\u3001\u3053\u306e\u3088\u3046\u306a\u5927\u821e\u53f0\u306b\u51fa\u5834\u3059\u308b\u306e\u306f\u3001\u5927\u5909\u306a\u3053\u3068\u3067\u3059\u3002<\/p><ol start=\"4\"><li><strong>\u30ab\u30b3\u30fb\u30c9\u30eb\u30b4\u30fb\u30b8\u30fb\u30d5\u30e9\u30cb\u30fc\u30e2<\/strong><\/li><\/ol><p>\u305d\u306e\u305f\u3081\u3001\u305d\u306e\u3088\u3046\u306a\u5730\u57df\u306b\u306f\u3001\u793e\u4f1a\u7684\u84c4\u7a4d\u3084\u3001\u300c\u72af\u7f6a\u300d\u306b\u3088\u3063\u3066\u3082\u305f\u3089\u3055\u308c\u305f\u3001\u305d\u306e\u3088\u3046\u306a\u5730\u57df\u56fa\u6709\u306e\u4fa1\u5024\u89b3\u306b\u57fa\u3065\u304f\u3001\u65b0\u305f\u306a\u4fa1\u5024\u89b3\u304c\u5f62\u6210\u3055\u308c\u3066\u3044\u308b\u3002<\/p><ol start=\"5\"><li><strong>\u90a6\u984c\uff1a\u90a6\u984c\uff1a\u90a6\u984c\uff1a\u90a6\u984c\uff1a\u90a6\u984c\uff1a\u90a6\u984c<\/strong><\/li><\/ol><p>\u305d\u306e\u3088\u3046\u306a\u5834\u5408\u3001\u305d\u306e\u3088\u3046\u306a\u3053\u3068\u3092\u3059\u308b\u524d\u306b\u3001\u305d\u306e\u3088\u3046\u306a\u3053\u3068\u3092\u3059\u308b\u524d\u306b\u3001\u305d\u306e\u3088\u3046\u306a\u3053\u3068\u3092\u3057\u306a\u3051\u308c\u3070\u306a\u308a\u307e\u305b\u3093\u3002\u305d\u306e\u524d\u306b\u3001\u5404\u9078\u624b\u3068\u9023\u7d61\u3092\u53d6\u308a\u306a\u304c\u3089\u3001\u5404\u9078\u624b\u306e\u30dd\u30b8\u30b7\u30e7\u30f3\u3092\u78ba\u8a8d\u3057\u3066\u304f\u3060\u3055\u3044\u3002\u30de\u30eb\u30bb\u30ea\u30fc\u30ced.o.o.\u306eE\u30e1\u30fc\u30eb\u30a2\u30c9\u30ec\u30b9\u3001\u307e\u305f\u306fMARCELINO d.o.o., Kranj\u010deva ulica 4, 3000 Celje\u306b\u3054\u9023\u7d61\u304f\u3060\u3055\u3044\u3002<\/p><p>DPC\u306f\u3001\u3053\u306e\u3088\u3046\u306a\u4e8b\u614b\u306b\u5bfe\u51e6\u3059\u308b\u305f\u3081\u3001DPC\u3092\u8a2d\u7acb\u3057\u307e\u3057\u305f\u3002\u305d\u306e\u305f\u3081\u3001DPC\u306f\u3001DPC\u304c\u63d0\u4f9b\u3059\u308b\u60c5\u5831\u3092\u5229\u7528\u3057\u3001DPC\u304c\u63d0\u4f9b\u3059\u308b\u30b5\u30fc\u30d3\u30b9\u3092\u5229\u7528\u3059\u308b\u3053\u3068\u304c\u3067\u304d\u308b\u3088\u3046\u306b\u3001DPC\u304c\u63d0\u4f9b\u3059\u308b\u30b5\u30fc\u30d3\u30b9\u3092\u5229\u7528\u3059\u308b\u3053\u3068\u304c\u3067\u304d\u308b\u3088\u3046\u306b\u3001DPC\u304c\u63d0\u4f9b\u3059\u308b\u30b5\u30fc\u30d3\u30b9\u3092\u5229\u7528\u3059\u308b\u3053\u3068\u304c\u3067\u304d\u308b\u3088\u3046\u306b\u3001DPC\u304c\u63d0\u4f9b\u3059\u308b\u30b5\u30fc\u30d3\u30b9\u3092\u5229\u7528\u3059\u308b\u3053\u3068\u304c\u3067\u304d\u308b\u3088\u3046\u306b\u3001DPC\u304c\u63d0\u4f9b\u3059\u308b\u30b5\u30fc\u30d3\u30b9\u3092\u5229\u7528\u3059\u308b\u3053\u3068\u304c\u3067\u304d\u308b\u3088\u3046\u306b\u3001DPC\u304c\u63d0\u4f9b\u3059\u308b\u30b5\u30fc\u30d3\u30b9\u3092\u5229\u7528\u3059\u308b\u3053\u3068\u304c\u3067\u304d\u308b\u3088\u3046\u306b\u3001DPC\u304c\u63d0\u4f9b\u3059\u308b\u30b5\u30fc\u30d3\u30b9\u3092\u5229\u7528\u3059\u308b\u3053\u3068\u304c\u3067\u304d\u308b\u3088\u3046\u306b\u3001DPC\u304c\u63d0\u4f9b\u3059\u308b\u30b5\u30fc\u30d3\u30b9\u3092\u5229\u7528\u3059\u308b\u3053\u3068\u304c\u3067\u304d\u308b\u3088\u3046\u306b\u3001DPC\u304c\u63d0\u4f9b\u3059\u308b\u30b5\u30fc\u30d3\u30b9\u3092\u5229\u7528\u3059\u308b\u3053\u3068\u304c\u3067\u304d\u308b\u3088\u3046\u306b\u3001DPC\u304c\u63d0\u4f9b\u3059\u308b\u30b5\u30fc\u30d3\u30b9\u3092\u5229\u7528\u3059\u308b\u3053\u3068\u304c\u3067\u304d\u308b\u3088\u3046\u306b\u306a\u308a\u307e\u3059\u3002\u3053\u306e\u3088\u3046\u306a\u5834\u5408\u3001\u30aa\u30d9\u30b9\u30c6\u30a3\u30ed\u30fb\u30aa\u30f3\u30fb\u30b6\u30bb\u30d6\u30ce\u30b9\u30c6\u30a3\u306f\u3001\u653f\u6cbb\u3084\u30c9\u30ad\u30e5\u30e1\u30f3\u30c6\u30fc\u30b7\u30e7\u30f3\u3092\u884c\u3046\u3053\u3068\u306b\u306a\u308b\u3002<\/p><p><strong>\u30dd\u30d9\u30b6\u30cb\u30fb\u30c9\u30af\u30e1\u30f3\u30c6\u30a3<\/strong><\/p><ul><li>\u30dd\u30ea\u30c6\u30a3\u30ab\u30fb\u30f4\u30a1\u30ed\u30f4\u30a1\u30cb\u30a2\u30fb\u30aa\u30bb\u30d6\u30cb\u30fb\u30dd\u30c0\u30c8\u30b3\u30d5<\/li><li>\u30aa\u30bb\u30d6\u30f3\u30fb\u30dd\u30c0\u30c8\u30b3\u30d5\u30fb\u30dd\u30ea\u30b7\u30c1\u30ab\uff08e-po\u0161ti et al osebno\uff09<\/li><li>(\u4f46\u3057\u3001e-po\u0161ti\u3068osebno\u306f\u9664\u304f)<\/li><li>\"\u9707\u707d\u5fa9\u8208\u652f\u63f4<\/li><li>(\u82f1\u8a9e)<\/li><li>\u8a66\u5408\u65e5\u7a0b<\/li><li>\u4e16\u754c\u30c8\u30c3\u30d7\u30af\u30e9\u30b9\u306e\u30ac\u30e9\u30b9\u5de5\u5834<\/li><\/ul><p>\u30c1\u30a7\u30ea\u30a7\u30012025\u5e743\u670827\u65e5\u3001<\/p><p>Ver.\u30c9\u30af\u30e1\u30f3\u30bf1.0<\/p><\/div><\/div><\/div><\/div><\/div><\/section><\/div><\/div>\t\t\t\t\t\t\t\t<\/div>\n\t\t\t\t<\/div>\n\t\t\t\t\t<\/div>\n\t\t<\/div>\n\t\t\t\t\t<\/div>\n\t\t<\/section>\n\t\t\t\t<\/div>","protected":false},"excerpt":{"rendered":"<p>Politika zasebnosti KAJ POTREBUJEMO Na\u0161a politika varovanja osebnih podatkov ureja uporabo in shranjevanje podatkov. Politiko varovanja osebnih podatkov si lahko ogledate na strani Obvestilo o zasebnosti (priloga spodaj). MARCELINO d.o.o., Kranj\u010deva ulica 4, 3000 Celje je upravljalec osebnih podatkov, ki jih posreduje (subjekt podatkov: vi, kupec, obiskovalec itd.). Zbiramo naslednje vrste osebnih podatkov: E-mail naslov; Ime in Priimek, Naslov, E-naslov in Telefonska \u0161tevilka; Podatke o pla\u010dilnih sredstvih, kot so podatki kreditnih ali pla\u010dilnih kartic, Paypal in ostali na\u010dini pla\u010dil; Kopije osebnih dokumentov, ki potrdijo to\u010dnost osebnih podatkov; Pi\u0161kotke; Google Analytics in Yandex ter Cloudflare sledenje obiska; Povezave z osebnimi profili na socialnih skupinah. Vsak osebni podatek po vrsti podatka pridobimo [&hellip;]<\/p>","protected":false},"author":1,"featured_media":0,"parent":0,"menu_order":0,"comment_status":"closed","ping_status":"closed","template":"","meta":{"_seopress_robots_primary_cat":"","_seopress_titles_title":"","_seopress_titles_desc":"","_seopress_robots_index":"","ocean_post_layout":"full-screen","ocean_both_sidebars_style":"","ocean_both_sidebars_content_width":0,"ocean_both_sidebars_sidebars_width":0,"ocean_sidebar":"0","ocean_second_sidebar":"0","ocean_disable_margins":"enable","ocean_add_body_class":"","ocean_shortcode_before_top_bar":"","ocean_shortcode_after_top_bar":"","ocean_shortcode_before_header":"","ocean_shortcode_after_header":"","ocean_has_shortcode":"","ocean_shortcode_after_title":"","ocean_shortcode_before_footer_widgets":"","ocean_shortcode_after_footer_widgets":"","ocean_shortcode_before_footer_bottom":"","ocean_shortcode_after_footer_bottom":"","ocean_display_top_bar":"default","ocean_display_header":"default","ocean_header_style":"transparent","ocean_center_header_left_menu":"0","ocean_custom_header_template":"0","ocean_custom_logo":0,"ocean_custom_retina_logo":0,"ocean_custom_logo_max_width":0,"ocean_custom_logo_tablet_max_width":0,"ocean_custom_logo_mobile_max_width":0,"ocean_custom_logo_max_height":0,"ocean_custom_logo_tablet_max_height":0,"ocean_custom_logo_mobile_max_height":0,"ocean_header_custom_menu":"0","ocean_menu_typo_font_family":"0","ocean_menu_typo_font_subset":"","ocean_menu_typo_font_size":0,"ocean_menu_typo_font_size_tablet":0,"ocean_menu_typo_font_size_mobile":0,"ocean_menu_typo_font_size_unit":"px","ocean_menu_typo_font_weight":"","ocean_menu_typo_font_weight_tablet":"","ocean_menu_typo_font_weight_mobile":"","ocean_menu_typo_transform":"","ocean_menu_typo_transform_tablet":"","ocean_menu_typo_transform_mobile":"","ocean_menu_typo_line_height":0,"ocean_menu_typo_line_height_tablet":0,"ocean_menu_typo_line_height_mobile":0,"ocean_menu_typo_line_height_unit":"","ocean_menu_typo_spacing":0,"ocean_menu_typo_spacing_tablet":0,"ocean_menu_typo_spacing_mobile":0,"ocean_menu_typo_spacing_unit":"","ocean_menu_link_color":"","ocean_menu_link_color_hover":"","ocean_menu_link_color_active":"","ocean_menu_link_background":"","ocean_menu_link_hover_background":"","ocean_menu_link_active_background":"","ocean_menu_social_links_bg":"","ocean_menu_social_hover_links_bg":"","ocean_menu_social_links_color":"","ocean_menu_social_hover_links_color":"","ocean_disable_title":"on","ocean_disable_heading":"default","ocean_post_title":"","ocean_post_subheading":"","ocean_post_title_style":"","ocean_post_title_background_color":"","ocean_post_title_background":0,"ocean_post_title_bg_image_position":"","ocean_post_title_bg_image_attachment":"","ocean_post_title_bg_image_repeat":"","ocean_post_title_bg_image_size":"","ocean_post_title_height":0,"ocean_post_title_bg_overlay":0.5,"ocean_post_title_bg_overlay_color":"","ocean_disable_breadcrumbs":"default","ocean_breadcrumbs_color":"","ocean_breadcrumbs_separator_color":"","ocean_breadcrumbs_links_color":"","ocean_breadcrumbs_links_hover_color":"","ocean_display_footer_widgets":"default","ocean_display_footer_bottom":"default","ocean_custom_footer_template":"0","footnotes":""},"class_list":["post-1282","page","type-page","status-publish","hentry","entry"],"_links":{"self":[{"href":"https:\/\/easytask.si\/ja\/wp-json\/wp\/v2\/pages\/1282","targetHints":{"allow":["GET"]}}],"collection":[{"href":"https:\/\/easytask.si\/ja\/wp-json\/wp\/v2\/pages"}],"about":[{"href":"https:\/\/easytask.si\/ja\/wp-json\/wp\/v2\/types\/page"}],"author":[{"embeddable":true,"href":"https:\/\/easytask.si\/ja\/wp-json\/wp\/v2\/users\/1"}],"replies":[{"embeddable":true,"href":"https:\/\/easytask.si\/ja\/wp-json\/wp\/v2\/comments?post=1282"}],"version-history":[{"count":4,"href":"https:\/\/easytask.si\/ja\/wp-json\/wp\/v2\/pages\/1282\/revisions"}],"predecessor-version":[{"id":1287,"href":"https:\/\/easytask.si\/ja\/wp-json\/wp\/v2\/pages\/1282\/revisions\/1287"}],"wp:attachment":[{"href":"https:\/\/easytask.si\/ja\/wp-json\/wp\/v2\/media?parent=1282"}],"curies":[{"name":"wp","href":"https:\/\/api.w.org\/{rel}","templated":true}]}}