{"id":1288,"date":"2025-03-27T15:54:47","date_gmt":"2025-03-27T15:54:47","guid":{"rendered":"https:\/\/easytask.si\/?page_id=1288"},"modified":"2026-03-23T18:20:21","modified_gmt":"2026-03-23T18:20:21","slug":"kolofon","status":"publish","type":"page","link":"https:\/\/easytask.si\/ja\/kolofon\/","title":{"rendered":"Kolofon"},"content":{"rendered":"<div data-elementor-type=\"wp-page\" data-elementor-id=\"1288\" class=\"elementor elementor-1288\" data-elementor-post-type=\"page\">\n\t\t\t\t\t\t<section class=\"elementor-section elementor-top-section elementor-element elementor-element-23cd4f0 elementor-section-boxed elementor-section-height-default elementor-section-height-default\" data-id=\"23cd4f0\" data-element_type=\"section\" id=\"about\" data-settings=\"{&quot;background_background&quot;:&quot;gradient&quot;}\">\n\t\t\t\t\t\t<div class=\"elementor-container elementor-column-gap-default\">\n\t\t\t\t\t<div class=\"elementor-column elementor-col-100 elementor-top-column elementor-element elementor-element-9f48ae0\" data-id=\"9f48ae0\" data-element_type=\"column\">\n\t\t\t<div class=\"elementor-widget-wrap elementor-element-populated\">\n\t\t\t\t\t\t<div class=\"elementor-element elementor-element-6d7bb30 elementor-widget elementor-widget-heading\" data-id=\"6d7bb30\" data-element_type=\"widget\" data-widget_type=\"heading.default\">\n\t\t\t\t<div class=\"elementor-widget-container\">\n\t\t\t\t\t<h2 class=\"elementor-heading-title elementor-size-default\">\u30a4\u30f3\u30d7\u30ec\u30c3\u30b5<\/h2>\t\t\t\t<\/div>\n\t\t\t\t<\/div>\n\t\t\t\t<div class=\"elementor-element elementor-element-0c8563b elementor-widget elementor-widget-text-editor\" data-id=\"0c8563b\" data-element_type=\"widget\" data-widget_type=\"text-editor.default\">\n\t\t\t\t<div class=\"elementor-widget-container\">\n\t\t\t\t\t\t\t\t\t<div class=\"entry-content\"><div class=\"elementor elementor-47\" data-elementor-type=\"wp-page\" data-elementor-id=\"47\"><section class=\"elementor-section elementor-top-section elementor-element elementor-element-5dfb266a elementor-section-boxed elementor-section-height-default elementor-section-height-default\" data-id=\"5dfb266a\" data-element_type=\"section\"><div class=\"elementor-container elementor-column-gap-default\"><div class=\"elementor-column elementor-col-100 elementor-top-column elementor-element elementor-element-987f1e5\" data-id=\"987f1e5\" data-element_type=\"column\"><div class=\"elementor-widget-wrap elementor-element-populated\"><div class=\"elementor-element elementor-element-21a4f6de elementor-widget elementor-widget-text-editor\" data-id=\"21a4f6de\" data-element_type=\"widget\" data-widget_type=\"text-editor.default\"><div class=\"elementor-widget-container\"><p><br \/>E\u30e1\u30fc\u30eb\uff1ainfo@easytask.com<br \/>\u813e\u81d3\u306e\u72b6\u614b: https:\/\/easytask.si\/<\/p><table><tbody><tr valign=\"top\"><td width=\"165\">Naziv:<\/td><td><b><span id=\"ctl00_ContentPlaceHolder_Naziv\">MARCELINO TECHNOLOGIES, POSLOVNO SVETOVANJE, D.O.O.<\/span><\/b><\/td><\/tr><tr id=\"ctl00_ContentPlaceHolder_NazivKratekRow\" valign=\"top\"><td width=\"165\">Kratek naziv:<\/td><td><b><span id=\"ctl00_ContentPlaceHolder_NazivKratek\">Marcelino Technologies, d.o.o.<\/span><\/b><\/td><\/tr><tr valign=\"top\"><td>Naslov:<\/td><td><b><span id=\"ctl00_ContentPlaceHolder_Naslov\" class=\"podjetjeNaslov\">HODO\u0160 81, 9205 HODO\u0160 &#8211; HODOS<\/span><\/b><\/td><\/tr><tr valign=\"top\"><td>Status:<\/td><td><b><span id=\"ctl00_ContentPlaceHolder_Status\">Pravna oseba<\/span><\/b><\/td><\/tr><tr valign=\"top\"><td><span id=\"ctl00_ContentPlaceHolder_DavcnaStevilkaNaziv\">DDV ID<\/span>:<\/td><td><b><span id=\"ctl00_ContentPlaceHolder_DavcnaStevilka\">SI86939041<\/span><\/b><\/td><\/tr><tr valign=\"top\"><td>Mati\u010dna \u0161tevilka:<\/td><td><b><span id=\"ctl00_ContentPlaceHolder_MaticnaStevilka\">7395884000<\/span><\/b><\/td><\/tr><tr valign=\"top\"><td>Datum registracije za DDV:<\/td><td><b><span id=\"ctl00_ContentPlaceHolder_DatumRegistracije\">20.12.2025<\/span><\/b><\/td><\/tr><tr valign=\"top\"><td>\u0160ifra dejavnosti:<\/td><td><b><span id=\"ctl00_ContentPlaceHolder_Dejavnost\">70.200 (Drugo podjetni\u0161ko in poslovno svetovanje)<\/span><\/b><\/td><\/tr><tr valign=\"top\"><td>\u00a0<\/td><td>\u00a0<\/td><\/tr><\/tbody><\/table><p><br \/><br \/>Aktivni transakcijski ra\u010duni:<\/p><div><table id=\"ctl00_ContentPlaceHolder_TransakcijskiRacuni\" border=\"0\" cellspacing=\"1\" cellpadding=\"1\"><tbody><tr><td>\u0160t. ra\u010duna<\/td><td>Vrsta<\/td><td>Banka<\/td><td>Odprt<\/td><\/tr><tr><td>10100-0063375915<\/td><td><a href=\"http:\/\/www.ajpes.si\/Registri\/Transakcijski_racuni\/Oznake_vrst_ra%C4%8Dunov?id=597\" target=\"_blank\" rel=\"noopener\">T<\/a><\/td><td>Banka Intesa Sanpaolo<\/td><td>04.12.2025<\/td><\/tr><\/tbody><\/table><\/div><p>\u3053\u306e\u3088\u3046\u306a\u5834\u5408\u3001\u5009\u5eab\u306b\u4fdd\u7ba1\u3059\u308b\u5fc5\u8981\u304c\u3042\u308a\u307e\u3059\u3002<\/p><p>\u540d\u524d<br \/>\u767b\u9332\u306f\u3001\u767b\u9332\u3055\u308c\u305f\u767b\u9332\u8005\u306e\u307f\u304c\u884c\u3046\u3053\u3068\u304c\u3067\u304d\u307e\u3059\u3002\u767b\u9332\u304c\u5b8c\u4e86\u3059\u308b\u3068\u3001\u767b\u9332\u306f\u5b8c\u4e86\u3057\u307e\u3059\u3002<br \/>Ne odgovarjamo za morebitne tipkarske napake, pridr\u017eujemo si pravico, da kadarkoli in brez predhodnega obvestila spremenimo vsebino, v kolikor ta ni v skladu z na\u0161o politiko podjetja.<\/p><p>\u30d7\u30e9\u30f4\u30a3\u30ab\u30fb\u30a6\u30dd\u30e9\u30d9<br \/>\u7523\u696d\u754c\u3084\u56fd\u969b\u7684\u306a\u30d3\u30b8\u30cd\u30b9\u30b7\u30fc\u30f3\u306b\u304a\u3044\u3066\u3001\u4f01\u696d\u3084\u7d44\u7e54\u306f\u3001\u305d\u306e\u3088\u3046\u306a\u30d3\u30b8\u30cd\u30b9\u30e2\u30c7\u30eb\u3092\u69cb\u7bc9\u3059\u308b\u5fc5\u8981\u304c\u3042\u308a\u307e\u3059\u3002\u672c\u30b5\u30a4\u30c8\u306f\u3001\u672c\u30b5\u30a4\u30c8\u306b\u63b2\u8f09\u3055\u308c\u305f\u60c5\u5831\u3092\u3001\u8907\u88fd\u3001\u516c\u958b\u3001\u4f7f\u7528\u8a31\u8afe\u3001\u30e9\u30a4\u30bb\u30f3\u30b9\u3001\u307e\u305f\u306f\u305d\u306e\u4ed6\u306e\u65b9\u6cd5\u3067\u4f7f\u7528\u3059\u308b\u3053\u3068\u3092\u7981\u3058\u307e\u3059\u3002<\/p><p>\u30d7\u30ec\u30fc\u30aa\u30d5<br \/>\u3053\u306e\u3088\u3046\u306a\u5730\u57df\u306b\u306f\u3001\u69d8\u3005\u306a\u30b9\u30dd\u30fc\u30c4\u304c\u3042\u308a\u307e\u3059\u3002\u305d\u306e\u3088\u3046\u306a\u5834\u5408\u3001\u305d\u306e\u3088\u3046\u306a\u5730\u57df\u306f\u3001\u305d\u306e\u3088\u3046\u306a\u5730\u57df\u7279\u6709\u306e\u4e8b\u60c5\u306b\u5de6\u53f3\u3055\u308c\u308b\u3053\u3068\u306b\u306a\u308a\u307e\u3059\u3002\u3053\u306e\u3088\u3046\u306a\u5834\u5408\u3001\u6700\u7d42\u7684\u306a\u8a66\u5408\u7d42\u4e86\u307e\u3067\u3001\u30d7\u30ec\u30fc\u3092\u7d9a\u3051\u308b\u3053\u3068\u304c\u3067\u304d\u307e\u305b\u3093\u3002<br \/>\u3053\u306e\u3088\u3046\u306a\u72b6\u6cc1\u4e0b\u3067\u3001\u9078\u624b\u305f\u3061\u306f\u3001\u9078\u624b\u3068\u3057\u3066\u306e\u81ea\u899a\u3092\u6301\u3061\u3001\u9078\u624b\u3068\u3057\u3066\u306e\u81ea\u899a\u3092\u6301\u3061\u3001\u9078\u624b\u3068\u3057\u3066\u306e\u81ea\u899a\u3092\u5931\u308f\u306a\u3044\u3088\u3046\u306b\u3057\u306a\u3051\u308c\u3070\u306a\u3089\u306a\u3044\u3002<\/p><p>\u30c6\u30ce\u30ed\u30b7\u30e5\u30ab\u30fb\u30a4\u30ba\u30fb\u30d9\u30c9\u30d0<br \/>\u3053\u306e\u30d7\u30ed\u30b8\u30a7\u30af\u30c8\u306f\u3001\u30d7\u30ed\u30b0\u30e9\u30de\u30fc\u3068\u3001\u305d\u306e\u30d7\u30ed\u30b8\u30a7\u30af\u30c8\u306b\u8ca2\u732e\u3059\u308b\u30a8\u30fc\u30b8\u30a7\u30f3\u30b7\u30fc\u306b\u3088\u3063\u3066\u69cb\u6210\u3055\u308c\u3066\u3044\u307e\u3059\u3002<\/p><\/div><\/div><\/div><\/div><\/div><\/section><\/div><\/div>\t\t\t\t\t\t\t\t<\/div>\n\t\t\t\t<\/div>\n\t\t\t\t\t<\/div>\n\t\t<\/div>\n\t\t\t\t\t<\/div>\n\t\t<\/section>\n\t\t\t\t<\/div>","protected":false},"excerpt":{"rendered":"<p>Impresum E-mail: info@easytask.comSpletna stran: https:\/\/easytask.si\/ Naziv: MARCELINO TECHNOLOGIES, POSLOVNO SVETOVANJE, D.O.O. Kratek naziv: Marcelino Technologies, d.o.o. Naslov: HODO\u0160 81, 9205 HODO\u0160 &#8211; HODOS Status: Pravna oseba DDV ID: SI86939041 Mati\u010dna \u0161tevilka: 7395884000 Datum registracije za DDV: 20.12.2025 \u0160ifra dejavnosti: 70.200 (Drugo podjetni\u0161ko in poslovno svetovanje) \u00a0 \u00a0 Aktivni transakcijski ra\u010duni: \u0160t. ra\u010duna Vrsta Banka Odprt 10100-0063375915 T Banka Intesa Sanpaolo 04.12.2025 Spletne strani smo pripravili sami skupaj z izvajalcem spletnih storitev. Namen spletnih straniPodatki na spletni strani so predstavitvene narave s podro\u010dja osnovne dejavnosti za katere smo registrirani. Zavezujemo se, da so podatki na spletnem mestu resni\u010dni, zanesljivi in kakovostni.Ne odgovarjamo za morebitne tipkarske napake, pridr\u017eujemo si pravico, da kadarkoli [&hellip;]<\/p>","protected":false},"author":1,"featured_media":0,"parent":0,"menu_order":0,"comment_status":"closed","ping_status":"closed","template":"","meta":{"_seopress_robots_primary_cat":"","_seopress_titles_title":"","_seopress_titles_desc":"","_seopress_robots_index":"","ocean_post_layout":"full-screen","ocean_both_sidebars_style":"","ocean_both_sidebars_content_width":0,"ocean_both_sidebars_sidebars_width":0,"ocean_sidebar":"0","ocean_second_sidebar":"0","ocean_disable_margins":"enable","ocean_add_body_class":"","ocean_shortcode_before_top_bar":"","ocean_shortcode_after_top_bar":"","ocean_shortcode_before_header":"","ocean_shortcode_after_header":"","ocean_has_shortcode":"","ocean_shortcode_after_title":"","ocean_shortcode_before_footer_widgets":"","ocean_shortcode_after_footer_widgets":"","ocean_shortcode_before_footer_bottom":"","ocean_shortcode_after_footer_bottom":"","ocean_display_top_bar":"default","ocean_display_header":"default","ocean_header_style":"transparent","ocean_center_header_left_menu":"0","ocean_custom_header_template":"0","ocean_custom_logo":0,"ocean_custom_retina_logo":0,"ocean_custom_logo_max_width":0,"ocean_custom_logo_tablet_max_width":0,"ocean_custom_logo_mobile_max_width":0,"ocean_custom_logo_max_height":0,"ocean_custom_logo_tablet_max_height":0,"ocean_custom_logo_mobile_max_height":0,"ocean_header_custom_menu":"0","ocean_menu_typo_font_family":"0","ocean_menu_typo_font_subset":"","ocean_menu_typo_font_size":0,"ocean_menu_typo_font_size_tablet":0,"ocean_menu_typo_font_size_mobile":0,"ocean_menu_typo_font_size_unit":"px","ocean_menu_typo_font_weight":"","ocean_menu_typo_font_weight_tablet":"","ocean_menu_typo_font_weight_mobile":"","ocean_menu_typo_transform":"","ocean_menu_typo_transform_tablet":"","ocean_menu_typo_transform_mobile":"","ocean_menu_typo_line_height":0,"ocean_menu_typo_line_height_tablet":0,"ocean_menu_typo_line_height_mobile":0,"ocean_menu_typo_line_height_unit":"","ocean_menu_typo_spacing":0,"ocean_menu_typo_spacing_tablet":0,"ocean_menu_typo_spacing_mobile":0,"ocean_menu_typo_spacing_unit":"","ocean_menu_link_color":"","ocean_menu_link_color_hover":"","ocean_menu_link_color_active":"","ocean_menu_link_background":"","ocean_menu_link_hover_background":"","ocean_menu_link_active_background":"","ocean_menu_social_links_bg":"","ocean_menu_social_hover_links_bg":"","ocean_menu_social_links_color":"","ocean_menu_social_hover_links_color":"","ocean_disable_title":"on","ocean_disable_heading":"default","ocean_post_title":"","ocean_post_subheading":"","ocean_post_title_style":"","ocean_post_title_background_color":"","ocean_post_title_background":0,"ocean_post_title_bg_image_position":"","ocean_post_title_bg_image_attachment":"","ocean_post_title_bg_image_repeat":"","ocean_post_title_bg_image_size":"","ocean_post_title_height":0,"ocean_post_title_bg_overlay":0.5,"ocean_post_title_bg_overlay_color":"","ocean_disable_breadcrumbs":"default","ocean_breadcrumbs_color":"","ocean_breadcrumbs_separator_color":"","ocean_breadcrumbs_links_color":"","ocean_breadcrumbs_links_hover_color":"","ocean_display_footer_widgets":"default","ocean_display_footer_bottom":"default","ocean_custom_footer_template":"0","footnotes":""},"class_list":["post-1288","page","type-page","status-publish","hentry","entry"],"_links":{"self":[{"href":"https:\/\/easytask.si\/ja\/wp-json\/wp\/v2\/pages\/1288","targetHints":{"allow":["GET"]}}],"collection":[{"href":"https:\/\/easytask.si\/ja\/wp-json\/wp\/v2\/pages"}],"about":[{"href":"https:\/\/easytask.si\/ja\/wp-json\/wp\/v2\/types\/page"}],"author":[{"embeddable":true,"href":"https:\/\/easytask.si\/ja\/wp-json\/wp\/v2\/users\/1"}],"replies":[{"embeddable":true,"href":"https:\/\/easytask.si\/ja\/wp-json\/wp\/v2\/comments?post=1288"}],"version-history":[{"count":10,"href":"https:\/\/easytask.si\/ja\/wp-json\/wp\/v2\/pages\/1288\/revisions"}],"predecessor-version":[{"id":1610,"href":"https:\/\/easytask.si\/ja\/wp-json\/wp\/v2\/pages\/1288\/revisions\/1610"}],"wp:attachment":[{"href":"https:\/\/easytask.si\/ja\/wp-json\/wp\/v2\/media?parent=1288"}],"curies":[{"name":"wp","href":"https:\/\/api.w.org\/{rel}","templated":true}]}}