{"id":1295,"date":"2025-03-27T16:02:25","date_gmt":"2025-03-27T16:02:25","guid":{"rendered":"https:\/\/easytask.si\/?page_id=1295"},"modified":"2025-03-27T16:03:11","modified_gmt":"2025-03-27T16:03:11","slug":"splosni-pogoji","status":"publish","type":"page","link":"https:\/\/easytask.si\/ja\/splosni-pogoji\/","title":{"rendered":"(\u82f1\u8a9e)"},"content":{"rendered":"<div data-elementor-type=\"wp-page\" data-elementor-id=\"1295\" class=\"elementor elementor-1295\" data-elementor-post-type=\"page\">\n\t\t\t\t\t\t<section class=\"elementor-section elementor-top-section elementor-element elementor-element-23cd4f0 elementor-section-boxed elementor-section-height-default elementor-section-height-default\" data-id=\"23cd4f0\" data-element_type=\"section\" id=\"about\" data-settings=\"{&quot;background_background&quot;:&quot;gradient&quot;}\">\n\t\t\t\t\t\t<div class=\"elementor-container elementor-column-gap-default\">\n\t\t\t\t\t<div class=\"elementor-column elementor-col-100 elementor-top-column elementor-element elementor-element-9f48ae0\" data-id=\"9f48ae0\" data-element_type=\"column\">\n\t\t\t<div class=\"elementor-widget-wrap elementor-element-populated\">\n\t\t\t\t\t\t<div class=\"elementor-element elementor-element-6d7bb30 elementor-widget elementor-widget-heading\" data-id=\"6d7bb30\" data-element_type=\"widget\" data-widget_type=\"heading.default\">\n\t\t\t\t<div class=\"elementor-widget-container\">\n\t\t\t\t\t<h2 class=\"elementor-heading-title elementor-size-default\">(\u82f1\u8a9e)<\/h2>\t\t\t\t<\/div>\n\t\t\t\t<\/div>\n\t\t\t\t<div class=\"elementor-element elementor-element-0c8563b elementor-widget elementor-widget-text-editor\" data-id=\"0c8563b\" data-element_type=\"widget\" data-widget_type=\"text-editor.default\">\n\t\t\t\t<div class=\"elementor-widget-container\">\n\t\t\t\t\t\t\t\t\t<p>MARCELINO d.o.o.\u306f\u3001\u3053\u306e\u3088\u3046\u306a\u4f01\u696d\u3068\u3057\u3066\u3001https:\/\/easytask.si\/\u3002\u3053\u306e\u30b5\u30a4\u30c8\u3092\u3054\u5229\u7528\u306e\u969b\u306f\u3001\u4ee5\u4e0b\u306e\u70b9\u306b\u3054\u6ce8\u610f\u304f\u3060\u3055\u3044\u3002\u3053\u306e\u3088\u3046\u306a\u5834\u5408\u3001https:\/\/easytask.si\/\u3002<\/p><p>\"Podjetje\"\u3001\"Sebi\"\u3001\"Mi\"\u3001\"Na\u0161i\"\u3001\"Nas \"\u306f\u3001\u305d\u308c\u305e\u308c\u306e\u30dd\u30c3\u30c9\u30d8\u30c3 \u30b8\u3092\u8868\u793a\u3057\u307e\u3059\u3002\u300cStranka\", \"pogodbenice\" ali \"nas\" se se nana\u0161ajo tako na stranko kot na nas same.\u30b9\u30ed\u30d9\u30cb\u30a2\u8a9e\u306f\u3001\u5c02\u9580\u7528\u8a9e\u3084\u5c02\u9580\u7528\u8a9e\u306e\u4f7f\u7528\u6cd5\u3001\u7528\u8a9e\u96c6\u3001\u7528\u8a9e\u96c6\u3001\u304a\u3088\u3073\uff0f\u307e\u305f\u306f\uff0f\u307e\u305f\u306f\uff0f\u307e\u305f\u306f\uff0f\u307e\u305f\u306f\uff0f\u307e\u305f\u306f\uff0f\u307e\u305f\u306f\uff0f\u307e\u305f\u306f\uff0f\u307e\u305f\u306f\uff0f\u307e\u305f\u306f\uff0f\u307e\u305f\u306f\uff0f\u307e\u305f\u306f\uff0f\u307e\u305f\u306f\uff0f\u307e\u305f\u306f\uff0f\u307e\u305f\u306f\uff0f\u307e\u305f\u306f\uff0f\u307e\u305f\u306f\uff0f\u307e\u305f\u306f\uff0f\u307e\u305f\u306f\uff0f\u307e\u305f\u306f\uff0f\u307e\u305f\u306f\uff0f\u307e\u305f\u306f\uff0f\u307e\u305f\u306f\uff0f\u307e\u305f\u306f\uff0f\u307e\u305f\u306f\uff0f\u307e\u305f\u306f\uff0f\u307e\u305f\u306f\uff0f\u307e\u305f\u306f\uff0f\u307e\u305f\u306f\uff0f\u307e\u305f\u306f\uff0f\u307e\u305f\u306f\uff0f\u307e\u305f\u306f\uff0f\u307e\u305f\u306f\uff0f\u307e\u305f\u306f\uff0f\u307e\u305f\u306f\uff0f\u307e\u305f\u306f\uff0f\u307e\u305f\u306f\uff0f\u307e\u305f\u306f\uff0f\u307e\u305f\u306f\uff0f\u307e\u305f\u306f\uff0f\u307e\u305f\u306f<\/p><p><strong>\u30d4\u30b7\u30e5\u30b3\u30c4\u30ad<\/strong><\/p><p>\u813e\u81d3\u816b\u760d\u306e\u6cbb\u7642\u3002Z dostopom do https:\/\/easytask.si\/ ste se dogovorili za uporabo pi\u0161kotov v dogovoru s podjetjem MARCELINO d.o.o., in politiko zasebnosti na spletnem mestu.\u3053\u306e\u3088\u3046\u306a\u56fd\u969b\u7684\u306a\u53d6\u308a\u7d44\u307f\u304c\u3001\u30d4\u30b7\u30e5\u30b3\u30c3\u30c8\u3078\u306e\u652f\u63f4\u306b\u3064\u306a\u304c\u308b\u3068\u8003\u3048\u3066\u3044\u307e\u3059\u3002\u307e\u305f\u3001\u30d1\u30fc\u30c8\u30ca\u30fc\/\u30aa\u30b0 \u30e9\u30bb\u30d0\u30eb\u30fb\u30d1\u30fc\u30c8\u30ca\u30fc\u306f\u3001\u305d\u306e\u3088\u3046\u306a\u30d1\u30fc\u30c8\u30ca\u30fc\u3068\u306e\u95a2\u4fc2\u3092\u7dad\u6301\u3059\u308b\u5fc5\u8981\u304c\u3042\u308a\u307e\u3059\u3002<\/p><p><strong>\u30ea\u30bb\u30f3\u30ab<\/strong><\/p><p>MARCELINO d.o.o., in \/ ali dajalci licence za spletno mesto so lastniki pravic intelektualne lastnine za vse gradivo na https:\/\/easytask.si\/\u3002\u3053\u306e\u3088\u3046\u306a\u5834\u5408\u3001\u30e9\u30a4\u30bb\u30f3\u30b9\u306f\u7121\u52b9\u3068\u306a\u308a\u307e\u3059\u3002\u3053\u306e\u3088\u3046\u306a\u5834\u5408\u3001https:\/\/easytask.si\/ \u306b\u3042\u308b\u3088\u3046\u306a\u3001\u3088\u308a\u591a\u304f\u306e\u3001\u3088\u308a\u591a\u304f\u306e\u3001\u3088\u308a\u591a\u304f\u306e\u60c5\u5831\u3092\u63d0\u4f9b\u3057\u3066\u304f\u3060\u3055\u3044\u3002<\/p><p>\u30cd\u30fb\u30b9\u30e1\u30c6\uff1a<\/p><ul><li>Objavljati gradivo https:\/\/easytask.si\/brez dovoljenja.<\/li><li>https:\/\/easytask.si\/brez\u3002<\/li><li>https:\/\/easytask.si\/brez\u3002<\/li><li>Prerazporediti vsebino s https:\/\/easytask.si\/brez dovoljenja.<\/li><\/ul><p>\u3053\u306e\u30b9\u30dd\u30e9\u30fc\u30b8\u306f\u3001\u3053\u306e\u3088\u3046\u306a\u30b9\u30dd\u30fc\u30c4\u306b\u6700\u9069\u306a\u30aa\u30f3\u30b9\u306e\u30b9\u30dd\u30e9\u30fc\u30b8\u3067\u3059\u3002<\/p><p>\u30de\u30eb\u30bb\u30ea\u30fc\u30ce\u306f\u3001\u304a\u5ba2\u69d8\u306e\u3054\u8981\u671b\u306b\u304a\u5fdc\u3048\u3059\u308b\u305f\u3081\u3001\u4ee5\u4e0b\u306e\u30b5\u30fc\u30d3\u30b9\u3092\u63d0\u4f9b\u3057\u3066\u304a\u308a\u307e\u3059\u3002MARCELINO d.o.o.\u306f\u3001\u672c\u30a6\u30a7\u30d6\u30b5\u30a4\u30c8\u3078\u306e\u30b3\u30e1\u30f3\u30c8\u6295\u7a3f\u3092\u3001\u30d5\u30a3\u30eb\u30bf\u30ea\u30f3\u30b0\u3001\u8868\u793a\u3001\u524a\u9664\u3059\u308b\u3053\u3068\u306f\u3042\u308a\u307e\u305b\u3093\u3002\u30b3\u30e1\u30f3\u30c8\u306f\u3001MARCELINO d.o.o.\u3001\u5404\u4ee3\u7406\u5e97\u3001\u304a\u3088\u3073\/\u307e\u305f\u306f\u5404\u4ee3\u7406\u5e97\u306b\u3088\u3063\u3066\u7ba1\u7406\u3055\u308c\u3066\u3044\u307e\u3059\u3002\u3053\u306e\u30b3\u30e1\u30f3\u30c8\u306f\u3001\u3053\u306e\u30b5\u30a4\u30c8\u306b\u63b2\u8f09\u3055\u308c\u3066\u3044\u308b\u60c5\u5831\u3092\u63d0\u4f9b\u3059\u308b\u3082\u306e\u3067\u3059\u3002\u30de\u30eb\u30bb\u30ea\u30fc\u30ced.o.o.\u306f\u3001\u305d\u306e\u3088\u3046\u306a\u4f01\u696d\u3067\u3059\u3002<\/p><p>MARCELINO d.o.o.\u306f\u3001\u304a\u5ba2\u69d8\u306e\u3054\u610f\u898b\u3001\u3054\u611f\u60f3\u3001\u3054\u611f\u60f3\u306e\u6295\u7a3f\u3092\u304a\u5f85\u3061\u3057\u3066\u304a\u308a\u307e\u3059\u3002<\/p><p>\u30b8\u30e3\u30e0\u30c1\u30c6\u30fb\u30a4\u30f3\u30fb\u30a4\u30b8\u30e3\u30f4\u30ea\u30e3\u30c6\u3001\u30c0\uff1a<\/p><ul><li>\u3053\u306e\u3088\u3046\u306a\u5834\u5408\u3001\u3053\u306e\u3088\u3046\u306a\u30b3\u30e1\u30f3\u30c8\u3092\u6295\u7a3f\u3059\u308b\u3053\u3068\u304c\u3067\u304d\u307e\u3059\uff1b<\/li><li>\u3053\u306e\u30b3\u30e1\u30f3\u30c8\u306f\u3001\u56fd\u969b\u7684\u306a\u30d7\u30e9\u30af\u30c6\u30a3\u30b7\u30e7 \u30f3\u306b\u95a2\u3059\u308b\u3082\u306e\u3067\u306f\u3042\u308a\u307e\u305b\u3093\uff1b<\/li><li>\u3053\u306e\u30b3\u30e1\u30f3\u30c8\u6b04\u306f\u3001\u3053\u306e\u3088\u3046\u306a\u3001\u30d3\u30b8\u30cd\u30b9\u3001\u30b9\u30dd\u30fc\u30c4\u3001\u6587\u5316\u3001\u305d\u3057\u3066\u3001\u3053\u306e\u3088\u3046\u306a\u793e\u4f1a\u7684\u5730\u4f4d\u306e\u5411\u4e0a\u3092\u76ee\u6307\u3059\u4eba\u305f\u3061\u306e\u305f\u3081\u306e\u3082\u306e\u3067\u3059\uff1b<\/li><li>\u3053\u306e\u30b3\u30e1\u30f3\u30c8\u6b04\u306f\u3001\u30d3\u30b8\u30cd\u30b9\u30fb\u30d7\u30ed\u30c0\u30af\u30b7\u30e7 \u30f3\u3084\u30de\u30fc\u30b1\u30c6\u30a3\u30f3\u30b0\u30fb\u30d7\u30ed\u30c0\u30af\u30b7\u30e7 \u30f3\u3001\u3042\u308b\u3044\u306f\u30d3\u30b8\u30cd\u30b9\u30fb\u30d7\u30ed\u30c0\u30af\u30b7\u30e7 \u30f3\u3084\u30de\u30fc\u30b1\u30c6\u30a3\u30f3\u30b0\u30fb\u30d7\u30ed\u30c0\u30af\u30b7\u30e7 \u30f3\u3001\u3042\u308b\u3044\u306f\u30d3\u30b8\u30cd\u30b9\u30fb\u30d7\u30ed\u30c0\u30af\u30b7\u30e7 \u30f3\u3084\u30de\u30fc\u30b1\u30c6\u30a3\u30f3\u30b0\u30fb\u30d7\u30ed\u30c0\u30af\u30b7\u30e7 \u30f3\u306e\u305f\u3081\u306e\u3082\u306e\u3067\u3059\u3002<\/li><\/ul><p>MARCELINO d.o.o.\u306f\u3001\u3053\u306e\u30b5\u30a4\u30c8\u306e\u904b\u55b6\u3001\u7ba1\u7406\u3001\u66f4\u65b0\u3001\u304a\u3088\u3073\u30e1\u30c7\u30a3\u30a2\u3078\u306e\u30a2\u30af\u30bb\u30b9\u306b\u95a2\u3059\u308b\u30e9\u30a4\u30bb\u30f3\u30b9\u3092\u53d6\u5f97\u3057\u3066\u3044\u307e\u3059\u3002<\/p><p><strong>\"\u30ca\u30fc\u30d0\u30b9 \"\u306a\u751f\u6d3b<\/strong><\/p><p>Naslednje organizacije se lahko brez predhodnega pisnega dovoljenja povezujejo na na\u0161o spletno stran:<\/p><ul><li>\u30f4\u30e9\u30c9\u30cd\u30fb\u30a8\u30fc\u30b8\u30a7\u30f3\u30b7\u30fc<\/li><li>\u30a4\u30b9\u30ab\u30eb\u30cb\u30ad<\/li><li>\u521d\u5fc3\u8005\u3060\uff1b<\/li><li>\u3053\u306e\u3088\u3046\u306a\u8ca9\u58f2\u4ee3\u7406\u5e97\u3067\u306f\u3001\u8ca9\u58f2\u4ee3\u7406\u5e97\u3068\u3057\u3066\u3001\u8ca9\u58f2\u4ee3\u7406\u5e97\u3068\u3057\u3066\u3001\u8ca9\u58f2\u4ee3\u7406\u5e97\u3068\u3057\u3066\u3001\u8ca9\u58f2\u4ee3\u7406\u5e97\u3068\u3057\u3066\u3001\u8ca9\u58f2\u4ee3\u7406\u5e97\u3068\u3057\u3066\u3001\u8ca9\u58f2\u4ee3\u7406\u5e97\u3068\u3057\u3066\u3001\u8ca9\u58f2\u4ee3\u7406\u5e97\u3068\u3057\u3066\u306e\u5f79\u5272\u3092\u679c\u305f\u3059\u3053\u3068\u304c\u3067\u304d\u307e\u3059\u3002<\/li><li>akreditirana podjetja na celotnem sistemu, razen neprofitnih organizacij, dobrodelnih trgovskih centrov in dobrodelnih skupin za zbiranje sredstev, ki morda ne bodo hiperpovezave na na\u0161o spletno stran.<\/li><\/ul><p>\u3053\u306e\u7d44\u7e54\u3067\u306f\u3001\u4ee5\u4e0b\u306e\u3053\u3068\u3092\u884c\u3046\uff1a<\/p><p>\u30e2\u30eb\u30c7\u30a3\u30d6\u3067\u306f\u3001\u5404\u7d44\u7e54\u306e\u6d3b\u52d5\u72b6\u6cc1\u3092\u628a\u63e1\u3057\u3001\u305d\u306e\u6539\u5584\u306b\u52aa\u3081\u3066\u3044\u308b\uff1a<\/p><ul><li>\u3053\u306e\u30b5\u30a4\u30c8\u3067\u306f\u3001\u4ee5\u4e0b\u306e\u60c5\u5831\u3092\u63d0\u4f9b\u3057\u3066\u3044\u307e\u3059\uff1b<\/li><li>skupnost dot.com<\/li><li>\u307e\u305f\u3001\u7d44\u7e54\u7684\u306a\u904b\u55b6\u3092\u884c\u3046\u305f\u3081\u306b\u5fc5\u8981\u306a\u3001\u3055\u307e\u3056\u307e\u306a\u696d\u52d9\u304c\u3042\u308a\u307e\u3059\uff1b<\/li><li>\u30a4\u30e1\u30cb\u30b3\u30d5\u30fb\u30b9\u30d7\u30ec\u30c3\u30c4\u30cb\u30fb\u30c7\u30a3\u30b9\u30c8\u30ea\u30d3\u30e5\u30fc\u30bf\u30fc\uff1b<\/li><li>\u30a4\u30f3\u30bf\u30fc\u30cd\u30c3\u30c8\u3078\u306e\u30a2\u30af\u30bb\u30b9<\/li><li>\u30e9\u30c1\u30e5\u30ce\u30f4\u30a9\u3001\u30d7\u30e9\u30f4\u30cd\u3001\u30b9\u30f4\u30a7\u30c8\u30f4\u30a1\u30eb\u30cd\u30fb\u30c9\u30eb\u30b8\u30e5\u30f4\u30fb\u30a4\u30f3<\/li><li>(1)\u90a6\u984c\u306f\u300c\u90a6\u753b\u306e\u90a6\u984c\u300d\u3002<\/li><\/ul><p>\u307e\u305f\u3001\u6b21\u306e\u3088\u3046\u306a\u5834\u5408\u306b\u306f\u3001\u7d44\u7e54\u3068\u3057\u3066\u306e\u8cac\u4efb\u3092\u679c\u305f\u3059\u3082\u306e\u3068\u3059\u308b\uff1a(a)\u5f53\u8a72\u7d44\u7e54\u3078\u306e\u53c2\u52a0\u8005\u306f\u3001\u5f53\u8a72\u7d44\u7e54\u307e\u305f\u306f\u5f53\u8a72\u7d44\u7e54\u4ee5\u5916\u306e\u4fe1\u7528\u683c\u4ed8\u6a5f\u95a2\u3078\u306e\u53c2\u52a0\u3092\u62d2\u5426\u3055\u308c\u308b\u3053\u3068\u3001(b)\u5f53\u8a72\u7d44\u7e54 \u306f\u3001\u5f53\u8a72\u7d44\u7e54\u3078\u306e\u53c2\u52a0\u3092\u62d2\u5426\u3055\u308c\u308b\u3053\u3068\u3001(c)\u5f53\u8a72\u7d44\u7e54\u3078\u306e\u53c2\u52a0\u8005\u306f\u3001\u30de\u30eb\u30bb\u30ea\u30fc\u30ced.o.o.\u3078\u306e\u53c2\u52a0\u3092\u62d2\u5426\u3055\u308c\u308b\u3053\u3068\u3001(d)\u5f53\u8a72\u7d44\u7e54\u3078\u306e\u53c2\u52a0\u8005\u306f\u3001\u30de\u30eb\u30bb\u30ea\u30fc\u30ced.o.o.\u3078\u306e\u53c2\u52a0\u3092\u62d2\u5426\u3055\u308c\u308b\u3053\u3068\u3001\u307e\u305f\u3001(d)\u3053\u306e\u3088\u3046\u306a\u60c5\u5831\u3092\u63d0\u4f9b\u3059\u308b\u3053\u3068\u3002<\/p><p>(c)\u30de\u30eb\u30bb\u30ea\u30fc\u30ced.o.o.\u306b\u96fb\u5b50\u30e1\u30fc\u30eb\u3092\u9001\u4fe1\u3059\u308b\u3053\u3068\u3067\u3001\u305d\u306e\u3088\u3046\u306a\u96fb\u5b50\u30e1\u30fc\u30eb\u3092\u9001\u4fe1\u3059\u308b\u3053\u3068\u3067\u3001\u305d\u306e\u3088\u3046\u306a\u96fb\u5b50\u30e1\u30fc\u30eb\u3092\u9001\u4fe1\u3059\u308b\u3053\u3068\u3067\u3001\u305d\u306e\u3088\u3046\u306a\u96fb\u5b50\u30e1\u30fc\u30eb\u3092\u9001\u4fe1\u3059\u308b\u3053\u3068\u304c\u3067\u304d\u307e\u3059\u3002<\/p><p>\u3053\u306e\u30da\u30fc\u30b8\u3067\u306f\u3001\u3042\u306a\u305f\u306e\u30da\u30fc\u30b8\u3001\u7d44\u7e54\u3001\u9023\u7d61\u5148\u3001URL\u3001URL-javascript\u3001URL-javascript\u3001URL-javascript\u3001URL-javascript\u3001URL-javascript\u3001URL-javascript\u3001URL-javascript\u3001URL-javascript\u3001URL-javascript\u3001URL-javascript\u3001URL-javascript\u3001URL-javascript\u3001URL-javascript\u3001URL-javascript\u3001URL-javascript\u3001URL-javascript\u3001URL-javascript\u3001URL-javascript\u3001URL-javascript\u3001URL-javascript\u3001URL-javascript\u3001URL-javascript\u3001URL-javascript\u3001URL-javascript\u3001URL-javascript\u3001URL-javascript\u3001URL-javascript\u3092\u4f7f\u7528\u3059\u308b\u65b9\u6cd5\u306b\u3064\u3044\u3066\u8aac\u660e\u3057\u307e\u3059\u30022\uff5e3\u884c\u3067\u8868\u793a\u3057\u3066\u304f\u3060\u3055\u3044\u3002<\/p><p>\u3053\u306e\u3088\u3046\u306a\u7d44\u7e54\u7684\u306a\u53d6\u308a\u7d44\u307f\u306b\u3088\u308a\u3001\u56fd\u969b\u7684\u306a\u7af6\u4e89\u529b\u3092\u5f37\u5316\u3059\u308b\u3053\u3068\u304c\u3067\u304d\u307e\u3059\uff1a<\/p><ul><li>(\u6ce81)\u3053\u306e\u8a18\u4e8b\u306f\u3001\u65e5\u672c\u56fd\u5185\u3067\u306e\u8457\u4f5c\u6a29\u6cd5\u9055\u53cd\u306e\u7591\u3044\u3067\u4f5c\u6210\u3055\u308c\u305f\u3082\u306e\u3067\u3059\u3002<\/li><li>\"\u61a7\u308c\u306e\u5730 \"\u3067\u3001\"\u61a7\u308c\u306e\u5730 \"\u3067\u3042\u308b\u3053\u3068\u3092\u8a3c\u660e\u3059\u308b\u3002<\/li><li>\u3053\u306e\u3088\u3046\u306a\u5834\u5408\u3001\u3053\u306e\u3088\u3046\u306a\u5f0a\u5bb3\u304c\u767a\u751f\u3059\u308b\u53ef\u80fd\u6027\u304c\u3042\u308a\u307e\u3059\u3002<\/li><\/ul><p>\u30de\u30eb\u30bb\u30ea\u30fc\u30ced.o.o.\u306e\u30ed\u30b4\u306f\u3001\u3053\u306e\u30ed\u30b4\u3092\u4f7f\u7528\u3057\u305f\u3082\u306e\u3067\u3059\u3002<\/p><p><strong>i\u30d5\u30ec\u30fc\u30e0<\/strong><\/p><p>\u3057\u304b\u3057\u3001\u3053\u306e\u3088\u3046\u306a\u5927\u5c0f\u3055\u307e\u3056\u307e\u306a\u30b9\u30dd\u30fc\u30c4\u306e\u8a66\u5408\u306f\u3001\u8a66\u5408\u524d\u306b\u884c\u308f\u308c\u308b\u3053\u3068\u304c\u591a\u304f\u3001\u307e\u305f\u3001\u8a66\u5408\u5f8c\u306b\u884c\u308f\u308c\u308b\u8a66\u5408\u306f\u3001\u8a66\u5408\u524d\u306b\u884c\u308f\u308c\u308b\u3053\u3068\u304c\u591a\u3044\u3002<\/p><p><strong>\u30f4\u30bb\u30d3\u30f3\u30b9\u30ab\u30fb\u30aa\u30c9\u30b4\u30f4\u30a9\u30eb\u30ce\u30b9\u30c8<\/strong><\/p><p>\u3053\u306e\u3088\u3046\u306a\u3001\u4e9b\u7d30\u306a\u3053\u3068\u3067\u3042\u3063\u3066\u3082\u3001\u79c1\u305f\u3061\u306f\u3001\u3053\u306e\u3088\u3046\u306a\u7d20\u6674\u3089\u3057\u3044\u6a5f\u4f1a\u3092\u4e0e\u3048\u3066\u304f\u308c\u308b\u306e\u3067\u3059\u3002\u3053\u306e\u3088\u3046\u306a\u72b6\u6cc1\u4e0b\u3067\u306f\u3001\u79c1\u305f\u3061\u306f\u3001\u79c1\u305f\u3061\u81ea\u8eab\u306e\u610f\u601d\u3092\u5c0a\u91cd\u3057\u3001\u305d\u306e\u610f\u601d\u3092\u5c0a\u91cd\u3059\u308b\u5fc5\u8981\u304c\u3042\u308a\u307e\u3059\u3002<\/p><p><strong>\u30d7\u30ec\u30fc\u30aa\u30d5<\/strong><\/p><p>\u3053\u306e\u3088\u3046\u306a\u72b6\u6cc1\u4e0b\u3067\u306f\u3001\u3053\u306e\u3088\u3046\u306a\u5f0a\u5bb3\u304c\u767a\u751f\u3059\u308b\u53ef\u80fd\u6027\u304c\u3042\u308a\u307e\u3059\u3002\u3053\u306e\u3088\u3046\u306a\u653f\u6cbb\u7684\u306a\u554f\u984c\u306f\u3001\u653f\u6cbb\u7684\u306a\u554f\u984c\u3067\u3042\u308b\u3053\u3068\u306f\u8a00\u3046\u307e\u3067\u3082\u306a\u3044\u3002\u3057\u304b\u3057\u3001\u3053\u306e\u3088\u3046\u306a\u653f\u6cbb\u7684\u306a\u554f\u984c\u3092\u89e3\u6c7a\u3059\u308b\u305f\u3081\u306b\u306f\u3001\u653f\u6cbb\u7684\u306a\u67a0\u7d44\u307f\u304c\u5fc5\u8981\u3067\u3042\u308b\u3002<\/p><p><strong>\u5404\u90fd\u5e02\u306e\u89b3\u5149\u30b9\u30dd\u30c3\u30c8<\/strong><\/p><p>\u305d\u306e\u3088\u3046\u306a\u5834\u5408\u3001\u305d\u306e\u3088\u3046\u306a\u72b6\u6cc1\u4e0b\u3067\u3001\u305d\u306e\u3088\u3046\u306a\u72b6\u6cc1\u4e0b\u3067\u3001\u305d\u306e\u3088\u3046\u306a\u72b6\u6cc1\u4e0b\u3067\u3001\u305d\u306e\u3088\u3046\u306a\u72b6\u6cc1\u4e0b\u3067\u3001\u305d\u306e\u3088\u3046\u306a\u72b6\u6cc1\u3092\u4f5c\u308a\u51fa\u3059\u3053\u3068\u304c\u3067\u304d\u308b\u3002\u3053\u306e\u3088\u3046\u306a\u8a66\u5408\u306f\u3001\u8a66\u5408\u7d42\u4e86\u5f8c\u306b\u884c\u308f\u308c\u307e\u3059\u304c\u3001\u8a66\u5408\u7d42\u4e86\u5f8c\u306b\u884c\u308f\u308c\u308b\u8a66\u5408\u306f\u3001\u8a66\u5408\u7d42\u4e86\u5f8c\u306b\u884c\u308f\u308c\u307e\u3059\u3002\u3053\u306e\u3088\u3046\u306a\u5834\u5408\u3001\u305d\u306e\u3088\u3046\u306a\u4eba\u305f\u3061\u306f\u3001\u305d\u306e\u3088\u3046\u306a\u4eba\u305f\u3061\u306e\u305f\u3081\u306b\u3001\u305d\u306e\u3088\u3046\u306a\u4eba\u305f\u3061\u306e\u305f\u3081\u306b\u3001\u305d\u306e\u3088\u3046\u306a\u4eba\u305f\u3061\u306e\u305f\u3081\u306b\u3001\u305d\u306e\u3088\u3046\u306b\u3057\u306a\u3051\u308c\u3070\u306a\u3089\u306a\u3044\u3002<\/p><p><strong>\"\u30f4\u30a7\u30a4\u30e9\u30fc\u30c9\"\u30fb\"\u30f4\u30a7\u30a4\u30e9\u30fc\u30c9\"\u30fb\"\u30f4\u30a7\u30a4\u30e9\u30fc\u30c9\"\u30fb\"\u30f4\u30a7\u30a4\u30e9\u30fc\u30c9<\/strong><\/p><p>\u3053\u306e\u3088\u3046\u306a\u72b6\u6cc1\u306b\u304a\u3044\u3066\u3001\u79c1\u3069\u3082\u306f\u3001\u304a\u5ba2\u69d8\u306e\u3054\u5e0c\u671b\u306b\u6cbf\u3046\u3088\u3046\u3001\u69d8\u3005\u306a\u30b5\u30fc\u30d3\u30b9\u3092\u63d0\u4f9b\u3055\u305b\u3066\u3044\u305f\u3060\u304d\u307e\u3059\u3002\u3053\u306e\u3088\u3046\u306a\u5834\u5408\u3001\u3054\u4e0d\u4fbf\u3092\u304a\u304b\u3051\u3057\u307e\u3059\u304c\u3001\u3054\u4e86\u627f\u304f\u3060\u3055\u3044\uff1a<\/p><p>Omejitve in prepovedi odgovornosti, dolo\u010dene v tem oddelku in drugje v tej prepovedi: (a) veljajo v prej\u0161njem odstavku in (b) urejajo vse obveznosti, ki izhajajo iz izjave o omejitvi odgovornosti, vklju\u010dno s pogodbenimi obveznostmi, ki izhajajo iz pogodbe, od\u0161kodninsko in kr\u0161itve zakonske dol\u017enosti.<\/p><p>\u3053\u306e\u30da\u30fc\u30b8\u3067\u306f\u3001\u3053\u306e\u30da\u30fc\u30b8\u3067\u63d0\u4f9b\u3055\u308c\u308b\u60c5\u5831\u3001\u304a\u3088\u3073\u3053\u306e\u30da\u30fc\u30b8\u3067\u63d0\u4f9b\u3055\u308c\u308b\u30b9\u30c8\u30ec\u30fc\u30b8\u306b\u3064\u3044\u3066\u8aac\u660e\u3057\u307e\u3059\u3002<\/p><p><strong>\u30b9\u30dd\u30fc\u30c4\u306e\u305f\u3081\u306e\u30c8\u30ec\u30fc\u30cb\u30f3\u30b0<\/strong><\/p><p>\u30de\u30eb\u30bb\u30ea\u30fc\u30ce\u682a\u5f0f\u4f1a\u793e\u672c\u30d7\u30e9\u30c3\u30c8\u30d5\u30a9\u30fc\u30e0\u306f\u3001\u96fb \u5b50\u30c7\u30fc\u30bf\u30d9\u30fc\u30b9\u3092\u4f7f\u7528\u3057\u305f\u3001\u4efb\u610f\u306e\u30c7\u30fc\u30bf\u30d9\u30fc\u30b9\u306e\u3082\u306e\u3067\u3059\u3002http:\/\/ec.europa.eu\/odr. Zakona oizvensodnem re\u0161evanju potro\u0161ni\u0161ki h sporov, Uredbe (EU) \u1e6d.524\/2013 Evropskega parlamenta in Sveta o spletnem re\u0161evanju potro\u0161ni\u0161kih sporov ter spremembi Uredbe (ES) \u0161t.2016\/2004 in Direktive 200.<\/p>\t\t\t\t\t\t\t\t<\/div>\n\t\t\t\t<\/div>\n\t\t\t\t\t<\/div>\n\t\t<\/div>\n\t\t\t\t\t<\/div>\n\t\t<\/section>\n\t\t\t\t<\/div>","protected":false},"excerpt":{"rendered":"<p>Splo\u0161ni pogoji Ti pogoji opisujejo pravila in predpise za uporabo za spletnega mesta MARCELINO d.o.o., ki se nahaja na https:\/\/easytask.si\/ in vse njene poddomene. Z dostopom do tega spletnega mesta predpostavljamo, da sprejemate te pogoje. Ne nadaljujte z uporabo\u00a0https:\/\/easytask.si\/, \u010de se ne strinjate z vsemi pogoji, navedenimi na tej strani. Naslednja terminologija se nana\u0161a na te pogoje in pogoje, izjavo o zasebnosti in obvestilo o odpovedi odgovornosti in vse dogovore: \u201cstranka\u201d, \u201cvi\u201d in \u201cva\u0161\u201d se nana\u0161a na vas, osebe, ki se prijavite na tej spletni strani in je skladna s pogoji dru\u017ebe. \u201cPodjetje\u201d, \u201cSebi\u201d, \u201cMi\u201d, \u201cNa\u0161i\u201d in \u201cNas\u201d se nana\u0161ajo na na\u0161e podjetje. \u201cStranka\u201d, \u201cpogodbenice\u201d ali \u201cnas\u201d se nana\u0161ajo tako [&hellip;]<\/p>","protected":false},"author":1,"featured_media":0,"parent":0,"menu_order":0,"comment_status":"closed","ping_status":"closed","template":"","meta":{"_seopress_robots_primary_cat":"","_seopress_titles_title":"","_seopress_titles_desc":"","_seopress_robots_index":"","ocean_post_layout":"full-screen","ocean_both_sidebars_style":"","ocean_both_sidebars_content_width":0,"ocean_both_sidebars_sidebars_width":0,"ocean_sidebar":"0","ocean_second_sidebar":"0","ocean_disable_margins":"enable","ocean_add_body_class":"","ocean_shortcode_before_top_bar":"","ocean_shortcode_after_top_bar":"","ocean_shortcode_before_header":"","ocean_shortcode_after_header":"","ocean_has_shortcode":"","ocean_shortcode_after_title":"","ocean_shortcode_before_footer_widgets":"","ocean_shortcode_after_footer_widgets":"","ocean_shortcode_before_footer_bottom":"","ocean_shortcode_after_footer_bottom":"","ocean_display_top_bar":"default","ocean_display_header":"default","ocean_header_style":"transparent","ocean_center_header_left_menu":"0","ocean_custom_header_template":"0","ocean_custom_logo":0,"ocean_custom_retina_logo":0,"ocean_custom_logo_max_width":0,"ocean_custom_logo_tablet_max_width":0,"ocean_custom_logo_mobile_max_width":0,"ocean_custom_logo_max_height":0,"ocean_custom_logo_tablet_max_height":0,"ocean_custom_logo_mobile_max_height":0,"ocean_header_custom_menu":"0","ocean_menu_typo_font_family":"0","ocean_menu_typo_font_subset":"","ocean_menu_typo_font_size":0,"ocean_menu_typo_font_size_tablet":0,"ocean_menu_typo_font_size_mobile":0,"ocean_menu_typo_font_size_unit":"px","ocean_menu_typo_font_weight":"","ocean_menu_typo_font_weight_tablet":"","ocean_menu_typo_font_weight_mobile":"","ocean_menu_typo_transform":"","ocean_menu_typo_transform_tablet":"","ocean_menu_typo_transform_mobile":"","ocean_menu_typo_line_height":0,"ocean_menu_typo_line_height_tablet":0,"ocean_menu_typo_line_height_mobile":0,"ocean_menu_typo_line_height_unit":"","ocean_menu_typo_spacing":0,"ocean_menu_typo_spacing_tablet":0,"ocean_menu_typo_spacing_mobile":0,"ocean_menu_typo_spacing_unit":"","ocean_menu_link_color":"","ocean_menu_link_color_hover":"","ocean_menu_link_color_active":"","ocean_menu_link_background":"","ocean_menu_link_hover_background":"","ocean_menu_link_active_background":"","ocean_menu_social_links_bg":"","ocean_menu_social_hover_links_bg":"","ocean_menu_social_links_color":"","ocean_menu_social_hover_links_color":"","ocean_disable_title":"on","ocean_disable_heading":"default","ocean_post_title":"","ocean_post_subheading":"","ocean_post_title_style":"","ocean_post_title_background_color":"","ocean_post_title_background":0,"ocean_post_title_bg_image_position":"","ocean_post_title_bg_image_attachment":"","ocean_post_title_bg_image_repeat":"","ocean_post_title_bg_image_size":"","ocean_post_title_height":0,"ocean_post_title_bg_overlay":0.5,"ocean_post_title_bg_overlay_color":"","ocean_disable_breadcrumbs":"default","ocean_breadcrumbs_color":"","ocean_breadcrumbs_separator_color":"","ocean_breadcrumbs_links_color":"","ocean_breadcrumbs_links_hover_color":"","ocean_display_footer_widgets":"default","ocean_display_footer_bottom":"default","ocean_custom_footer_template":"0","footnotes":""},"class_list":["post-1295","page","type-page","status-publish","hentry","entry"],"_links":{"self":[{"href":"https:\/\/easytask.si\/ja\/wp-json\/wp\/v2\/pages\/1295","targetHints":{"allow":["GET"]}}],"collection":[{"href":"https:\/\/easytask.si\/ja\/wp-json\/wp\/v2\/pages"}],"about":[{"href":"https:\/\/easytask.si\/ja\/wp-json\/wp\/v2\/types\/page"}],"author":[{"embeddable":true,"href":"https:\/\/easytask.si\/ja\/wp-json\/wp\/v2\/users\/1"}],"replies":[{"embeddable":true,"href":"https:\/\/easytask.si\/ja\/wp-json\/wp\/v2\/comments?post=1295"}],"version-history":[{"count":4,"href":"https:\/\/easytask.si\/ja\/wp-json\/wp\/v2\/pages\/1295\/revisions"}],"predecessor-version":[{"id":1299,"href":"https:\/\/easytask.si\/ja\/wp-json\/wp\/v2\/pages\/1295\/revisions\/1299"}],"wp:attachment":[{"href":"https:\/\/easytask.si\/ja\/wp-json\/wp\/v2\/media?parent=1295"}],"curies":[{"name":"wp","href":"https:\/\/api.w.org\/{rel}","templated":true}]}}