{"id":1288,"date":"2025-03-27T15:54:47","date_gmt":"2025-03-27T15:54:47","guid":{"rendered":"https:\/\/easytask.si\/?page_id=1288"},"modified":"2026-03-23T18:20:21","modified_gmt":"2026-03-23T18:20:21","slug":"kolofon","status":"publish","type":"page","link":"https:\/\/easytask.si\/ko\/kolofon\/","title":{"rendered":"\ucf5c\ub85c\ud3f0"},"content":{"rendered":"<div data-elementor-type=\"wp-page\" data-elementor-id=\"1288\" class=\"elementor elementor-1288\" data-elementor-post-type=\"page\">\n\t\t\t\t\t\t<section class=\"elementor-section elementor-top-section elementor-element elementor-element-23cd4f0 elementor-section-boxed elementor-section-height-default elementor-section-height-default\" data-id=\"23cd4f0\" data-element_type=\"section\" id=\"about\" data-settings=\"{&quot;background_background&quot;:&quot;gradient&quot;}\">\n\t\t\t\t\t\t<div class=\"elementor-container elementor-column-gap-default\">\n\t\t\t\t\t<div class=\"elementor-column elementor-col-100 elementor-top-column elementor-element elementor-element-9f48ae0\" data-id=\"9f48ae0\" data-element_type=\"column\">\n\t\t\t<div class=\"elementor-widget-wrap elementor-element-populated\">\n\t\t\t\t\t\t<div class=\"elementor-element elementor-element-6d7bb30 elementor-widget elementor-widget-heading\" data-id=\"6d7bb30\" data-element_type=\"widget\" data-widget_type=\"heading.default\">\n\t\t\t\t<div class=\"elementor-widget-container\">\n\t\t\t\t\t<h2 class=\"elementor-heading-title elementor-size-default\">Impresum<\/h2>\t\t\t\t<\/div>\n\t\t\t\t<\/div>\n\t\t\t\t<div class=\"elementor-element elementor-element-0c8563b elementor-widget elementor-widget-text-editor\" data-id=\"0c8563b\" data-element_type=\"widget\" data-widget_type=\"text-editor.default\">\n\t\t\t\t<div class=\"elementor-widget-container\">\n\t\t\t\t\t\t\t\t\t<div class=\"entry-content\"><div class=\"elementor elementor-47\" data-elementor-type=\"wp-page\" data-elementor-id=\"47\"><section class=\"elementor-section elementor-top-section elementor-element elementor-element-5dfb266a elementor-section-boxed elementor-section-height-default elementor-section-height-default\" data-id=\"5dfb266a\" data-element_type=\"section\"><div class=\"elementor-container elementor-column-gap-default\"><div class=\"elementor-column elementor-col-100 elementor-top-column elementor-element elementor-element-987f1e5\" data-id=\"987f1e5\" data-element_type=\"column\"><div class=\"elementor-widget-wrap elementor-element-populated\"><div class=\"elementor-element elementor-element-21a4f6de elementor-widget elementor-widget-text-editor\" data-id=\"21a4f6de\" data-element_type=\"widget\" data-widget_type=\"text-editor.default\"><div class=\"elementor-widget-container\"><p><br \/>\uc774\uba54\uc77c: info@easytask.com<br \/>\uc2a4\ud50c\ub808\ud2b8\ub098 \uc2a4\ud2b8\ub780: https:\/\/easytask.si\/<\/p><table><tbody><tr valign=\"top\"><td width=\"165\">Naziv:<\/td><td><b><span id=\"ctl00_ContentPlaceHolder_Naziv\">MARCELINO TECHNOLOGIES, POSLOVNO SVETOVANJE, D.O.O.<\/span><\/b><\/td><\/tr><tr id=\"ctl00_ContentPlaceHolder_NazivKratekRow\" valign=\"top\"><td width=\"165\">Kratek naziv:<\/td><td><b><span id=\"ctl00_ContentPlaceHolder_NazivKratek\">Marcelino Technologies, d.o.o.<\/span><\/b><\/td><\/tr><tr valign=\"top\"><td>Naslov:<\/td><td><b><span id=\"ctl00_ContentPlaceHolder_Naslov\" class=\"podjetjeNaslov\">HODO\u0160 81, 9205 HODO\u0160 &#8211; HODOS<\/span><\/b><\/td><\/tr><tr valign=\"top\"><td>Status:<\/td><td><b><span id=\"ctl00_ContentPlaceHolder_Status\">Pravna oseba<\/span><\/b><\/td><\/tr><tr valign=\"top\"><td><span id=\"ctl00_ContentPlaceHolder_DavcnaStevilkaNaziv\">DDV ID<\/span>:<\/td><td><b><span id=\"ctl00_ContentPlaceHolder_DavcnaStevilka\">SI86939041<\/span><\/b><\/td><\/tr><tr valign=\"top\"><td>Mati\u010dna \u0161tevilka:<\/td><td><b><span id=\"ctl00_ContentPlaceHolder_MaticnaStevilka\">7395884000<\/span><\/b><\/td><\/tr><tr valign=\"top\"><td>Datum registracije za DDV:<\/td><td><b><span id=\"ctl00_ContentPlaceHolder_DatumRegistracije\">20.12.2025<\/span><\/b><\/td><\/tr><tr valign=\"top\"><td>\u0160ifra dejavnosti:<\/td><td><b><span id=\"ctl00_ContentPlaceHolder_Dejavnost\">70.200 (Drugo podjetni\u0161ko in poslovno svetovanje)<\/span><\/b><\/td><\/tr><tr valign=\"top\"><td>\u00a0<\/td><td>\u00a0<\/td><\/tr><\/tbody><\/table><p><br \/><br \/>Aktivni transakcijski ra\u010duni:<\/p><div><table id=\"ctl00_ContentPlaceHolder_TransakcijskiRacuni\" border=\"0\" cellspacing=\"1\" cellpadding=\"1\"><tbody><tr><td>\u0160t. ra\u010duna<\/td><td>Vrsta<\/td><td>Banka<\/td><td>Odprt<\/td><\/tr><tr><td>10100-0063375915<\/td><td><a href=\"http:\/\/www.ajpes.si\/Registri\/Transakcijski_racuni\/Oznake_vrst_ra%C4%8Dunov?id=597\" target=\"_blank\" rel=\"noopener\">T<\/a><\/td><td>Banka Intesa Sanpaolo<\/td><td>04.12.2025<\/td><\/tr><\/tbody><\/table><\/div><p>\uc800\uc7a5 \uacf5\uac04\uc5d0 \uc800\uc7a5\ub41c \ubaa8\ub4e0 \ud30c\uc77c\uc740 \uc800\uc7a5\uc18c\uc5d0 \uc800\uc7a5\ub429\ub2c8\ub2e4.<\/p><p>\ub124\uba58 \uc2a4\ud50c\ub808\ud2b8\ub2c8 \uc2a4\ud2b8\ub77c\ub2c8<br \/>\ube44\ubc00\ubc88\ud638\ub97c \uc78a\uc5b4\ubc84\ub838\uc744 \uacbd\uc6b0 \ub4f1\ub85d\ud55c \ube44\ubc00\ubc88\ud638\ub85c \ub85c\uadf8\uc778\ud560 \uc218 \uc5c6\uc2b5\ub2c8\ub2e4. \ube44\ubc00\ubc88\ud638\ub97c \uc78a\uc5b4\ubc84\ub9ac\uba74 \ub2e4\uc2dc \ub85c\uadf8\uc778\ud560 \uc218 \uc5c6\uc2b5\ub2c8\ub2e4.<br \/>\ub354 \ub9ce\uc740 \uc815\ubcf4\ub97c \uc5bb\uae30 \uc704\ud574, \uc6b0\ub9ac\ub294 \ub354 \ube68\ub9ac, \ub354 \ub9ce\uc774, \ub354 \ub9ce\uc774, \ub354 \ube68\ub9ac, \ub354 \ub9ce\uc774, \ub354 \ube68\ub9ac, \ub354 \ube68\ub9ac, \ub354 \ube68\ub9ac, \ub354 \ube68\ub9ac, \ub354 \ube68\ub9ac, \ub354 \ube68\ub9ac, \ub354 \ube68\ub9ac, \ub354 \ube68\ub9ac, \ub354 \ube68\ub9ac, \ub354 \ube68\ub9ac, \ub354 \ube68\ub9ac, \ub354 \ube68\ub9ac, \ub354 \ube68\ub9ac, \ub354 \ube68\ub9ac, \ub354 \ube68\ub9ac, \ub354 \ube68\ub9ac, \ub354 \ube68\ub9ac, \ub354 \ube68\ub9ac, \ub354 \ube68\ub9ac, \ub354 \ube68\ub9ac, \ub354 \ube68\ub9ac, \ub354 \ube68\ub9ac, \ub354 \ube68\ub9ac, \ub354 \ube68\ub9ac, \ub354 \ube68\ub9ac, \ub354 \ube68\ub9ac, \ub354 \ube68\ub9ac, \ub354 \ube68\ub9ac, \ub354 \ube68\ub9ac, \ub354 \ube68\ub9ac, \ub354 \ube68\ub9ac, \ub354 \ube68\ub9ac, \ub354 \ube68\ub9ac, \ub354 \ube68\ub9ac, \ub354 \ube68\ub9ac, \ub354 \ube68\ub9ac, \ub354 \ube68\ub9ac, \ub354 \ube68\ub9ac, \ub354 \ube68\ub9ac, \ub354 \ube68\ub9ac, \ub354 \ube60\ub974\uac8c \uc6c0\uc9c1\uc5ec\uc57c \ud569\ub2c8\ub2e4.<\/p><p>\ud504\ub77c\ube44\uce74 \uc6b0\ud3ec\ub77c\ubca0<br \/>\ucd5c\uadfc 9\ub144 \ub3d9\uc548 \ub370\uc774\ud130 \ubd84\uc11d\uc740 \uc815\ubcf4 \uae30\uc220 \uc0b0\uc5c5\uc5d0\uc11c \uc911\uc694\ud55c \uc5ed\ud560\uc744 \ud588\uc2b5\ub2c8\ub2e4. \uc774 \uc815\ubcf4, \uc0ac\uc9c4, \uadf8\ub798\ud53d \uc694\uc18c \ubc0f \uae30\ud0c0 \uadf8\ub798\ud53d \uc694\uc18c\uc5d0 \ub300\ud55c \uc790\uc138\ud55c \ub0b4\uc6a9\uc740 \uc774 \uc6f9\uc0ac\uc774\ud2b8\uc5d0 \uac8c\uc2dc\ub418\uc5b4 \uc788\uc73c\uba70, \uc774\ub294 \uadc0\ud558\uc758 \ube44\uc988\ub2c8\uc2a4\uc5d0 \ub3c4\uc6c0\uc774 \ub420 \uc218 \uc788\uc2b5\ub2c8\ub2e4, \ubcf5\uc81c, \ubc30\ud3ec, \uc7ac\uc0dd\uc0b0, \uc7ac\ubc30\ud3ec, \ub77c\uc774\uc13c\uc2f1, \uc800\uc791\uad8c\uc790\uc758 \ud5c8\ub77d \uc5c6\uc774 \ubb34\ub2e8 \uc804\uc7ac, \ubcf5\uc0ac, \ubc30\ud3ec, \uc218\uc815 \ubc0f \uc7ac\ubc30\ud3ec\ub97c \uae08\uc9c0\ud569\ub2c8\ub2e4.<\/p><p>\uc774\uc804 \uac8c\uc2dc\ubb3c \ubcf4\uae30<br \/>\uc774 \uac8c\uc2dc\ubb3c\uc5d0 \ub300\ud55c \ubaa8\ub4e0 \ucc45\uc784\uc740 \uc0ac\uc6a9\uc790\uc5d0\uac8c \uc788\uc2b5\ub2c8\ub2e4. \uc774 \uac8c\uc2dc\ubb3c\uc5d0 \ub300\ud55c \uc790\uc138\ud55c \ub0b4\uc6a9\uc740 \uc774\uc804 \uac8c\uc2dc\ubb3c\uc5d0 \ub300\ud55c \uc790\uc138\ud55c \ub0b4\uc6a9\uc744 \ucc38\uc870\ud558\uc2dc\uae30 \ubc14\ub78d\ub2c8\ub2e4. \ub9c8\uc9c0\ub9c9 \uc5c5\ub370\uc774\ud2b8\uc5d0 \ub300\ud55c \uc790\uc138\ud55c \ub0b4\uc6a9\uc740 \ub2e4\uc74c \uc5c5\ub370\uc774\ud2b8\uc5d0\uc11c \ud655\uc778\ud560 \uc218 \uc788\uc2b5\ub2c8\ub2e4.<br \/>\uc800\ud76c\ub294 \ube60\ub978 \uc2dc\uc77c \ub0b4\ub85c \uc774 \ubb38\uc81c\ub97c \ud574\uacb0\ud560 \uc218 \uc788\ub3c4\ub85d \ucd5c\uc120\uc744 \ub2e4\ud558\uaca0\uc2b5\ub2c8\ub2e4.<\/p><p>\ud14c\ub180\ub85c\uc2a4\uce74 \uc774\uc988\ubca0\ubc14<br \/>\uc774 \uae00\uc740 \uc6f9\uc0ac\uc774\ud2b8\ub97c \uc81c\uc791\ud558\ub294 \uc5d0\uc774\uc804\uc2dc\uc758 \ud504\ub85c\uadf8\ub798\uba38\ub97c \uc704\ud55c \uac00\uc774\ub4dc\uc785\ub2c8\ub2e4.<\/p><\/div><\/div><\/div><\/div><\/div><\/section><\/div><\/div>\t\t\t\t\t\t\t\t<\/div>\n\t\t\t\t<\/div>\n\t\t\t\t\t<\/div>\n\t\t<\/div>\n\t\t\t\t\t<\/div>\n\t\t<\/section>\n\t\t\t\t<\/div>","protected":false},"excerpt":{"rendered":"<p>Impresum E-mail: info@easytask.comSpletna stran: https:\/\/easytask.si\/ Naziv: MARCELINO TECHNOLOGIES, POSLOVNO SVETOVANJE, D.O.O. Kratek naziv: Marcelino Technologies, d.o.o. Naslov: HODO\u0160 81, 9205 HODO\u0160 &#8211; HODOS Status: Pravna oseba DDV ID: SI86939041 Mati\u010dna \u0161tevilka: 7395884000 Datum registracije za DDV: 20.12.2025 \u0160ifra dejavnosti: 70.200 (Drugo podjetni\u0161ko in poslovno svetovanje) \u00a0 \u00a0 Aktivni transakcijski ra\u010duni: \u0160t. ra\u010duna Vrsta Banka Odprt [&hellip;]<\/p>","protected":false},"author":1,"featured_media":0,"parent":0,"menu_order":0,"comment_status":"closed","ping_status":"closed","template":"","meta":{"_seopress_robots_primary_cat":"","_seopress_titles_title":"","_seopress_titles_desc":"","_seopress_robots_index":"","ocean_post_layout":"full-screen","ocean_both_sidebars_style":"","ocean_both_sidebars_content_width":0,"ocean_both_sidebars_sidebars_width":0,"ocean_sidebar":"0","ocean_second_sidebar":"0","ocean_disable_margins":"enable","ocean_add_body_class":"","ocean_shortcode_before_top_bar":"","ocean_shortcode_after_top_bar":"","ocean_shortcode_before_header":"","ocean_shortcode_after_header":"","ocean_has_shortcode":"","ocean_shortcode_after_title":"","ocean_shortcode_before_footer_widgets":"","ocean_shortcode_after_footer_widgets":"","ocean_shortcode_before_footer_bottom":"","ocean_shortcode_after_footer_bottom":"","ocean_display_top_bar":"default","ocean_display_header":"default","ocean_header_style":"transparent","ocean_center_header_left_menu":"0","ocean_custom_header_template":"0","ocean_custom_logo":0,"ocean_custom_retina_logo":0,"ocean_custom_logo_max_width":0,"ocean_custom_logo_tablet_max_width":0,"ocean_custom_logo_mobile_max_width":0,"ocean_custom_logo_max_height":0,"ocean_custom_logo_tablet_max_height":0,"ocean_custom_logo_mobile_max_height":0,"ocean_header_custom_menu":"0","ocean_menu_typo_font_family":"0","ocean_menu_typo_font_subset":"","ocean_menu_typo_font_size":0,"ocean_menu_typo_font_size_tablet":0,"ocean_menu_typo_font_size_mobile":0,"ocean_menu_typo_font_size_unit":"px","ocean_menu_typo_font_weight":"","ocean_menu_typo_font_weight_tablet":"","ocean_menu_typo_font_weight_mobile":"","ocean_menu_typo_transform":"","ocean_menu_typo_transform_tablet":"","ocean_menu_typo_transform_mobile":"","ocean_menu_typo_line_height":0,"ocean_menu_typo_line_height_tablet":0,"ocean_menu_typo_line_height_mobile":0,"ocean_menu_typo_line_height_unit":"","ocean_menu_typo_spacing":0,"ocean_menu_typo_spacing_tablet":0,"ocean_menu_typo_spacing_mobile":0,"ocean_menu_typo_spacing_unit":"","ocean_menu_link_color":"","ocean_menu_link_color_hover":"","ocean_menu_link_color_active":"","ocean_menu_link_background":"","ocean_menu_link_hover_background":"","ocean_menu_link_active_background":"","ocean_menu_social_links_bg":"","ocean_menu_social_hover_links_bg":"","ocean_menu_social_links_color":"","ocean_menu_social_hover_links_color":"","ocean_disable_title":"on","ocean_disable_heading":"default","ocean_post_title":"","ocean_post_subheading":"","ocean_post_title_style":"","ocean_post_title_background_color":"","ocean_post_title_background":0,"ocean_post_title_bg_image_position":"","ocean_post_title_bg_image_attachment":"","ocean_post_title_bg_image_repeat":"","ocean_post_title_bg_image_size":"","ocean_post_title_height":0,"ocean_post_title_bg_overlay":0.5,"ocean_post_title_bg_overlay_color":"","ocean_disable_breadcrumbs":"default","ocean_breadcrumbs_color":"","ocean_breadcrumbs_separator_color":"","ocean_breadcrumbs_links_color":"","ocean_breadcrumbs_links_hover_color":"","ocean_display_footer_widgets":"default","ocean_display_footer_bottom":"default","ocean_custom_footer_template":"0","footnotes":""},"class_list":["post-1288","page","type-page","status-publish","hentry","entry"],"_links":{"self":[{"href":"https:\/\/easytask.si\/ko\/wp-json\/wp\/v2\/pages\/1288","targetHints":{"allow":["GET"]}}],"collection":[{"href":"https:\/\/easytask.si\/ko\/wp-json\/wp\/v2\/pages"}],"about":[{"href":"https:\/\/easytask.si\/ko\/wp-json\/wp\/v2\/types\/page"}],"author":[{"embeddable":true,"href":"https:\/\/easytask.si\/ko\/wp-json\/wp\/v2\/users\/1"}],"replies":[{"embeddable":true,"href":"https:\/\/easytask.si\/ko\/wp-json\/wp\/v2\/comments?post=1288"}],"version-history":[{"count":10,"href":"https:\/\/easytask.si\/ko\/wp-json\/wp\/v2\/pages\/1288\/revisions"}],"predecessor-version":[{"id":1610,"href":"https:\/\/easytask.si\/ko\/wp-json\/wp\/v2\/pages\/1288\/revisions\/1610"}],"wp:attachment":[{"href":"https:\/\/easytask.si\/ko\/wp-json\/wp\/v2\/media?parent=1288"}],"curies":[{"name":"wp","href":"https:\/\/api.w.org\/{rel}","templated":true}]}}