{"id":1295,"date":"2025-03-27T16:02:25","date_gmt":"2025-03-27T16:02:25","guid":{"rendered":"https:\/\/easytask.si\/?page_id=1295"},"modified":"2025-03-27T16:03:11","modified_gmt":"2025-03-27T16:03:11","slug":"splosni-pogoji","status":"publish","type":"page","link":"https:\/\/easytask.si\/lv\/splosni-pogoji\/","title":{"rendered":"Visp\u0101r\u0113jie nosac\u012bjumi"},"content":{"rendered":"<div data-elementor-type=\"wp-page\" data-elementor-id=\"1295\" class=\"elementor elementor-1295\" data-elementor-post-type=\"page\">\n\t\t\t\t\t\t<section class=\"elementor-section elementor-top-section elementor-element elementor-element-23cd4f0 elementor-section-boxed elementor-section-height-default elementor-section-height-default\" data-id=\"23cd4f0\" data-element_type=\"section\" id=\"about\" data-settings=\"{&quot;background_background&quot;:&quot;gradient&quot;}\">\n\t\t\t\t\t\t<div class=\"elementor-container elementor-column-gap-default\">\n\t\t\t\t\t<div class=\"elementor-column elementor-col-100 elementor-top-column elementor-element elementor-element-9f48ae0\" data-id=\"9f48ae0\" data-element_type=\"column\">\n\t\t\t<div class=\"elementor-widget-wrap elementor-element-populated\">\n\t\t\t\t\t\t<div class=\"elementor-element elementor-element-6d7bb30 elementor-widget elementor-widget-heading\" data-id=\"6d7bb30\" data-element_type=\"widget\" data-widget_type=\"heading.default\">\n\t\t\t\t<div class=\"elementor-widget-container\">\n\t\t\t\t\t<h2 class=\"elementor-heading-title elementor-size-default\">Visp\u0101r\u0113jie nosac\u012bjumi<\/h2>\t\t\t\t<\/div>\n\t\t\t\t<\/div>\n\t\t\t\t<div class=\"elementor-element elementor-element-0c8563b elementor-widget elementor-widget-text-editor\" data-id=\"0c8563b\" data-element_type=\"widget\" data-widget_type=\"text-editor.default\">\n\t\t\t\t<div class=\"elementor-widget-container\">\n\t\t\t\t\t\t\t\t\t<p>Ti nosac\u012bjumi aprakstujejo noteikumus un priek\u0161rakstus par lieto\u0161anu aiz spletnega pils\u0113tas MARCELINO d.o.o., kas atrodas uz https:\/\/easytask.si\/ un visas t\u0101s zem\u0113. Z dostopom do tega spletnega mesta predpostavljamo, da sprejemate te pogoje. Ne nadaljujte ar izmanto\u0161anu https:\/\/easytask.si\/, \u010de se ne strinjate ar visiem nosac\u012bjumiem, nor\u0101denimi uz \u0161o pusi.<\/p><p>Naslednja terminologija se nana\u0161a uz te nosac\u012bjumu in nosac\u012bjumu, izjavo o zasebnosti in informilo o odpovedi odgovornosti in vse dogovore: \"stranka\", \"vi\" in \"va\u0161\" se attiecas uz vas, osebe, ki se prijavite uz \u0161o interneta pusi in je skladna s pogoji dru\u017ebe. \"Podjetje\", \"Sebi\", \"Mi\", \"Na\u0161i\" un \"Nas\" se attiecas uz m\u016bsu uz\u0146\u0113mumu. \"Stranka\", \"pogodbenice\" ali \"nas\" se attiecas tako na stranko kot na nas same. Visi nosac\u012bjumi se attiecas uz pied\u0101v\u0101jumu, pie\u0146em\u0161anas in iev\u0113rojot dodr\u017eov\u00e1n\u00ed pla\u010dila, potrebnega za izvedbo postopka m\u016bsu pal\u012bdz\u012bbas stranki na najbolj piem\u0113rotaj\u0101 veid\u0101 z izrecnim namenom zadovoljevanja strankinih potreb po zagotavljanju min\u0113tajiem pakalpojumiem v skladu s in ob upo\u0161tevanju veljavnega prava Slovenije. Vsaka uporaba zgornje terminologije ali drugih besed v ednini, mno\u017eini, ilgtermi\u0146\u0101, ilgtermi\u0146\u0101 vai ar\u012b vi\u0146i se \u0161teje za zamenljivo in se tad attiecas uz isto.<\/p><p><strong>Pi\u0161kotki<\/strong><\/p><p>Spletno mesto uporablja pi\u0161kotke. Z dostopom do https:\/\/easytask.si\/ ste se dogovorili za izmanto\u0161anu pi\u0161kotkov v dogovoru ar uz\u0146\u0113mumu MARCELINO d.o.o., in politiko zasebnosti na spletnem mestu. Ve\u010dina interaktivnih spletnih strani izmanto pi\u0161kotke, s katerimi var ieg\u016btimo podrobnosti uporabnika za vsak apmekl. Pi\u0161kotke uporabljamo na \u043d\u0430\u0448\u0435 spletnem \u0433\u043e\u0440\u043e\u0434\u0435, da omogo\u010dimo funkcionalnost noteikto podro\u010dij in olaj\u0161amo izmanto\u0161anu za obiskovalce, ki obi\u0161\u010dejo na\u0161o spletno stran. Da\u017ei na\u0161i partnerski \/ ogla\u0161evalski partneri var izmantot ar\u012b pi\u0161kotke tretje puses.<\/p><p><strong>Licence<\/strong><\/p><p>\u010ce ni cit\u0101di nor\u0101d\u012bts, MARCELINO d.o.o., in \/ ali dajalci licence za spletno mesto so lastniki pravic intelektualne lastnine za vse gradivo na https:\/\/easytask.si\/. Vse ties\u012bbas intelektualne lastnine so pridr\u017eane. Do tega var piek\u013c\u016bt ar https:\/\/easytask.si\/ za savu person\u012bgo lieto\u0161anu, za kuras veljajo omejitve, noteiktas \u0161aj\u0101 laik\u0101.<\/p><p>Ne smete:<\/p><ul><li>Objavljati gradivo https:\/\/easytask.si\/brez dovoljenja.<\/li><li>Prodajati, izposojati ali podlicencirati gradivo s https:\/\/easytask.si\/brez dovoljenja.<\/li><li>Reproducirati, podvajati ali kopirati gradivo s https:\/\/easytask.si\/brez dovoljenja.<\/li><li>Prerazporediti satura s https:\/\/easytask.si\/brez dovoljenja.<\/li><\/ul><p>Ta sporazum s\u0101k veljati z dnem tega sporazuma oz. ob neposrednem prihodu na m\u016bsu spletno mesto.<\/p><p>Deli tega spletnega mesta lietotnikom pied\u0101v\u0101 prilo\u017enost par objavo in izmenjavo mnenj in inform\u0101cijas par noteiktajiem podro\u010djih spletnega mesta. MARCELINO d.o.o. ne filtrira, ne ureja, ne objavlja in ne pregleduje komentarjev pirms vi\u0146u kl\u0101tb\u016btnes uz spletnem pils\u0113t\u0101. Komentarji ne odra\u017eajo stali\u0161\u010d in mnenj dru\u017ebe MARCELINO d.o.o. , vi\u0146as agentov in \/ ali podru\u017enic. Komentarji odra\u017eajo stali\u0161\u010da in mnenja osebe, ki objavlja savu viedokli. V obsegu, ki ga at\u013cauj veljavna zakonodaja, MARCELINO d.o.o. , ne odgovarja za komentarje ali kakr\u0161no koli odgovornost, \u0161kodo ali stro\u0161ke, ki so nastali in \/ ali utrpeli d\u0113\u013c kakr\u0161ne koli uporabe in \/ ali objavljanja in \/ ali pojavljanja komentarjev uz \u0161\u012bs t\u012bmek\u013ca puses.<\/p><p>MARCELINO d.o.o. si pridr\u017euje pravico spremljati vse koment\u0101rje in odstraniti vse koment\u0101rje, ki se var \u0161tejejo par neprimerne, \u017ealjive ali izraisijo kr\u0161itev teh nosac\u012bjumu.<\/p><p>Jam\u010dite in izjavljate, da:<\/p><ul><li>ste sa\u0146\u0113meni do objavljanja komentarjev par m\u016bsu spletnem pils\u0113t\u0101 un esat par to nepiecie\u0161ama dovoljenja in soglasja;<\/li><li>komentarji ne posegajo v nobeno pravico intelektualne lastnine, vklju\u010dno z omejitvah autorskih pravic, patentov ali blagovnih znamk tre\u0161o personai;<\/li><li>koment\u0101ri ne satur nevienu obrekovalnega, klevetni\u0161ka, \u017ealjivega, nespodobnega ali kako cit\u0101di nezakonitega gradiva, kas ir vdor v zasebnost;<\/li><li>komentarji ne bodo izmantojljeni par zbiranje ali pospe\u0161evanje prodaje ali predstavitev komercialnih ali nezakonitih darb\u012bbu.<\/li><\/ul><p>S tem podeljujete MARCELINO d.o.o. neizklju\u010dno licenco za uporabo, razmno\u017eevanje, urejanje in poobla\u0161\u010danje drugih za izmanto\u0161anu, razmno\u017eevanje un urejanje j\u016bsu komentarjev v vseh formah, formah ali medijih.<\/p><p><strong>Hiperpovel\u0101\u017ea uz m\u016bsu satura<\/strong><\/p><p>Naslednje organiz\u0101cija se var bez iepriek\u0161\u0113ja rakstisk\u0101 dovoljenja savienojot uz m\u016bsu spletno pusi:<\/p><ul><li>Vladne a\u0123ent\u016bras;<\/li><li>iskalniki;<\/li><li>ies\u0101c\u0113jiem;<\/li><li>distributerji spletnih imenikov, kas se var savienojot uz m\u016bsu spletno stran na enak na\u010din kot hiperpovezava do spletnih mest citu uz\u0146\u0113mumu, kas kotirajo uz borzi in<\/li><li>akreditirana uz\u0146\u0113muma uz celotnem sistemu, iz\u0146emot neprofitnih organizacij, dobrodelnih trgovskih centrov in dobrodelnih grup za zbiranje sredstev, ki morda ne bodo hiperpovezave na na\u0161o spletno stran.<\/li><\/ul><p>Te organiz\u0101cija se var sasaist\u012bt uz m\u016bsu doma\u010do stran, publikcije ali citus datus o spletnem pils\u0113t\u0101, \u010de povezava: (a) nikakor ni varljiva; (b) ne pomeni napa\u010dno sponszoriranje, odobritve ali odobritve strani, ki je saist\u012bta, in njenih izstr\u0101d\u0101jumu in \/ ali pakalpojumu in (c) se prilega kontekstu spletnega mesta stranke, ki ga povezuje.<\/p><p>Morda bomo razmislili in odobrili citas pras\u012bbas par savienojumiem no n\u0101kamaj\u0101m organiz\u0101cij\u0101m:<\/p><ul><li>visp\u0101r\u0113ji zin\u0101mi viri pat\u0113r\u0113t\u0101ju in \/ ali poslovnih inform\u0101cijas;<\/li><li>skupnost dot.com<\/li><li>zdru\u017eenja ali druge grupas, kas veido labdar\u012bbas organiz\u0101cijas;<\/li><li>interneta distributerji imenikov;<\/li><li>interneta port\u0101li;<\/li><li>ra\u010dunovodske, pravne in svetovalne dru\u017ebe in<\/li><li>izobra\u017eevalne ustanove in trgovska zdru\u017eenja.<\/li><\/ul><p>Zahteve za saist\u012bbu teh organiz\u0101cijai bomo odobrili, \u010de se odlo\u010dimo, da: (a) d\u0113\u013c nas povezava ne bi bila videti neprimerno do sevis vai l\u012bdz m\u016bsu akreditiranih uz\u0146\u0113mumu; (b) organiz\u0101cija nima pie nas nek\u0101du negat\u012bvu ierakstu; (c) korist od prepoznavnosti hiperpovezave nam nadomesti odsotnost MARCELINO d.o.o., in d) ir savienota ar visp\u0101r\u0113jo inform\u0101ciju par virih.<\/p><p>Te organiz\u0101cij\u0101 se var sasaist\u012bt uz m\u016bsu doma\u010do pusi, kam\u0113r povezava: a) nikakor nav main\u012bga; b) ne pomeni napa\u010dno sponszoriranje, odobritve ali odobritve savienojo\u0161\u0101s puses un t\u0101s izstr\u0101d\u0101jumu vai pakalpojumu un c) se prilega kontekstu spletnega mesta stranke, ki ga savieno. \u010ce ste ena od organiza, na\u0161tetih zgoraj, in vas zanima povezava na m\u016bsu spletno mesto, nas morate informiti tako, da po\u0161ljete e-po\u0161to na Marcelino d.o.o. .<\/p><p>Prosimo, da navedete savu ime, ime organiz\u0101cijas, kontaktne podatke in ar\u012b URL j\u016bsu spletnega mesta, seznam vis\u0173 URL-jev, s kuru se nameravate savienot l\u012bdz m\u016bsu spletnega mesta, in seznam URL-jev na \u043d\u0430\u0448\u0435 spletnem \u0433\u043e\u0440\u043e\u0434\u0435, na kuras se v\u0113laties savienot. Po\u010dakajte 2-3 tedne za odgovor.<\/p><p>Potrjene organiz\u0101cija var hiperpovezavo uz m\u016bsu spletno mesto:<\/p><ul><li>z uporabo m\u016bsu nosaukuma uz\u0146\u0113muma ali<\/li><li>z uporabo enotnega lokatorja virov, kas ir saist\u012bti ali<\/li><li>z uporabo kura koli otr\u0101 apraksta m\u016bsu spletnega mesta, kas ir saist\u012bts ar tem, kar ir smiselno v kontekstu in obliki tre\u015bci na spletnem mesta stranke, ki ga povezuje.<\/li><\/ul><p>Za saist\u012bbu, \u010de ni licen\u010dne pogodbe o blagovni znamki, ne bo at\u013cauta izmanto\u0161ana logotipa MARCELINO d.o.o. ali druge tre\u015bci.<\/p><p><strong>iFrame<\/strong><\/p><p>Brez predhodne odobritve in pisnega dovoljenja na m\u016bsu spletnih straneh ne smete izveidjati radjati okvirjev, ki kakorkoli main\u012bju\u0161ies vizu\u0101li prezent\u0113jo\u0161i vai redzami m\u016bsu splet\u0113j\u0101 pils\u0113t\u0101.<\/p><p><strong>Vsebinska odgovornost<\/strong><\/p><p>Ne odgovarjamo za nobeno saturu, kas par\u0101d\u0101s uz j\u016bsu spletnem pils\u0113t\u0101. Strinjate se, da nas j\u016bs za\u0161\u010ditili un branili pirms visiem trditviem, ki se pojavljajo uz j\u016bsu interneta puses. Na nobenem spletnem mestu se ne smejo pojavljati nobene savienojumus, ki bi jih jih var razlagali kot la\u017ene, nespodobne ali kriminalne ali ki kr\u0161ijo, druga\u010de kr\u0161ijo ali zagovarjajo kr\u0161itev ali drugo kr\u0161itev pravic tre\u0161o personu.<\/p><p><strong>Pridr\u017eevanje pravic<\/strong><\/p><p>Pridr\u017eujemo si pravico, da zahtevamo, da odstranite visas savien\u012bbas ali kuras koli muito saist\u012bbu ar m\u016bsu m\u0101jas lapas. Sogla\u0161ate, da na zahtevo takoj odstranite vse saist\u012bbu do m\u016bsu spletnega mesta. Pridr\u017eujemo si ar\u012b pravico do amendment teh pogojev in pravil, ki savieno politiku kadar koli. Z nenehnim povezovanjem na \u043d\u0430\u0448 spletno stran se strinjate, da ste zavezani in sledite tem pogojem in pogojem.<\/p><p><strong>Odstranitev povezav z m\u016bsu m\u0101jas lapas<\/strong><\/p><p>\u010ce na \u043d\u0430\u0448 spletnem \u0433\u043e\u0440\u043e\u0434\u0435 atrod k\u0101duno saist\u012bbu, ki je iz kakr\u0161nega koli iemeslsa \u017ealjiva, se var kadar koli obrnete in nas obvestite. Upo\u0161tevali bomo zahtevo za odstranitev povezav, tom\u0113r nanje ne bomo dol\u017eni odgovoriti neposredno. Ne nodro\u0161ljamo, da so podatki na tej spletni strani pravilni, ne jam\u010dimo za njihovo popolnost ali to\u010dnost; prav tako ne obljubljamo, da bomo zagotovili, da bo spletno mesto ostalo na voljo ali da bo gradivo na spletnem mesta sprotno posodabljano.<\/p><p><strong>Izjava par ierobe\u017eotu atbild\u012bbu<\/strong><\/p><p>V did\u017eiausias mo\u017eni meri, ki jo at\u013cauj izmantot likumdo\u0161anu, izklju\u010dujemo vsa p\u0101rst\u0101vaja, garancije in pogoje v zvezi z m\u016bsu spletno stranjo in izmanto\u0161anu te spletne puses. Ni\u010d v tej zavrnitvi odgovornosti ne bo:<\/p><p>Omejitve in prepovedi atbild\u012bbu, noteiktas v tem oddelku in drugje v tej prepovedi: (Ja ir nepiecie\u0161ams, lai nov\u0113rstu to, ka tiek veiktas \u0161\u0101das darb\u012bbas: a) veljajo v prej\u0161njem odstavku in b) urejajo vse saist\u012bbas, kas izriet no izjave par omejitvi odgovornosti, ieskaitot s pogodbenimi oblig\u0101cij\u0101m, kas izriet no l\u012bguma, od\u0161kodninsko in kr\u0161itve zakonske dol\u017enosti.<\/p><p>Dokler spletno mesto ter informaci in storitve na spletnem mesta ne bodo na voljo brezpla\u010dno, ne bomo odgovarjali za kakr\u0161no koli izgubo ali \u0161kodo.<\/p><p><strong>Izvensodno re\u0161evanje potro\u0161ni\u0161kih sporov<\/strong><\/p><p>Dru\u017eba MARCELINO d.o.o. skladno z zakonskimi normativi ne priznava nikakr\u0161nega izpildalca \u0101rpussodnega re\u0161evanju pat\u0113r\u0113tni\u0161kih sporov kot pristojnega za re\u0161evanje pat\u0113r\u0113tni\u0161ka spora, ki bi ga pat\u0113r\u0113tnik var spro\u017eil v skladu z Zakonom o \u0101rpussodnem re\u0161evanju pat\u0113r\u0113tni\u0161kih sporov. Dru\u017eba kot ponudnik blaga in storitev na svoji spletni strani objavlja elektronsko saist\u012bbu na platformo za spletno re\u0161evanje potro\u0161ni\u0161kih sporov (SRPS). Platforma je na voljo potro\u0161nikom na elektroniskaj\u0101 savienojum\u0101 http:\/\/ec.europa.eu\/odr. Navedena ureditev izhaja no Zakona o izvensodnem re\u0161evanju potro\u0161ni\u0161kih sporov, Uredbe (EU) \u0161t. 524\/2013 Evropskega parlamenta in Sveta o spletnem re\u0161evanju potro\u0161ni\u0161kih sporov ter amending Uredbe (ES) \u0161t. 2016\/2004 in Direktive 200.<\/p>\t\t\t\t\t\t\t\t<\/div>\n\t\t\t\t<\/div>\n\t\t\t\t\t<\/div>\n\t\t<\/div>\n\t\t\t\t\t<\/div>\n\t\t<\/section>\n\t\t\t\t<\/div>","protected":false},"excerpt":{"rendered":"<p>Splo\u0161ni pogoji Ti pogoji opisujejo pravila in predpise za uporabo za spletnega mesta MARCELINO d.o.o., ki se nahaja na https:\/\/easytask.si\/ in vse njene poddomene. Z dostopom do tega spletnega mesta predpostavljamo, da sprejemate te pogoje. Ne nadaljujte z uporabo\u00a0https:\/\/easytask.si\/, \u010de se ne strinjate z vsemi pogoji, navedenimi na tej strani. Naslednja terminologija se nana\u0161a na [&hellip;]<\/p>","protected":false},"author":1,"featured_media":0,"parent":0,"menu_order":0,"comment_status":"closed","ping_status":"closed","template":"","meta":{"_seopress_robots_primary_cat":"","_seopress_titles_title":"","_seopress_titles_desc":"","_seopress_robots_index":"","ocean_post_layout":"full-screen","ocean_both_sidebars_style":"","ocean_both_sidebars_content_width":0,"ocean_both_sidebars_sidebars_width":0,"ocean_sidebar":"0","ocean_second_sidebar":"0","ocean_disable_margins":"enable","ocean_add_body_class":"","ocean_shortcode_before_top_bar":"","ocean_shortcode_after_top_bar":"","ocean_shortcode_before_header":"","ocean_shortcode_after_header":"","ocean_has_shortcode":"","ocean_shortcode_after_title":"","ocean_shortcode_before_footer_widgets":"","ocean_shortcode_after_footer_widgets":"","ocean_shortcode_before_footer_bottom":"","ocean_shortcode_after_footer_bottom":"","ocean_display_top_bar":"default","ocean_display_header":"default","ocean_header_style":"transparent","ocean_center_header_left_menu":"0","ocean_custom_header_template":"0","ocean_custom_logo":0,"ocean_custom_retina_logo":0,"ocean_custom_logo_max_width":0,"ocean_custom_logo_tablet_max_width":0,"ocean_custom_logo_mobile_max_width":0,"ocean_custom_logo_max_height":0,"ocean_custom_logo_tablet_max_height":0,"ocean_custom_logo_mobile_max_height":0,"ocean_header_custom_menu":"0","ocean_menu_typo_font_family":"0","ocean_menu_typo_font_subset":"","ocean_menu_typo_font_size":0,"ocean_menu_typo_font_size_tablet":0,"ocean_menu_typo_font_size_mobile":0,"ocean_menu_typo_font_size_unit":"px","ocean_menu_typo_font_weight":"","ocean_menu_typo_font_weight_tablet":"","ocean_menu_typo_font_weight_mobile":"","ocean_menu_typo_transform":"","ocean_menu_typo_transform_tablet":"","ocean_menu_typo_transform_mobile":"","ocean_menu_typo_line_height":0,"ocean_menu_typo_line_height_tablet":0,"ocean_menu_typo_line_height_mobile":0,"ocean_menu_typo_line_height_unit":"","ocean_menu_typo_spacing":0,"ocean_menu_typo_spacing_tablet":0,"ocean_menu_typo_spacing_mobile":0,"ocean_menu_typo_spacing_unit":"","ocean_menu_link_color":"","ocean_menu_link_color_hover":"","ocean_menu_link_color_active":"","ocean_menu_link_background":"","ocean_menu_link_hover_background":"","ocean_menu_link_active_background":"","ocean_menu_social_links_bg":"","ocean_menu_social_hover_links_bg":"","ocean_menu_social_links_color":"","ocean_menu_social_hover_links_color":"","ocean_disable_title":"on","ocean_disable_heading":"default","ocean_post_title":"","ocean_post_subheading":"","ocean_post_title_style":"","ocean_post_title_background_color":"","ocean_post_title_background":0,"ocean_post_title_bg_image_position":"","ocean_post_title_bg_image_attachment":"","ocean_post_title_bg_image_repeat":"","ocean_post_title_bg_image_size":"","ocean_post_title_height":0,"ocean_post_title_bg_overlay":0.5,"ocean_post_title_bg_overlay_color":"","ocean_disable_breadcrumbs":"default","ocean_breadcrumbs_color":"","ocean_breadcrumbs_separator_color":"","ocean_breadcrumbs_links_color":"","ocean_breadcrumbs_links_hover_color":"","ocean_display_footer_widgets":"default","ocean_display_footer_bottom":"default","ocean_custom_footer_template":"0","footnotes":""},"class_list":["post-1295","page","type-page","status-publish","hentry","entry"],"_links":{"self":[{"href":"https:\/\/easytask.si\/lv\/wp-json\/wp\/v2\/pages\/1295","targetHints":{"allow":["GET"]}}],"collection":[{"href":"https:\/\/easytask.si\/lv\/wp-json\/wp\/v2\/pages"}],"about":[{"href":"https:\/\/easytask.si\/lv\/wp-json\/wp\/v2\/types\/page"}],"author":[{"embeddable":true,"href":"https:\/\/easytask.si\/lv\/wp-json\/wp\/v2\/users\/1"}],"replies":[{"embeddable":true,"href":"https:\/\/easytask.si\/lv\/wp-json\/wp\/v2\/comments?post=1295"}],"version-history":[{"count":4,"href":"https:\/\/easytask.si\/lv\/wp-json\/wp\/v2\/pages\/1295\/revisions"}],"predecessor-version":[{"id":1299,"href":"https:\/\/easytask.si\/lv\/wp-json\/wp\/v2\/pages\/1295\/revisions\/1299"}],"wp:attachment":[{"href":"https:\/\/easytask.si\/lv\/wp-json\/wp\/v2\/media?parent=1295"}],"curies":[{"name":"wp","href":"https:\/\/api.w.org\/{rel}","templated":true}]}}