{"id":1282,"date":"2025-03-27T15:33:00","date_gmt":"2025-03-27T15:33:00","guid":{"rendered":"https:\/\/easytask.si\/?page_id=1282"},"modified":"2025-03-27T15:52:38","modified_gmt":"2025-03-27T15:52:38","slug":"politika-zasebnosti","status":"publish","type":"page","link":"https:\/\/easytask.si\/ru\/politika-zasebnosti\/","title":{"rendered":"\u041f\u043e\u043b\u0438\u0442\u0438\u043a\u0430 \u0437\u0430\u0441\u0435\u043a\u0440\u0435\u0447\u0438\u0432\u0430\u043d\u0438\u044f"},"content":{"rendered":"<div data-elementor-type=\"wp-page\" data-elementor-id=\"1282\" class=\"elementor elementor-1282\" data-elementor-post-type=\"page\">\n\t\t\t\t\t\t<section class=\"elementor-section elementor-top-section elementor-element elementor-element-23cd4f0 elementor-section-boxed elementor-section-height-default elementor-section-height-default\" data-id=\"23cd4f0\" data-element_type=\"section\" id=\"about\" data-settings=\"{&quot;background_background&quot;:&quot;gradient&quot;}\">\n\t\t\t\t\t\t<div class=\"elementor-container elementor-column-gap-default\">\n\t\t\t\t\t<div class=\"elementor-column elementor-col-100 elementor-top-column elementor-element elementor-element-9f48ae0\" data-id=\"9f48ae0\" data-element_type=\"column\">\n\t\t\t<div class=\"elementor-widget-wrap elementor-element-populated\">\n\t\t\t\t\t\t<div class=\"elementor-element elementor-element-6d7bb30 elementor-widget elementor-widget-heading\" data-id=\"6d7bb30\" data-element_type=\"widget\" data-widget_type=\"heading.default\">\n\t\t\t\t<div class=\"elementor-widget-container\">\n\t\t\t\t\t<h2 class=\"elementor-heading-title elementor-size-default\">\u041f\u043e\u043b\u0438\u0442\u0438\u043a\u0430 \u0437\u0430\u0441\u0435\u043a\u0440\u0435\u0447\u0438\u0432\u0430\u043d\u0438\u044f<\/h2>\t\t\t\t<\/div>\n\t\t\t\t<\/div>\n\t\t\t\t<div class=\"elementor-element elementor-element-0c8563b elementor-widget elementor-widget-text-editor\" data-id=\"0c8563b\" data-element_type=\"widget\" data-widget_type=\"text-editor.default\">\n\t\t\t\t<div class=\"elementor-widget-container\">\n\t\t\t\t\t\t\t\t\t<div class=\"entry-content\"><div class=\"elementor elementor-47\" data-elementor-type=\"wp-page\" data-elementor-id=\"47\"><section class=\"elementor-section elementor-top-section elementor-element elementor-element-5dfb266a elementor-section-boxed elementor-section-height-default elementor-section-height-default\" data-id=\"5dfb266a\" data-element_type=\"section\"><div class=\"elementor-container elementor-column-gap-default\"><div class=\"elementor-column elementor-col-100 elementor-top-column elementor-element elementor-element-987f1e5\" data-id=\"987f1e5\" data-element_type=\"column\"><div class=\"elementor-widget-wrap elementor-element-populated\"><div class=\"elementor-element elementor-element-21a4f6de elementor-widget elementor-widget-text-editor\" data-id=\"21a4f6de\" data-element_type=\"widget\" data-widget_type=\"text-editor.default\"><div class=\"elementor-widget-container\"><ol><li><strong>KAJ POTREBUJEMO<\/strong><\/li><\/ol><p>Na\u0161a politika varovanja osebnih podatkov ureja uporabo in shranjevanje podatkov. Politiko varovanja osebnih podatkov si lahko ogledate na strani Obvestilo o zasebnosti (priloga spodaj). MARCELINO d.o.o., Kranj\u010deva ulica 4, 3000 Celje je upravljalec osebnih podatkov, ki jih posreduje (subjekt podatkov: vi, kupec, obiskovalec itd.). Zbiramo naslednje vrste osebnih podatkov:<\/p><ul><li>\u042d\u043b\u0435\u043a\u0442\u0440\u043e\u043d\u043d\u0430\u044f \u043f\u043e\u0447\u0442\u0430 naslov;<\/li><li>Ime \u0432 Priimek, Naslov, E-naslov \u0432 Telefonska \u0161tevilka;<\/li><li>\u041f\u043e\u0434\u0430\u0442\u043a\u0435 \u043e \u043f\u043b\u0430\u0442\u0438\u043b\u044c\u043d\u044b\u0445 \u0441\u0440\u0435\u0434\u0441\u0432\u0430\u0445, \u043a\u043e\u0442 \u0442\u0430\u043a \u043f\u043e\u0434\u0430\u0442\u043a\u0438 \u043a\u0440\u0435\u0434\u0438\u0442\u043d\u044b\u0445 \u0430\u043b\u0438 \u043f\u043b\u0430\u0442\u0438\u043b\u044c\u043d\u044b\u0445 \u043a\u0430\u0440\u0442, Paypal \u0432 ostali na\u010dini \u043f\u043b\u0430\u0442\u0438\u043b\u044c;<\/li><li>\u041a\u043e\u043f\u0438\u0442\u0435 \u043e\u0441\u0435\u0431\u043d\u044b\u0435 \u0434\u043e\u043a\u0443\u043c\u0435\u043d\u0442\u044b, \u043a\u043e\u0442\u043e\u0440\u044b\u0435 \u043c\u043e\u0433\u0443\u0442 \u0431\u044b\u0442\u044c \u0438\u0441\u043f\u043e\u043b\u044c\u0437\u043e\u0432\u0430\u043d\u044b \u0434\u043b\u044f \u0441\u043e\u0437\u0434\u0430\u043d\u0438\u044f \u043e\u0441\u0435\u0431\u043d\u044b\u0445 \u043f\u043e\u0434\u0430\u0442\u043a\u043e\u0432;<\/li><li>\u041f\u0438\u0448\u043a\u043e\u0442\u043a\u0435;<\/li><li>Google Analytics \u0432 Yandex ter Cloudflare sledenje obiska;<\/li><li>Povezave z osebnimi profili na socialnih skupinah.<\/li><\/ul><p>Vsak osebni podatek po vrsti podatka pridobimo glede na nujnost in z lo\u010denim soglasjem.<\/p><ol start=\"2\"><li><strong>ZAKAJ JIH POTREBUJEMO<\/strong><\/li><\/ol><p>\u0412\u0430\u0448\u0435 \u043e\u0441\u0435\u0431\u043d\u043e\u0435 \u043f\u043e\u0434\u0430\u0442\u043a\u0435 \u043c\u043e\u0436\u0435\u0442 \u0431\u044b\u0442\u044c \u0438\u0441\u043f\u043e\u043b\u044c\u0437\u043e\u0432\u0430\u043d\u043e \u0432 \u043a\u0430\u0447\u0435\u0441\u0442\u0432\u0435 \u043e\u0441\u043d\u043e\u0432\u043d\u043e\u0433\u043e \u0445\u0440\u0430\u043d\u0438\u043b\u0438\u0449\u0430:<\/p><ol><li><ol><li>\u042d\u043b\u0435\u043a\u0442\u0440\u043e\u043d\u043d\u044b\u0439 \u0430\u0434\u0440\u0435\u0441 \u0437\u0430 \u043e\u0434\u043d\u043e\u0441\u0442\u043e\u0440\u043e\u043d\u043d\u0435\u0435 \u043e\u0431\u0449\u0435\u043d\u0438\u0435 \u043d\u0430 \u0432\u0430\u0448\u0443 \u044d\u043b\u0435\u043a\u0442\u0440\u043e\u043d\u043d\u0443\u044e \u043f\u043e\u0447\u0442\u0443 \u0441\u043f\u043e\u0440\u043e\u0447\u0438\u043b\u0430 \u0438 \u0441\u043f\u043e\u0440\u043e\u0447\u0438\u043b\u0430, \u043f\u043e\u0441\u043b\u0430\u043d\u0430 \u0434\u043e \u043a\u043e\u043d\u0442\u0430\u043a\u0442\u043d\u044b\u0445 \u043e\u0431\u0440\u0430\u0437\u043e\u0432;<\/li><li>E-mail naslov za po\u0161iljanje ponudb in e-novic;<\/li><li>Ime \u0432 Priimek, Naslov, E-naslov \u0432 Telefonska \u0161tevilka za sprejemanje rezervacij, povpra\u0161evanj in po\u0161iljanje ponudb ali v zvezi z izpolnitvijo drugih Va\u0161ih zahtev;<\/li><li>\u0418\u043c\u0435\u0435\u0442\u0441\u044f \u0432 \u043d\u0430\u043b\u0438\u0447\u0438\u0438 Priimek, Naslov, E-naslov \u0432 Telefonska \u0161tevilka \u0434\u043b\u044f \u043f\u043e\u043a\u0443\u043f\u043a\u0438 \u0434\u0430\u0440\u0438\u043b\u044c\u043d\u044b\u0445 \u0431\u043e\u043d\u043e\u0432, \u0432\u0430\u0443\u0447\u0435\u0440\u043e\u0432 \u0438 \u0445\u0440\u0430\u043d\u0438\u0442\u0435\u043b\u0435\u0439 \u0432 \u043c\u0430\u0433\u0430\u0437\u0438\u043d\u0430\u0445 \u0432 \u0437\u0432\u0435\u0437\u0434\u0430\u0445 z na\u0161o ponudbo;<\/li><li>\u041f\u043e\u0434\u0430\u0442\u043a\u0435 \u043e \u043f\u043b\u0430\u0447\u0438\u043b\u044c\u043d\u044b\u0445 \u0441\u0440\u0435\u0434\u0430\u0445 \u0432 \u043a\u043e\u043f\u0438\u044f\u0445 \u043e\u0441\u0435\u0431\u043d\u044b\u0445 \u0434\u043e\u043a\u0443\u043c\u0435\u043d\u0442\u043e\u0432 \u0437\u0430 \u0438\u0437\u0432\u0435\u0434\u0431\u043e \u0445\u0440\u0430\u043d\u0438\u0442\u0435\u043b\u0435\u0439;<\/li><li>E-mail \u0440\u0430\u0441\u0441\u044b\u043b\u043a\u0430 \u0437\u0430 \u0430\u0432\u0442\u043e\u043c\u0430\u0442\u0438\u0447\u0435\u0441\u043a\u0438\u0439 \u043c\u0430\u0440\u043a\u0435\u0442\u0438\u043d\u0433 (\u043f\u043e\u0442\u0440\u0451\u043f\u0430\u043d\u043d\u043e\u0435 \u043e\u0431\u0441\u043b\u0443\u0436\u0438\u0432\u0430\u043d\u0438\u0435, \u0437\u0430\u0445\u0432\u0430\u043b\u0438\u0432\u0430\u043d\u0438\u0435 \u0437\u0430 \u043f\u0440\u0438\u044f\u0442\u0438\u0435 \u0432 \u043f\u043e\u0434\u043e\u0431\u043d\u043e);<\/li><li>\u041f\u0438\u0448\u043a\u043e\u0442\u043a\u0438 \u0434\u043b\u044f \u0434\u0435\u043b\u0435\u043d\u0438\u044f \u0441\u043f\u043b\u0435\u0442\u0435\u043d\u043d\u044b\u0445 \u0441\u0442\u0440\u0430\u043d;<\/li><li>\u041a\u043e\u043c\u043c\u0443\u043d\u0438\u043a\u0430\u0446\u0438\u044f \u0434\u043e \u0441\u043e\u0446\u0438\u0430\u043b\u044c\u043d\u044b\u0445 \u0441\u0446\u0435\u043d \u0441 \u043e\u0441\u0435\u0431\u043d\u0438\u043c\u0438 \u043f\u0440\u043e\u0444\u0438\u043b\u044f\u043c\u0438, \u043a\u043e\u0442\u043e\u0440\u044b\u0435 \u043c\u043e\u0436\u043d\u043e \u043f\u043e\u0432\u0435\u0441\u0442\u0438 \u0437\u0430 \u0441\u043e\u0431\u043e\u0439;<\/li><li>Ime in Priimek, Naslov, E-naslov in Telefonska \u0161tevilka za ob\u010dasne nagradne igre ali druge promocijske akcije z va\u0161im predhodnim dovoljenjem;<\/li><li>\u0410\u0433\u0440\u0435\u0433\u0438\u0440\u0443\u0439\u0442\u0435 \u043f\u043e\u0434\u0430\u0442\u043a\u0443 \u0438\u0437 Google Analytics \u0438 \u042f\u043d\u0434\u0435\u043a\u0441 \u0414\u0438\u0440\u0435\u043a\u0442 \u0441 \u043f\u043e\u043c\u043e\u0449\u044c\u044e Cloudflare \u0434\u043b\u044f \u043e\u0442\u0441\u043b\u0435\u0436\u0438\u0432\u0430\u043d\u0438\u044f \u0440\u0430\u0431\u043e\u0442\u044b \u0432 \u0440\u0435\u0436\u0438\u043c\u0435 \u0432\u043d\u0443\u0442\u0440\u0435\u043d\u043d\u0435\u0439 \u0430\u043d\u0430\u043b\u0438\u0442\u0438\u043a\u0438, \u0441 \u043f\u043e\u043c\u043e\u0449\u044c\u044e \u043a\u043e\u0442\u043e\u0440\u043e\u0439 \u043c\u043e\u0436\u043d\u043e \u0438\u0437\u0432\u043b\u0435\u043a\u0430\u0442\u044c \u0438\u043d\u0444\u043e\u0440\u043c\u0430\u0446\u0438\u044e \u043e \u0432\u0441\u0435\u0445 \u043f\u043e\u043b\u044c\u0437\u043e\u0432\u0430\u0442\u0435\u043b\u044f\u0445.<\/li><\/ol><\/li><\/ol><p>\u00a0<\/p><ol><li><strong>KAJ PO\u010cNEMO Z OSEBNIMI PODATKI<\/strong><\/li><\/ol><p>Va\u0161i osebni podatki so obdelani v MARCELINO d.o.o., Kranj\u010deva ulica 4, 3000 Celje, ki je locirana v Sloveniji. Gostovanje in shranjevanje podatkov poteka https:\/\/easytask.si\/, ki je locirana v dr\u017eavah Evropske unije (Nem\u010dija).<\/p><p>Noben tretji ponudnik nima dostopa do va\u0161ih podatkov, razen, \u010de je to potrebno zaradi zakonodaje.<\/p><ol start=\"4\"><li><strong>KAKO DOLGO JIH HRANIMO<\/strong><\/li><\/ol><p>\u041d\u0430 \u043d\u0430\u0448\u0438\u0445 \u0441\u043f\u043b\u0435\u0442\u043d\u044f\u0445 \u0441\u0442\u0440\u0430\u043d \u043c\u043e\u0436\u043d\u043e \u0438\u0441\u043f\u043e\u043b\u044c\u0437\u043e\u0432\u0430\u0442\u044c \u0442\u0440\u0430\u0439\u043d\u0435 \u043f\u0438\u0448\u043a\u043e\u0442\u043a\u0435 \u0434\u043b\u044f \u0441\u043e\u0437\u0434\u0430\u043d\u0438\u044f \u0441\u043e\u0446\u0438\u0430\u043b\u044c\u043d\u044b\u0445 \u0441\u0442\u043e\u0440\u0438\u0442\u0435\u043b\u043b\u0438\u043d\u0433\u0430 \u0432 \u043e\u0441\u0442\u0430\u043b\u044c\u043d\u044b\u0445 \"\u0434\u0435\u043b\u0438\u043a\u0442\u043d\u044b\u0445\" \u043f\u043e\u043d\u0443\u0434\u043d\u0438\u043a\u0430\u0445 \u0432 \u043f\u0438\u0448\u043a\u043e\u0442\u043a\u0435, \u043a\u043e\u0442\u043e\u0440\u044b\u0435 \u0434\u043e\u043b\u0436\u043d\u044b \u0431\u044b\u0442\u044c \u043e\u0447\u0435\u043d\u044c \u0432\u0430\u0436\u043d\u044b\u043c\u0438 \u0434\u043b\u044f \u0432\u0430\u0441\u0438\u0445 \u043d\u0430\u0439\u0431\u043e\u043b\u044c\u0448\u0438\u0445 \u043f\u0440\u0438\u043b\u044e\u0431\u043b\u0435\u043d\u043d\u044b\u0445 \u0432\u0441\u0435\u0445 \u043d\u0430 \u043d\u0430\u0448\u0438\u0445 \u0441\u043f\u043b\u0435\u0442\u043d\u044f\u0445 \u0441\u0442\u0440\u0430\u043d.<\/p><ol start=\"5\"><li><strong>KAK\u0160NE SO VA\u0160E PRAVICE<\/strong><\/li><\/ol><p>\u010ce mislite, da so osebni podatki, ki jih imamo o vas, napa\u010dni ali nepopolni, imate mo\u017enost, da po\u0161ljete zahtevo o pregledu teh podatkov, jih popravite ali jih izbri\u0161ete. Pi\u0161ite nam preko (Obrazec za zahtevek za dostop do podatkovnih podatkov). \u0412 \u043f\u0435\u0440\u0432\u0443\u044e \u043e\u0447\u0435\u0440\u0435\u0434\u044c, \u0435\u0441\u043b\u0438 \u0432\u044b \u0445\u043e\u0442\u0438\u0442\u0435 \u043f\u0440\u0438\u0442\u043e\u0440\u043e\u0447\u0438\u0442\u044c, \u043a\u0430\u043a \u043c\u043e\u0436\u043d\u043e \u0431\u044b\u043b\u043e \u0431\u044b \u043e\u0431\u043e\u0439\u0442\u0438\u0441\u044c \u0431\u0435\u0437 \u0434\u0440\u0443\u0433\u0438\u0445 \u043f\u043e\u0434\u0430\u0442\u043a\u043e\u0432, \u043e\u0431\u0440\u043d\u0438\u0442\u0435\u0441\u044c \u043a \u044d\u0442\u043e\u043c\u0443 \u043e\u0441\u0435\u0431\u043e \u0434\u043b\u044f \u0440\u0430\u0437\u043d\u044b\u0445 \u043f\u043e\u0434\u0430\u0442\u043a\u043e\u0432 \u043e\u0437. \u041a\u043e\u043d\u0442\u0430\u043a\u0442\u043d\u043e\u0435 \u043b\u0438\u0446\u043e \u0434\u043b\u044f \u0437\u0430\u0449\u0438\u0442\u044b \u0434\u0430\u043d\u043d\u044b\u0445 (DPC, Data Protection Contact) \u043d\u0430 e-naslov Marcelino d.o.o. ali pisno na MARCELINO d.o.o., Kranj\u010deva ulica 4, 3000 Celje.<\/p><p>Na\u0161 DPC bo nato preu\u010dil va\u0161o prito\u017ebo in vas obvestil o re\u0161itvi zadeve. \u010ce \u0161e vedno menite, da va\u0161i osebni podatki niso bili ustrezno obdelani v skladu z zakonom, se lahko obrnete na Informacijskega poobla\u0161\u010denca in vlo\u017eite prito\u017ebo pri njem. \u0421 \u044d\u0442\u0438\u043c \u043e\u0431\u0440\u0430\u0449\u0435\u043d\u0438\u0435\u043c, \u043a\u0438 \u0433\u0430 \u043d\u0430\u0439\u0434\u0435\u0442 \u043d\u0430 \u0441\u0442\u0440\u0430\u043d \u041e\u0431\u0432\u0435\u0441\u0442\u0438 \u043e \u0437\u0430\u0441\u0435\u0431\u043d\u043e\u0441\u0442\u0438 \u043b\u0430\u0445\u043a\u043e \u0437\u0430\u0445\u0442\u0435\u0432\u0430\u0442\u0435 \u0434\u043e\u0441\u0442\u043e\u043f \u0434\u043e \u043f\u043e\u043b\u0438\u0442\u0438\u043a\u0438 \u0432 \u0434\u043e\u043a\u0443\u043c\u0435\u043d\u0442\u0430\u0445, \u043a\u0438 \u0442\u0430\u043a \u043f\u043e\u0432\u0435\u0437\u0430\u043d\u0438 \u0437 \u0437\u0430\u0441\u0435\u0431\u043d\u043e\u0441\u0442\u0451.<\/p><p><strong>Povezani dokumenti:<\/strong><\/p><ul><li>\u041f\u043e\u043b\u0438\u0442\u0438\u043a\u0430 \u0432\u0430\u0440\u0435\u043d\u0438\u044f \u043e\u0441\u0435\u0431\u043d\u044b\u0445 \u043f\u043e\u0434\u0430\u0442\u043a\u043e\u0432<\/li><li>\u041f\u043e\u043b\u0438\u0442\u0438\u043a\u0430 \u043e\u0441\u0435\u0431\u043d\u0438\u0445 \u043f\u043e\u0434\u0430\u0442\u043a\u043e\u0432 (\u043d\u0430 \u0437\u0430\u0445\u0442\u0435\u0432\u043e \u043f\u043e \u0435-\u043f\u043e\u0448\u0442\u0438 \u0438 \u043e\u0441\u0435\u0431\u043d\u043e)<\/li><li>Urnik hrambe osebnih podatkov (na zahtevo po e-po\u0161ti ali osebno)<\/li><li>\u041e\u0431\u0432\u0435\u0441\u0442\u0438 \u043e \u0437\u0430\u0441\u0435\u0431\u0435\u043d\u043e\u0441\u0442\u0438<\/li><li>\u0421\u043b\u043e\u0448\u043d\u0438 \u043f\u043e\u0433\u043e\u0438<\/li><li>Obrazec za soglasje<\/li><li>Obrazec za umik soglasja<\/li><\/ul><p>\u0426\u0435\u043b\u044c\u0435, 27.03.2025,<\/p><p>\u0412\u0435\u0440. Dokumenta: 1.0<\/p><\/div><\/div><\/div><\/div><\/div><\/section><\/div><\/div>\t\t\t\t\t\t\t\t<\/div>\n\t\t\t\t<\/div>\n\t\t\t\t\t<\/div>\n\t\t<\/div>\n\t\t\t\t\t<\/div>\n\t\t<\/section>\n\t\t\t\t<\/div>","protected":false},"excerpt":{"rendered":"<p>Politika zasebnosti KAJ POTREBUJEMO Na\u0161a politika varovanja osebnih podatkov ureja uporabo in shranjevanje podatkov. Politiko varovanja osebnih podatkov si lahko ogledate na strani Obvestilo o zasebnosti (priloga spodaj). MARCELINO d.o.o., Kranj\u010deva ulica 4, 3000 Celje je upravljalec osebnih podatkov, ki jih posreduje (subjekt podatkov: vi, kupec, obiskovalec itd.). Zbiramo naslednje vrste osebnih podatkov: E-mail naslov; [&hellip;]<\/p>","protected":false},"author":1,"featured_media":0,"parent":0,"menu_order":0,"comment_status":"closed","ping_status":"closed","template":"","meta":{"_seopress_robots_primary_cat":"","_seopress_titles_title":"","_seopress_titles_desc":"","_seopress_robots_index":"","ocean_post_layout":"full-screen","ocean_both_sidebars_style":"","ocean_both_sidebars_content_width":0,"ocean_both_sidebars_sidebars_width":0,"ocean_sidebar":"0","ocean_second_sidebar":"0","ocean_disable_margins":"enable","ocean_add_body_class":"","ocean_shortcode_before_top_bar":"","ocean_shortcode_after_top_bar":"","ocean_shortcode_before_header":"","ocean_shortcode_after_header":"","ocean_has_shortcode":"","ocean_shortcode_after_title":"","ocean_shortcode_before_footer_widgets":"","ocean_shortcode_after_footer_widgets":"","ocean_shortcode_before_footer_bottom":"","ocean_shortcode_after_footer_bottom":"","ocean_display_top_bar":"default","ocean_display_header":"default","ocean_header_style":"transparent","ocean_center_header_left_menu":"0","ocean_custom_header_template":"0","ocean_custom_logo":0,"ocean_custom_retina_logo":0,"ocean_custom_logo_max_width":0,"ocean_custom_logo_tablet_max_width":0,"ocean_custom_logo_mobile_max_width":0,"ocean_custom_logo_max_height":0,"ocean_custom_logo_tablet_max_height":0,"ocean_custom_logo_mobile_max_height":0,"ocean_header_custom_menu":"0","ocean_menu_typo_font_family":"0","ocean_menu_typo_font_subset":"","ocean_menu_typo_font_size":0,"ocean_menu_typo_font_size_tablet":0,"ocean_menu_typo_font_size_mobile":0,"ocean_menu_typo_font_size_unit":"px","ocean_menu_typo_font_weight":"","ocean_menu_typo_font_weight_tablet":"","ocean_menu_typo_font_weight_mobile":"","ocean_menu_typo_transform":"","ocean_menu_typo_transform_tablet":"","ocean_menu_typo_transform_mobile":"","ocean_menu_typo_line_height":0,"ocean_menu_typo_line_height_tablet":0,"ocean_menu_typo_line_height_mobile":0,"ocean_menu_typo_line_height_unit":"","ocean_menu_typo_spacing":0,"ocean_menu_typo_spacing_tablet":0,"ocean_menu_typo_spacing_mobile":0,"ocean_menu_typo_spacing_unit":"","ocean_menu_link_color":"","ocean_menu_link_color_hover":"","ocean_menu_link_color_active":"","ocean_menu_link_background":"","ocean_menu_link_hover_background":"","ocean_menu_link_active_background":"","ocean_menu_social_links_bg":"","ocean_menu_social_hover_links_bg":"","ocean_menu_social_links_color":"","ocean_menu_social_hover_links_color":"","ocean_disable_title":"on","ocean_disable_heading":"default","ocean_post_title":"","ocean_post_subheading":"","ocean_post_title_style":"","ocean_post_title_background_color":"","ocean_post_title_background":0,"ocean_post_title_bg_image_position":"","ocean_post_title_bg_image_attachment":"","ocean_post_title_bg_image_repeat":"","ocean_post_title_bg_image_size":"","ocean_post_title_height":0,"ocean_post_title_bg_overlay":0.5,"ocean_post_title_bg_overlay_color":"","ocean_disable_breadcrumbs":"default","ocean_breadcrumbs_color":"","ocean_breadcrumbs_separator_color":"","ocean_breadcrumbs_links_color":"","ocean_breadcrumbs_links_hover_color":"","ocean_display_footer_widgets":"default","ocean_display_footer_bottom":"default","ocean_custom_footer_template":"0","footnotes":""},"class_list":["post-1282","page","type-page","status-publish","hentry","entry"],"_links":{"self":[{"href":"https:\/\/easytask.si\/ru\/wp-json\/wp\/v2\/pages\/1282","targetHints":{"allow":["GET"]}}],"collection":[{"href":"https:\/\/easytask.si\/ru\/wp-json\/wp\/v2\/pages"}],"about":[{"href":"https:\/\/easytask.si\/ru\/wp-json\/wp\/v2\/types\/page"}],"author":[{"embeddable":true,"href":"https:\/\/easytask.si\/ru\/wp-json\/wp\/v2\/users\/1"}],"replies":[{"embeddable":true,"href":"https:\/\/easytask.si\/ru\/wp-json\/wp\/v2\/comments?post=1282"}],"version-history":[{"count":4,"href":"https:\/\/easytask.si\/ru\/wp-json\/wp\/v2\/pages\/1282\/revisions"}],"predecessor-version":[{"id":1287,"href":"https:\/\/easytask.si\/ru\/wp-json\/wp\/v2\/pages\/1282\/revisions\/1287"}],"wp:attachment":[{"href":"https:\/\/easytask.si\/ru\/wp-json\/wp\/v2\/media?parent=1282"}],"curies":[{"name":"wp","href":"https:\/\/api.w.org\/{rel}","templated":true}]}}