{"id":1288,"date":"2025-03-27T15:54:47","date_gmt":"2025-03-27T15:54:47","guid":{"rendered":"https:\/\/easytask.si\/?page_id=1288"},"modified":"2026-03-23T18:20:21","modified_gmt":"2026-03-23T18:20:21","slug":"kolofon","status":"publish","type":"page","link":"https:\/\/easytask.si\/ru\/kolofon\/","title":{"rendered":"Kolofon"},"content":{"rendered":"<div data-elementor-type=\"wp-page\" data-elementor-id=\"1288\" class=\"elementor elementor-1288\" data-elementor-post-type=\"page\">\n\t\t\t\t\t\t<section class=\"elementor-section elementor-top-section elementor-element elementor-element-23cd4f0 elementor-section-boxed elementor-section-height-default elementor-section-height-default\" data-id=\"23cd4f0\" data-element_type=\"section\" id=\"about\" data-settings=\"{&quot;background_background&quot;:&quot;gradient&quot;}\">\n\t\t\t\t\t\t<div class=\"elementor-container elementor-column-gap-default\">\n\t\t\t\t\t<div class=\"elementor-column elementor-col-100 elementor-top-column elementor-element elementor-element-9f48ae0\" data-id=\"9f48ae0\" data-element_type=\"column\">\n\t\t\t<div class=\"elementor-widget-wrap elementor-element-populated\">\n\t\t\t\t\t\t<div class=\"elementor-element elementor-element-6d7bb30 elementor-widget elementor-widget-heading\" data-id=\"6d7bb30\" data-element_type=\"widget\" data-widget_type=\"heading.default\">\n\t\t\t\t<div class=\"elementor-widget-container\">\n\t\t\t\t\t<h2 class=\"elementor-heading-title elementor-size-default\">Impresum<\/h2>\t\t\t\t<\/div>\n\t\t\t\t<\/div>\n\t\t\t\t<div class=\"elementor-element elementor-element-0c8563b elementor-widget elementor-widget-text-editor\" data-id=\"0c8563b\" data-element_type=\"widget\" data-widget_type=\"text-editor.default\">\n\t\t\t\t<div class=\"elementor-widget-container\">\n\t\t\t\t\t\t\t\t\t<div class=\"entry-content\"><div class=\"elementor elementor-47\" data-elementor-type=\"wp-page\" data-elementor-id=\"47\"><section class=\"elementor-section elementor-top-section elementor-element elementor-element-5dfb266a elementor-section-boxed elementor-section-height-default elementor-section-height-default\" data-id=\"5dfb266a\" data-element_type=\"section\"><div class=\"elementor-container elementor-column-gap-default\"><div class=\"elementor-column elementor-col-100 elementor-top-column elementor-element elementor-element-987f1e5\" data-id=\"987f1e5\" data-element_type=\"column\"><div class=\"elementor-widget-wrap elementor-element-populated\"><div class=\"elementor-element elementor-element-21a4f6de elementor-widget elementor-widget-text-editor\" data-id=\"21a4f6de\" data-element_type=\"widget\" data-widget_type=\"text-editor.default\"><div class=\"elementor-widget-container\"><p><br \/>E-mail: info@easytask.com<br \/>Spletna stran: https:\/\/easytask.si\/<\/p><table><tbody><tr valign=\"top\"><td width=\"165\">Naziv:<\/td><td><b><span id=\"ctl00_ContentPlaceHolder_Naziv\">MARCELINO TECHNOLOGIES, POSLOVNO SVETOVANJE, D.O.O.<\/span><\/b><\/td><\/tr><tr id=\"ctl00_ContentPlaceHolder_NazivKratekRow\" valign=\"top\"><td width=\"165\">Kratek naziv:<\/td><td><b><span id=\"ctl00_ContentPlaceHolder_NazivKratek\">Marcelino Technologies, d.o.o.<\/span><\/b><\/td><\/tr><tr valign=\"top\"><td>Naslov:<\/td><td><b><span id=\"ctl00_ContentPlaceHolder_Naslov\" class=\"podjetjeNaslov\">HODO\u0160 81, 9205 HODO\u0160 &#8211; HODOS<\/span><\/b><\/td><\/tr><tr valign=\"top\"><td>Status:<\/td><td><b><span id=\"ctl00_ContentPlaceHolder_Status\">Pravna oseba<\/span><\/b><\/td><\/tr><tr valign=\"top\"><td><span id=\"ctl00_ContentPlaceHolder_DavcnaStevilkaNaziv\">DDV ID<\/span>:<\/td><td><b><span id=\"ctl00_ContentPlaceHolder_DavcnaStevilka\">SI86939041<\/span><\/b><\/td><\/tr><tr valign=\"top\"><td>Mati\u010dna \u0161tevilka:<\/td><td><b><span id=\"ctl00_ContentPlaceHolder_MaticnaStevilka\">7395884000<\/span><\/b><\/td><\/tr><tr valign=\"top\"><td>Datum registracije za DDV:<\/td><td><b><span id=\"ctl00_ContentPlaceHolder_DatumRegistracije\">20.12.2025<\/span><\/b><\/td><\/tr><tr valign=\"top\"><td>\u0160ifra dejavnosti:<\/td><td><b><span id=\"ctl00_ContentPlaceHolder_Dejavnost\">70.200 (Drugo podjetni\u0161ko in poslovno svetovanje)<\/span><\/b><\/td><\/tr><tr valign=\"top\"><td>\u00a0<\/td><td>\u00a0<\/td><\/tr><\/tbody><\/table><p><br \/><br \/>Aktivni transakcijski ra\u010duni:<\/p><div><table id=\"ctl00_ContentPlaceHolder_TransakcijskiRacuni\" border=\"0\" cellspacing=\"1\" cellpadding=\"1\"><tbody><tr><td>\u0160t. ra\u010duna<\/td><td>Vrsta<\/td><td>Banka<\/td><td>Odprt<\/td><\/tr><tr><td>10100-0063375915<\/td><td><a href=\"http:\/\/www.ajpes.si\/Registri\/Transakcijski_racuni\/Oznake_vrst_ra%C4%8Dunov?id=597\" target=\"_blank\" rel=\"noopener\">T<\/a><\/td><td>Banka Intesa Sanpaolo<\/td><td>04.12.2025<\/td><\/tr><\/tbody><\/table><\/div><p>\u0421\u043f\u043b\u0435\u0442\u043d\u0438 \u0441\u0442\u0440\u0430\u043d \u0441\u043c\u043e \u043f\u0440\u0438\u043f\u0440\u0430\u0432\u0438\u043b\u0438\u0441\u044c \u0441\u0430\u043c\u0438 \u043f\u043e \u0441\u0435\u0431\u0435 \u0438 \u0441\u043a\u0443\u043f\u0430\u044f \u0437 \u0438\u0437\u0432\u0430\u044f\u043b\u044c\u0446\u0435\u043c \u0441\u043f\u043b\u0435\u0442\u0435\u043d\u043d\u044b\u0445 \u0445\u0440\u0430\u043d\u0438\u043b\u0438\u0449.<\/p><p>\u0418\u043c\u0435\u043d\u0430 \u0441\u043f\u043b\u0435\u0442\u0435\u043d\u043d\u044b\u0445 \u0441\u0442\u0440\u0430\u043d<br \/>\u041f\u043e\u0434\u0430\u0442\u043a\u0438 \u043d\u0430 \u0441\u043f\u043b\u0435\u0442\u043d\u0438 \u0441\u0442\u0440\u0430\u043d \u0442\u0430\u043a \u043f\u0440\u0435\u0434\u0441\u043a\u0430\u0437\u044b\u0432\u0430\u044e\u0442 \u043f\u043e\u0432\u0435\u0441\u0442\u0432\u043e\u0432\u0430\u043d\u0438\u0435 \u0441 \u043f\u043e\u0434\u0440\u043e\u0447\u0438\u0435\u043c \u043e\u0441\u043d\u043e\u0432\u043d\u043e\u0439 \u0434\u0435\u0436\u0430\u0432\u043d\u043e\u0441\u0442\u0438 \u0437\u0430 \u0442\u043e, \u0447\u0442\u043e \u0432\u044b \u0437\u0430\u0440\u0435\u0433\u0438\u0441\u0442\u0440\u0438\u0440\u043e\u0432\u0430\u043b\u0438\u0441\u044c. \u0417\u0430\u0432\u0435\u0437\u0443\u0435\u043c\u043e \u0441\u0435, \u0434\u0430 \u0442\u0430\u043a \u0447\u0442\u043e \u043f\u043e\u0434\u0430\u0442\u043a\u0438 \u043d\u0430 \u0441\u043f\u043b\u0435\u0442\u043d\u0435\u043c \u043c\u0435\u0441\u0442\u0435 \u0432\u043e\u0437\u043e\u0431\u043d\u043e\u0432\u043b\u044f\u044e\u0442\u0441\u044f, \u0437\u0430\u043d\u0435\u0441\u0435\u043d\u043d\u044b\u0435 \u0432 \u043a\u0430\u043a\u043e\u0432\u043e\u0441\u0442\u044c.<br \/>Ne odgovarjamo za morebitne tipkarske napake, pridr\u017eujemo si pravico, da kadarkoli in brez predhodnega obvestila spremenimo vsebino, v kolikor ta ni v skladu z na\u0161o politiko podjetja.<\/p><p>Pravica uporabe<br \/>Spletne strani in vsa njena vsebina je za\u0161\u010ditena s pravicami industrijske in intelektualne lastnine. \u0412\u0441\u044f \u0438\u043d\u0444\u043e\u0440\u043c\u0430\u0446\u0438\u044f, besedila, slike ali drugi grafi\u010dni elementi, ki jih najdete na tej spletni strani, lahko uporabite izklju\u010dno za svojo osebno, nekomercialno rabo in je ne smete, \u043d\u0435 \u0432 \u0441\u043e\u0441\u0442\u043e\u044f\u043d\u0438\u0438 \u0432\u043e\u0441\u043f\u0440\u043e\u0438\u0437\u0432\u043e\u0434\u0438\u0442\u044c, \u0440\u0430\u0441\u043f\u0440\u043e\u0441\u0442\u0440\u0430\u043d\u044f\u0442\u044c, \u0440\u0430\u0437\u043f\u043e\u0448\u0438\u0432\u0430\u0442\u044c, \u043b\u0438\u0446\u0435\u043d\u0437\u0438\u0440\u043e\u0432\u0430\u0442\u044c \u0438 \u0438\u0437\u0434\u0430\u0442\u044c \u0432 \u0440\u0430\u0437\u043b\u0438\u0447\u043d\u044b\u0445 \u0438\u0437\u0434\u0430\u043d\u0438\u044f\u0445 \u0432 \u043a\u0430\u043a\u0440\u0448\u043d\u0435\u043a\u043e\u043b\u0438 \u0438\u043c\u0435\u043d\u0430\u0445, \u0440\u0430\u0437\u0435\u043d \u0437\u0430 \u043e\u0433\u043b\u0430\u0448\u0435\u043d\u0438\u0435, \u0431\u0440\u0430\u0437 \u043f\u0440\u0435\u0434\u0445\u043e\u0434\u043d\u0435\u0433\u0430 \u043f\u0456\u0441\u043d\u0435\u0433\u0430 \u0434\u043e\u0432\u043e\u043b\u0436\u0435\u043d\u043d\u044f \u0441\u0440\u0431\u043d\u0438\u043a\u0430.<\/p><p>Prevzemanje odgovornosti<br \/>Pri oblikovanju spletne strani sku\u0161amo zagotavljati a\u017eurnost in to\u010dnost podatkov. \u0417\u0430 \u043d\u0438\u0445\u043e\u0432\u043e \u0442\u043e\u0447\u043d\u043e\u0441\u0442\u044c \u0432 \u0446\u0435\u043b\u043e\u0432\u0438\u0442\u043e\u0441\u0442\u0438 \u043d\u0435 jam\u010dimo \u0432 \u043d\u0435 prevzemamo nobene odgovornosti, ki bi izvirala iz njihove uporabe. \u0412\u0441\u0435 \u0443\u043f\u043e\u0440\u0430\u0431\u043d\u0438\u043a\u0438 \u043e\u0431\u044f\u0437\u0430\u043d\u044b \u0432\u0441\u0435\u0431\u0438\u043d\u043e \u0443\u043f\u043e\u0440\u0430\u0431\u043b\u044f\u0439\u043e \u043d\u0430 \u043f\u043e\u0441\u043b\u0435\u0434\u043d\u044e\u044e \u043e\u0434\u043d\u043e\u0441\u0442\u043e\u0440\u043e\u043d\u043d\u043e\u0441\u0442\u044c.<br \/>\u041f\u0440\u0438\u0434\u0440\u0443\u0436\u0443\u0435\u043c\u043e si pravico, da kadarkoli spremenimo vsebino svojih spletnih strani, na kakr\u0161enkoli na\u010din, ne glede na razlog in brez predhodnega opozorila.<\/p><p>\u0422\u0435\u0445\u043d\u043e\u043b\u043e\u0448\u0441\u043a\u0430\u044f \u0438\u0437\u0432\u0435\u0434\u0431\u0430<br \/>Tehnolo\u0161ko izvedbo je zagotovila programerska in oblikovalska agencija v sodelovanju z na\u0161im podjetjem.<\/p><\/div><\/div><\/div><\/div><\/div><\/section><\/div><\/div>\t\t\t\t\t\t\t\t<\/div>\n\t\t\t\t<\/div>\n\t\t\t\t\t<\/div>\n\t\t<\/div>\n\t\t\t\t\t<\/div>\n\t\t<\/section>\n\t\t\t\t<\/div>","protected":false},"excerpt":{"rendered":"<p>Impresum E-mail: info@easytask.comSpletna stran: https:\/\/easytask.si\/ Naziv: MARCELINO TECHNOLOGIES, POSLOVNO SVETOVANJE, D.O.O. Kratek naziv: Marcelino Technologies, d.o.o. Naslov: HODO\u0160 81, 9205 HODO\u0160 &#8211; HODOS Status: Pravna oseba DDV ID: SI86939041 Mati\u010dna \u0161tevilka: 7395884000 Datum registracije za DDV: 20.12.2025 \u0160ifra dejavnosti: 70.200 (Drugo podjetni\u0161ko in poslovno svetovanje) \u00a0 \u00a0 Aktivni transakcijski ra\u010duni: \u0160t. ra\u010duna Vrsta Banka Odprt [&hellip;]<\/p>","protected":false},"author":1,"featured_media":0,"parent":0,"menu_order":0,"comment_status":"closed","ping_status":"closed","template":"","meta":{"_seopress_robots_primary_cat":"","_seopress_titles_title":"","_seopress_titles_desc":"","_seopress_robots_index":"","ocean_post_layout":"full-screen","ocean_both_sidebars_style":"","ocean_both_sidebars_content_width":0,"ocean_both_sidebars_sidebars_width":0,"ocean_sidebar":"0","ocean_second_sidebar":"0","ocean_disable_margins":"enable","ocean_add_body_class":"","ocean_shortcode_before_top_bar":"","ocean_shortcode_after_top_bar":"","ocean_shortcode_before_header":"","ocean_shortcode_after_header":"","ocean_has_shortcode":"","ocean_shortcode_after_title":"","ocean_shortcode_before_footer_widgets":"","ocean_shortcode_after_footer_widgets":"","ocean_shortcode_before_footer_bottom":"","ocean_shortcode_after_footer_bottom":"","ocean_display_top_bar":"default","ocean_display_header":"default","ocean_header_style":"transparent","ocean_center_header_left_menu":"0","ocean_custom_header_template":"0","ocean_custom_logo":0,"ocean_custom_retina_logo":0,"ocean_custom_logo_max_width":0,"ocean_custom_logo_tablet_max_width":0,"ocean_custom_logo_mobile_max_width":0,"ocean_custom_logo_max_height":0,"ocean_custom_logo_tablet_max_height":0,"ocean_custom_logo_mobile_max_height":0,"ocean_header_custom_menu":"0","ocean_menu_typo_font_family":"0","ocean_menu_typo_font_subset":"","ocean_menu_typo_font_size":0,"ocean_menu_typo_font_size_tablet":0,"ocean_menu_typo_font_size_mobile":0,"ocean_menu_typo_font_size_unit":"px","ocean_menu_typo_font_weight":"","ocean_menu_typo_font_weight_tablet":"","ocean_menu_typo_font_weight_mobile":"","ocean_menu_typo_transform":"","ocean_menu_typo_transform_tablet":"","ocean_menu_typo_transform_mobile":"","ocean_menu_typo_line_height":0,"ocean_menu_typo_line_height_tablet":0,"ocean_menu_typo_line_height_mobile":0,"ocean_menu_typo_line_height_unit":"","ocean_menu_typo_spacing":0,"ocean_menu_typo_spacing_tablet":0,"ocean_menu_typo_spacing_mobile":0,"ocean_menu_typo_spacing_unit":"","ocean_menu_link_color":"","ocean_menu_link_color_hover":"","ocean_menu_link_color_active":"","ocean_menu_link_background":"","ocean_menu_link_hover_background":"","ocean_menu_link_active_background":"","ocean_menu_social_links_bg":"","ocean_menu_social_hover_links_bg":"","ocean_menu_social_links_color":"","ocean_menu_social_hover_links_color":"","ocean_disable_title":"on","ocean_disable_heading":"default","ocean_post_title":"","ocean_post_subheading":"","ocean_post_title_style":"","ocean_post_title_background_color":"","ocean_post_title_background":0,"ocean_post_title_bg_image_position":"","ocean_post_title_bg_image_attachment":"","ocean_post_title_bg_image_repeat":"","ocean_post_title_bg_image_size":"","ocean_post_title_height":0,"ocean_post_title_bg_overlay":0.5,"ocean_post_title_bg_overlay_color":"","ocean_disable_breadcrumbs":"default","ocean_breadcrumbs_color":"","ocean_breadcrumbs_separator_color":"","ocean_breadcrumbs_links_color":"","ocean_breadcrumbs_links_hover_color":"","ocean_display_footer_widgets":"default","ocean_display_footer_bottom":"default","ocean_custom_footer_template":"0","footnotes":""},"class_list":["post-1288","page","type-page","status-publish","hentry","entry"],"_links":{"self":[{"href":"https:\/\/easytask.si\/ru\/wp-json\/wp\/v2\/pages\/1288","targetHints":{"allow":["GET"]}}],"collection":[{"href":"https:\/\/easytask.si\/ru\/wp-json\/wp\/v2\/pages"}],"about":[{"href":"https:\/\/easytask.si\/ru\/wp-json\/wp\/v2\/types\/page"}],"author":[{"embeddable":true,"href":"https:\/\/easytask.si\/ru\/wp-json\/wp\/v2\/users\/1"}],"replies":[{"embeddable":true,"href":"https:\/\/easytask.si\/ru\/wp-json\/wp\/v2\/comments?post=1288"}],"version-history":[{"count":10,"href":"https:\/\/easytask.si\/ru\/wp-json\/wp\/v2\/pages\/1288\/revisions"}],"predecessor-version":[{"id":1610,"href":"https:\/\/easytask.si\/ru\/wp-json\/wp\/v2\/pages\/1288\/revisions\/1610"}],"wp:attachment":[{"href":"https:\/\/easytask.si\/ru\/wp-json\/wp\/v2\/media?parent=1288"}],"curies":[{"name":"wp","href":"https:\/\/api.w.org\/{rel}","templated":true}]}}