{"id":1282,"date":"2025-03-27T15:33:00","date_gmt":"2025-03-27T15:33:00","guid":{"rendered":"https:\/\/easytask.si\/?page_id=1282"},"modified":"2025-03-27T15:52:38","modified_gmt":"2025-03-27T15:52:38","slug":"politika-zasebnosti","status":"publish","type":"page","link":"https:\/\/easytask.si\/sk\/politika-zasebnosti\/","title":{"rendered":"Politika s\u00fakromnosti"},"content":{"rendered":"<div data-elementor-type=\"wp-page\" data-elementor-id=\"1282\" class=\"elementor elementor-1282\" data-elementor-post-type=\"page\">\n\t\t\t\t\t\t<section class=\"elementor-section elementor-top-section elementor-element elementor-element-23cd4f0 elementor-section-boxed elementor-section-height-default elementor-section-height-default\" data-id=\"23cd4f0\" data-element_type=\"section\" id=\"about\" data-settings=\"{&quot;background_background&quot;:&quot;gradient&quot;}\">\n\t\t\t\t\t\t<div class=\"elementor-container elementor-column-gap-default\">\n\t\t\t\t\t<div class=\"elementor-column elementor-col-100 elementor-top-column elementor-element elementor-element-9f48ae0\" data-id=\"9f48ae0\" data-element_type=\"column\">\n\t\t\t<div class=\"elementor-widget-wrap elementor-element-populated\">\n\t\t\t\t\t\t<div class=\"elementor-element elementor-element-6d7bb30 elementor-widget elementor-widget-heading\" data-id=\"6d7bb30\" data-element_type=\"widget\" data-widget_type=\"heading.default\">\n\t\t\t\t<div class=\"elementor-widget-container\">\n\t\t\t\t\t<h2 class=\"elementor-heading-title elementor-size-default\">Politika s\u00fakromnosti<\/h2>\t\t\t\t<\/div>\n\t\t\t\t<\/div>\n\t\t\t\t<div class=\"elementor-element elementor-element-0c8563b elementor-widget elementor-widget-text-editor\" data-id=\"0c8563b\" data-element_type=\"widget\" data-widget_type=\"text-editor.default\">\n\t\t\t\t<div class=\"elementor-widget-container\">\n\t\t\t\t\t\t\t\t\t<div class=\"entry-content\"><div class=\"elementor elementor-47\" data-elementor-type=\"wp-page\" data-elementor-id=\"47\"><section class=\"elementor-section elementor-top-section elementor-element elementor-element-5dfb266a elementor-section-boxed elementor-section-height-default elementor-section-height-default\" data-id=\"5dfb266a\" data-element_type=\"section\"><div class=\"elementor-container elementor-column-gap-default\"><div class=\"elementor-column elementor-col-100 elementor-top-column elementor-element elementor-element-987f1e5\" data-id=\"987f1e5\" data-element_type=\"column\"><div class=\"elementor-widget-wrap elementor-element-populated\"><div class=\"elementor-element elementor-element-21a4f6de elementor-widget elementor-widget-text-editor\" data-id=\"21a4f6de\" data-element_type=\"widget\" data-widget_type=\"text-editor.default\"><div class=\"elementor-widget-container\"><ol><li><strong>KAJ POTREBUJEME<\/strong><\/li><\/ol><p>Na\u0161a politika varovanja osobn\u00edch podatkov ureja uporabo in shranjevanje podatkov. Politiko varovanja osebnih podatkov si m\u00f4\u017eete pozrie\u0165 na strane Obvestilo o zasebnosti (p\u0159\u00edlohaa spodaj). MARCELINO d.o.o., Kranj\u010deva ulica 4, 3000 Celje je upravljalec osobn\u00edch podatkov, ki jih posreduje (subjekt podatkov: vi, kupec, obiskovalec itd.). Zbiramo naslednje druhy osobn\u00fdch \u00fadajov:<\/p><ul><li>E-mail naslov;<\/li><li>Ime in Priimek, Naslov, E-naslov in Telefonska \u0161tevilka;<\/li><li>Podatke o pla\u010dilnih sredstvih, kot so podatki kreditnih ali pla\u010dilnih kartic, Paypal in ostali na\u010dini pla\u010dil;<\/li><li>Kopije osobn\u00fdch dokumentov, ktor\u00e9 potvrdzuj\u00fa to\u010dnos\u0165 osobn\u00fdch \u00fadajov;<\/li><li>Pi\u0161kotke;<\/li><li>Google Analytics v Yandex ter Cloudflare sledenje obiska;<\/li><li>Povezave z osobnimi profilmi na socialnych skupin\u00e1ch.<\/li><\/ul><p>Ka\u017ed\u00fd osobn\u00fd \u00fadaj po vrsti podatka pridobimo glede na nujnost in z lo\u010denim soglasjem.<\/p><ol start=\"2\"><li><strong>PRE\u010cO ICH POTREBUJEME<\/strong><\/li><\/ol><p>Va\u0161e osobn\u00e9 \u00fadaje potrebujeme za nasleduj\u00face slu\u017eby:<\/p><ol><li><ol><li>E-mail naslov za odgovarjanje na va\u0161a e-mail sporo\u010dila ali sporo\u010dila, poslana preko kontaktnih obrazcev;<\/li><li>E-mail naslov za po\u0161iljanje ponudb in e-novic;<\/li><li>Ime in Priimek, Naslov, E-naslov in Telefonska \u0161tevilka za sprejemanje rezervacij, povpra\u0161evanj in po\u0161iljanje ponudb ali v zvezi z izpolnitvijo drugih Va\u0161ih zahtev;<\/li><li>Ime in Priimek, Naslov, E-naslov in Telefonska \u0161tevilka za nakup darilnih bonov, voucherjev ali storitev in predmetov v s\u00favislosti s na\u0161imi ponukami;<\/li><li>Podatke o pla\u010dilnih sredstvih in kopije osobn\u00edch dokumentov za izvajanju storitev;<\/li><li>E-mail naslov za avtomatiziran marketing (potrjevanje rezervacij, zahvale za prijave in podobno);<\/li><li>Pi\u0161kotki za delovanje spletnih stran;<\/li><li>Komuniciranje preko socialni skupin z osobnimi profili, ki potrdijo povezavo z nami;<\/li><li>Ime in Priimek, Naslov, E-naslov in Telefonska \u0161tevilka za ob\u010dasne nagradne igre ali druge promocijske akcije z va\u0161im predhodnim dovoljenjem;<\/li><li>Agregirane \u00fadaje iz Google Analytics ali Yandex Direct ter Cloudflare za sledenje obiska in interno analitiko, s katero bomo izbolj\u0161evali obsahy.<\/li><\/ol><\/li><\/ol><p>\u00a0<\/p><ol><li><strong>KAJ PO\u010cNEMO Z OSOBNIMI PODATKI<\/strong><\/li><\/ol><p>Va\u0161i osobn\u00ed dani so obdelani v MARCELINO d.o.o., Kranj\u010deva ulica 4, 3000 Celje, ki je locirana v Sloveniji. Gostovanje in shranjevanje podatkov poteka https:\/\/easytask.si\/, ki je locirana v dr\u017eavah Evropske unije (Nemecko).<\/p><p>Noben tret\u00ed ponudnik nima dostopa do va\u0161ich \u00fadajov, razen, \u010de je to potrebno kv\u00f4li legislat\u00edve.<\/p><ol start=\"4\"><li><strong>AKO DLHO ICH HRANIMO<\/strong><\/li><\/ol><p>Na na\u0161ich internetov\u00fdch str\u00e1nkach pou\u017e\u00edvame trajne pi\u0161kotke za povezave do soci\u00e1lnych slu\u017eieb a ostalih \"delitvenih\" ponudnikov a pi\u0161kotke, ktor\u00e9 v\u00e1m v\u017edy znova pom\u00f4\u017eu do va\u0161ich najbolj priljuben\u00fdch obsahov na na\u0161ich internetov\u00fdch str\u00e1nkach.<\/p><ol start=\"5\"><li><strong>AK\u00c9 S\u00da VA\u0160E PR\u00c1VA<\/strong><\/li><\/ol><p>\u010ce mislite, da so osebni podatki, ki jih imamo o vas, napa\u010dni ali nepopolni, imate mo\u017enost, da po\u0161ljete zahtevo o pregledu teh podatkov, jih popravite ali jih izbri\u0161ete. Pi\u0161ite nam preko (Obrazec za zahtevek za dostop do podatkovnih podatkov). V primeru, \u017ee sa chcete prito\u017eiti, kako smo obdelali va\u0161e osobn\u00e9 \u00fadaje, sa obrnite na poobla\u0161\u010deno osebo za varstvo podatkov oz. Kontaktna oseba za ochranu podatkov (DPC, Data Protection Contact) na e-naslov Marcelino d.o.o. ali pisno na MARCELINO d.o.o., Kranj\u010deva ulica 4, 3000 Celje.<\/p><p>Na\u0161 DPC bo nato preu\u010dil va\u0161o prito\u017ebo in vas informil o re\u0161itvi zadeve. \u010ce \u0161e vedno menite, da va\u0161i osobn\u00ed podatki nejsou bili ustrezno obdelani v skladu z zakonom, se m\u016f\u017eete obrnete na Informa\u010dn\u00edho poobla\u0161\u010denca in vlo\u017eite prito\u017ebo pri njem. S posebnim obrazcem, ki ga najdete na strani Obvestilo o zasebnosti m\u00f4\u017eete zahtevate dostop do politik in dokumentov, ki so povezani z zasebnostjo.<\/p><p><strong>Povezani dokumentov:<\/strong><\/p><ul><li>Politika varovania osobn\u00fdch \u00fadajov<\/li><li>Politika hrambe osobn\u00fdch \u00fadajov (na po\u017eiadavku po e-po\u0161ti alebo osobne)<\/li><li>Urnik hrambe osobn\u00fdch \u00fadajov (na po\u017eiadavku po e-po\u0161ti alebo osobne)<\/li><li>Obvestilo o s\u00fakromnosti<\/li><li>V\u0161eobecn\u00e9 podmienky<\/li><li>Obr\u00e1zok za soglasje<\/li><li>Obr\u00e1zok za umik soglasja<\/li><\/ul><p>Celje, 27.03.2025,<\/p><p>Ver. Dokumenta: 1.0<\/p><\/div><\/div><\/div><\/div><\/div><\/section><\/div><\/div>\t\t\t\t\t\t\t\t<\/div>\n\t\t\t\t<\/div>\n\t\t\t\t\t<\/div>\n\t\t<\/div>\n\t\t\t\t\t<\/div>\n\t\t<\/section>\n\t\t\t\t<\/div>","protected":false},"excerpt":{"rendered":"<p>Politika zasebnosti KAJ POTREBUJEMO Na\u0161a politika varovanja osebnih podatkov ureja uporabo in shranjevanje podatkov. Politiko varovanja osebnih podatkov si lahko ogledate na strani Obvestilo o zasebnosti (priloga spodaj). MARCELINO d.o.o., Kranj\u010deva ulica 4, 3000 Celje je upravljalec osebnih podatkov, ki jih posreduje (subjekt podatkov: vi, kupec, obiskovalec itd.). Zbiramo naslednje vrste osebnih podatkov: E-mail naslov; [&hellip;]<\/p>","protected":false},"author":1,"featured_media":0,"parent":0,"menu_order":0,"comment_status":"closed","ping_status":"closed","template":"","meta":{"_seopress_robots_primary_cat":"","_seopress_titles_title":"","_seopress_titles_desc":"","_seopress_robots_index":"","ocean_post_layout":"full-screen","ocean_both_sidebars_style":"","ocean_both_sidebars_content_width":0,"ocean_both_sidebars_sidebars_width":0,"ocean_sidebar":"0","ocean_second_sidebar":"0","ocean_disable_margins":"enable","ocean_add_body_class":"","ocean_shortcode_before_top_bar":"","ocean_shortcode_after_top_bar":"","ocean_shortcode_before_header":"","ocean_shortcode_after_header":"","ocean_has_shortcode":"","ocean_shortcode_after_title":"","ocean_shortcode_before_footer_widgets":"","ocean_shortcode_after_footer_widgets":"","ocean_shortcode_before_footer_bottom":"","ocean_shortcode_after_footer_bottom":"","ocean_display_top_bar":"default","ocean_display_header":"default","ocean_header_style":"transparent","ocean_center_header_left_menu":"0","ocean_custom_header_template":"0","ocean_custom_logo":0,"ocean_custom_retina_logo":0,"ocean_custom_logo_max_width":0,"ocean_custom_logo_tablet_max_width":0,"ocean_custom_logo_mobile_max_width":0,"ocean_custom_logo_max_height":0,"ocean_custom_logo_tablet_max_height":0,"ocean_custom_logo_mobile_max_height":0,"ocean_header_custom_menu":"0","ocean_menu_typo_font_family":"0","ocean_menu_typo_font_subset":"","ocean_menu_typo_font_size":0,"ocean_menu_typo_font_size_tablet":0,"ocean_menu_typo_font_size_mobile":0,"ocean_menu_typo_font_size_unit":"px","ocean_menu_typo_font_weight":"","ocean_menu_typo_font_weight_tablet":"","ocean_menu_typo_font_weight_mobile":"","ocean_menu_typo_transform":"","ocean_menu_typo_transform_tablet":"","ocean_menu_typo_transform_mobile":"","ocean_menu_typo_line_height":0,"ocean_menu_typo_line_height_tablet":0,"ocean_menu_typo_line_height_mobile":0,"ocean_menu_typo_line_height_unit":"","ocean_menu_typo_spacing":0,"ocean_menu_typo_spacing_tablet":0,"ocean_menu_typo_spacing_mobile":0,"ocean_menu_typo_spacing_unit":"","ocean_menu_link_color":"","ocean_menu_link_color_hover":"","ocean_menu_link_color_active":"","ocean_menu_link_background":"","ocean_menu_link_hover_background":"","ocean_menu_link_active_background":"","ocean_menu_social_links_bg":"","ocean_menu_social_hover_links_bg":"","ocean_menu_social_links_color":"","ocean_menu_social_hover_links_color":"","ocean_disable_title":"on","ocean_disable_heading":"default","ocean_post_title":"","ocean_post_subheading":"","ocean_post_title_style":"","ocean_post_title_background_color":"","ocean_post_title_background":0,"ocean_post_title_bg_image_position":"","ocean_post_title_bg_image_attachment":"","ocean_post_title_bg_image_repeat":"","ocean_post_title_bg_image_size":"","ocean_post_title_height":0,"ocean_post_title_bg_overlay":0.5,"ocean_post_title_bg_overlay_color":"","ocean_disable_breadcrumbs":"default","ocean_breadcrumbs_color":"","ocean_breadcrumbs_separator_color":"","ocean_breadcrumbs_links_color":"","ocean_breadcrumbs_links_hover_color":"","ocean_display_footer_widgets":"default","ocean_display_footer_bottom":"default","ocean_custom_footer_template":"0","footnotes":""},"class_list":["post-1282","page","type-page","status-publish","hentry","entry"],"_links":{"self":[{"href":"https:\/\/easytask.si\/sk\/wp-json\/wp\/v2\/pages\/1282","targetHints":{"allow":["GET"]}}],"collection":[{"href":"https:\/\/easytask.si\/sk\/wp-json\/wp\/v2\/pages"}],"about":[{"href":"https:\/\/easytask.si\/sk\/wp-json\/wp\/v2\/types\/page"}],"author":[{"embeddable":true,"href":"https:\/\/easytask.si\/sk\/wp-json\/wp\/v2\/users\/1"}],"replies":[{"embeddable":true,"href":"https:\/\/easytask.si\/sk\/wp-json\/wp\/v2\/comments?post=1282"}],"version-history":[{"count":4,"href":"https:\/\/easytask.si\/sk\/wp-json\/wp\/v2\/pages\/1282\/revisions"}],"predecessor-version":[{"id":1287,"href":"https:\/\/easytask.si\/sk\/wp-json\/wp\/v2\/pages\/1282\/revisions\/1287"}],"wp:attachment":[{"href":"https:\/\/easytask.si\/sk\/wp-json\/wp\/v2\/media?parent=1282"}],"curies":[{"name":"wp","href":"https:\/\/api.w.org\/{rel}","templated":true}]}}