{"id":1295,"date":"2025-03-27T16:02:25","date_gmt":"2025-03-27T16:02:25","guid":{"rendered":"https:\/\/easytask.si\/?page_id=1295"},"modified":"2025-03-27T16:03:11","modified_gmt":"2025-03-27T16:03:11","slug":"splosni-pogoji","status":"publish","type":"page","link":"https:\/\/easytask.si\/sk\/splosni-pogoji\/","title":{"rendered":"V\u0161eobecn\u00e9 podmienky"},"content":{"rendered":"<div data-elementor-type=\"wp-page\" data-elementor-id=\"1295\" class=\"elementor elementor-1295\" data-elementor-post-type=\"page\">\n\t\t\t\t\t\t<section class=\"elementor-section elementor-top-section elementor-element elementor-element-23cd4f0 elementor-section-boxed elementor-section-height-default elementor-section-height-default\" data-id=\"23cd4f0\" data-element_type=\"section\" id=\"about\" data-settings=\"{&quot;background_background&quot;:&quot;gradient&quot;}\">\n\t\t\t\t\t\t<div class=\"elementor-container elementor-column-gap-default\">\n\t\t\t\t\t<div class=\"elementor-column elementor-col-100 elementor-top-column elementor-element elementor-element-9f48ae0\" data-id=\"9f48ae0\" data-element_type=\"column\">\n\t\t\t<div class=\"elementor-widget-wrap elementor-element-populated\">\n\t\t\t\t\t\t<div class=\"elementor-element elementor-element-6d7bb30 elementor-widget elementor-widget-heading\" data-id=\"6d7bb30\" data-element_type=\"widget\" data-widget_type=\"heading.default\">\n\t\t\t\t<div class=\"elementor-widget-container\">\n\t\t\t\t\t<h2 class=\"elementor-heading-title elementor-size-default\">V\u0161eobecn\u00e9 podmienky<\/h2>\t\t\t\t<\/div>\n\t\t\t\t<\/div>\n\t\t\t\t<div class=\"elementor-element elementor-element-0c8563b elementor-widget elementor-widget-text-editor\" data-id=\"0c8563b\" data-element_type=\"widget\" data-widget_type=\"text-editor.default\">\n\t\t\t\t<div class=\"elementor-widget-container\">\n\t\t\t\t\t\t\t\t\t<p>Ti pogoji opisujejo pravila in predpise za pou\u017eitie za spletnega mesta MARCELINO d.o.o., ki se nach\u00e1dza na https:\/\/easytask.si\/ in vse njene poddomene. Z dostopom do tohto spletnega mesta predpostavljamo, da sprejemate te pogoje. Nepokra\u010dujte v pou\u017e\u00edvan\u00ed https:\/\/easytask.si\/, ak sa nestriedate so v\u0161etk\u00fdmi podmienkami, naveden\u00fdmi na tejto strane.<\/p><p>Naslednja terminologija se nana\u0161a na te pogoje in pogoje, izjavo o zasebnosti in obvestilo o odpovedi odgovornosti in vse dogovore: \"stranka\", \"vi\" in \"va\u0161\" se nana\u0161a na vas, osebe, ki se prijavite na tej spletni strani in je skladna s pogoji dru\u017ebe. \"Podjetje\", \"Sebi\", \"Mi\", \"Na\u0161i\" in \"Nas\" se vz\u0165ahuj\u00fa na na\u0161e podjetje. \"Stranka\", \"zmluvenice\" alebo \"nas\" sa vz\u0165ahuj\u00fa tak na stranko kot na nas same. Vsi pogoji se nana\u0161ajo na ponudbo, sprejetje in upo\u0161tevanje pla\u010dila, potrebnega za izvedbo postopka na\u0161e pomo\u010di stranki na najbolj primeren na\u010din z izrecnim namenom zadovoljevanja strankinih potreb po zagotavljanju navedenih slu\u017eieb v skladu s in ob upo\u0161tevanju veljavnega prava Slovenije. Vsaka uporaba zgornje terminologije ali drugih besed v ednini, mno\u017eini, velikih za\u010detnicah in \/ ali on \/ ona ali oni se \u0161teje za zamenljivo in se torej nana\u0161a na isto.<\/p><p><strong>Pi\u0161kotki<\/strong><\/p><p>Spletno mesto pou\u017e\u00edva pi\u0161kotke. Z dostupom do https:\/\/easytask.si\/ ste sa dohodli na pou\u017eit\u00ed pi\u0161kotkov v dogovore s podnikom MARCELINO d.o.o., in politiko zasebnosti na spletnem m\u011bst\u011b. V\u00e4\u010d\u0161ina interakt\u00edvnych internetov\u00fdch str\u00e1nok pou\u017e\u00edva pi\u0161kotke, s ktor\u00fdmi m\u00f4\u017ee z\u00edska\u0165 podrobnosti uporabnika za vsak obisk. Pi\u0161kotke uporabljamo na na\u0161em spletnem m\u00edst\u011b, da omogo\u010dimo funkcionalnost dolo\u010denih podro\u010dij in olaj\u0161amo uporabo za obiskovalce, ki obi\u0161\u010dejo na\u0161o spletno stran. Nekateri na\u0161i partnerski \/ ogla\u0161evalski partneri m\u00f4\u017eu vyu\u017e\u00edva\u0165 aj pi\u0161kotke tretej strany.<\/p><p><strong>Licencia<\/strong><\/p><p>\u010ce ni druga\u010de navedeno, MARCELINO d.o.o., in \/ ali dajalci licencie za spletno mesto so lastniki pravic intelektualne lastnine za vse gradivo na https:\/\/easytask.si\/. Vse pravice intelektualne lastnine so pridr\u017eane. Do toho m\u00f4\u017eete prist\u00fapi\u0165 s https:\/\/easytask.si\/ za svoju osobn\u00fa pou\u017eite\u013enos\u0165, za ktor\u00fa plat\u00ed obmedzenie, ur\u010den\u00e9 v t\u00fdchto podmienkach.<\/p><p>Ne smete:<\/p><ul><li>Objavova\u0165 gradivo https:\/\/easytask.si\/brez dovoljenja.<\/li><li>Prodajati, izposojati ali podlicencirati gradivo s https:\/\/easytask.si\/brez dovoljenja.<\/li><li>Reproducirati, podvajati ali kopirati gradivo s https:\/\/easytask.si\/brez dovoljenja.<\/li><li>Prerazporediti obsahu s https:\/\/easytask.si\/brez dovoljenja.<\/li><\/ul><p>Ta dohoda za\u010dne plati\u0165 z d\u0148om tohto dohody oz. ob neposrednem prihodu na na\u0161e webov\u00e9 mesto.<\/p><p>Deli tega spletnega mesta uporabnikom pon\u00fakaj\u00fa pr\u00edle\u017eitos\u0165 za objavo in izmenjavo mnenj in informacij na dolo\u010denih podro\u010djih spletnega mesta. MARCELINO d.o.o. ne filtrira, ne ureja, ne objavlja in ne pregleduje komentarjev pred ich pr\u00edtomnos\u0165ou na spletnem mieste. Komentarji ne odra\u017eajo stali\u0161\u010d in mnenj dru\u017ebe MARCELINO d.o.o. , njenih agentov in \/ ali podru\u017enic. Komentarji odra\u017eajo stali\u0161\u010da in mnenja osebe, ki objavlja svoje mnenje. V obsegu, ktor\u00fd ga dovoljuje veljavna zakonodaja, MARCELINO d.o.o. , ne odgovarja za komentarje ali kakr\u0161no koli odgovornost, \u0161kodo ali stro\u0161ke, ki so nastali in \/ ali utrpeli kv\u00f4li kakr\u0161ne koli uporabe in \/ ali objavljanja in \/ ali pojavljanja komentarjev na tej webovej str\u00e1nke.<\/p><p>MARCELINO d.o.o. si pridr\u017euje pravico spremljati vse komentarje in odstraniti vse komentarje, ki se m\u016f\u017ee \u0161tejejo za neprimerne, \u017ealjive ali povzro\u010dijo kr\u0161itev teh pogojev.<\/p><p>Jam\u010dite in izjavljate, da:<\/p><ul><li>ste upravi\u010deni do objavljanja komentarjev na na\u0161om spletnem mieste in imate za to potrebna dovoljenja in soglasja;<\/li><li>komentarji ne posegajo v nobeno pravico intelektualne lastnine, vklju\u010dno z omejitvami autorskih pravic, patentov ali blagovnih znamk tretjih oseb;<\/li><li>komentarji ne vsebujejo nobenega obrekovalnega, klevetni\u0161kega, \u017ealjivega, nespodobnega ali kako inak nezakonitega gradiva, ki je vdor v zasebnost;<\/li><li>komentarji ne bodo uporabljeni za zbiranje ali pospe\u0161evanje prodaje ali predstavitev komercialnih ali nezakonitih dejavnosti.<\/li><\/ul><p>S tem podeljujete MARCELINO d.o.o. neizklju\u010dno licenco za pou\u017e\u00edvanie, razmno\u017eevanje, urejanje in poobla\u0161\u010danje drugih za pou\u017e\u00edvanie, razmno\u017eevanje in urejanje va\u0161ich komentarjev v vseh oblikah, oblikah ali medijih.<\/p><p><strong>Hiperpovezava na na\u0161o vsebino<\/strong><\/p><p>Naslednje organizacije se lahko brez predhodnega pisnega dovoljenja povezujejo na na\u0161o spletno stran:<\/p><ul><li>vl\u00e1dne agent\u00fary;<\/li><li>iskalniki;<\/li><li>nov\u00e1\u010dik;<\/li><li>distribuuterji spletnih imenikov, ktor\u00e9 sa m\u00f4\u017eu povezova\u0165 na na\u0161e webov\u00e9 str\u00e1nky na rovnak\u00fd sp\u00f4sob ako hyperpovezava do webov\u00fdch miest in\u00fdch podnikov, ktor\u00e9 kotirajo na borzi v<\/li><li>akreditirana podjetja na celotnem syst\u00e9me, razen neprofitnih organizacij, dobrodelnih trgovskih centrov in dobrodelnih skupin za zbiranje sredstev, ki morda ne bodo hyperpovezave na na\u0161o spletno stran.<\/li><\/ul><p>Te organizacije se lahko povezujejo na na\u0161o doma\u010do stran, publikacije ali druge podatke o spletnem mestu, \u010de povezava: (a) nikakor ni varljiva; (b) ne pomeni napa\u010dno sponzoriranje, odobritve ali odobritve strani, ki je povezana, in njenih izdelkov in \/ ali slu\u017eieb in (c) se prilega kontekstu spletnega mesta stranke, ki ga povezuje.<\/p><p>Morda budeme razmislili in odobrili druh\u00e9 po\u017eiadavky za prepojenie od nasleduj\u00facich vrstiev organiz\u00e1cie:<\/p><ul><li>splo\u0161no znani viri potro\u0161nikov in \/ ali poslovnih informacij;<\/li><li>skupnost dot.com<\/li><li>zdru\u017eenja ali druge skupine, ki predstavljajo dobrodelne organizacije;<\/li><li>internetov\u00fd distrib\u00fator menoviek;<\/li><li>Internetov\u00e9 port\u00e1ly;<\/li><li>ra\u010dunovodske, pravne in svetovalne dru\u017ebe in<\/li><li>vzdel\u00e1vne ustanove in trgovska zdru\u017eenja.<\/li><\/ul><p>Zahteve za povezave teh organizacij bomo odobrili, \u010de se odlo\u010dimo, da: (a) kv\u00f4li nas povezava ne bi bila videti neprimerno do seba ali do na\u0161ih akreditiranih podnikov; (b) organizacija nima pri nas nobenih negativnih zapisov; (c) korist od prepoznavnosti hyperpovezave nam nadomesti odsotnost MARCELINO d.o.o., v d) je povezava v r\u00e1mci splo\u0161nih informacij o virih.<\/p><p>Te organizacije se lahko povezujejo na na\u0161o doma\u010do stran, dokler povezava: a) nikakor ni varljiva; b) ne pomeni napa\u010dno sponzoriranje, odobritve ali odobritve povezovalne strani in njenih izdelkov ali storitev in c) se prilega kontekstu spletnega mesta stranke, ki ga povezuje. \u010ce ste ena od organizacij, na\u0161tetih zgoraj, in vas zanima povezava na na\u0161e spletno mesto, nas mus\u00edte obvestiti tako, da po\u0161ljete e-po\u0161to na Marcelino d.o.o. .<\/p><p>Prosimo, da navedete svoje ime, ime organiz\u00e1cie, kontaktne \u00fadaje in tie\u017e URL v\u00e1\u0161ho spletnega mesta, zoznam v\u0161etk\u00fdch URL-jev, s ktor\u00fdch sa nameravate povezati do n\u00e1\u0161ho spletnega mesta, in zoznam URL-jev na na\u0161om spletnem mieste, na ktor\u00fdch sa chcete povezati. Po\u010dakajte 2-3 t\u00fd\u017edne za odpove\u010f.<\/p><p>Potrjene organizacije lahko hyperpovezavo na na\u0161e spletno mesto:<\/p><ul><li>z pou\u017e\u00edvania n\u00e1\u0161ho podniku ali<\/li><li>z pou\u017eitia enotnega lokatorja virov, ki je povezan ali<\/li><li>z uporabo ktor\u00e9ho koli druh\u00e9ho opisu n\u00e1\u0161ho spletnega mesta, ktor\u00fd je povezan s tem, kar je smiselno v kontextu in forme vsebine na spletnem mieste stranke, ki ga povezuje.<\/li><\/ul><p>Za povezavo, \u010de ni licen\u010dne pogodbe o blagovni znamki, ne bo dovoljena uporaba logotipa MARCELINO d.o.o. ali druge vsebine.<\/p><p><strong>iFrame<\/strong><\/p><p>Brez predhodne odobritve in pisnega dovoljenja na na\u0161ih spletnih straneh ne smete ustvarjati okvirjev, ki kakorkoli spreminjajo vizualno predstavitev ali videz na\u0161ega spletnega mesta.<\/p><p><strong>Obsahinska odgovornost<\/strong><\/p><p>Ne odgovarjamo za nobeno vsebino, ki se pojavi na va\u0161em spletnem m\u00edst\u011b. Strinjate sa, aby ste n\u00e1s chr\u00e1nili a branili pred v\u0161etk\u00fdmi trditvami, ktor\u00e9 sa objavuj\u00fa na va\u0161ej internetovej strane. Na nobenem spletnem mestu se ne smejo pojavljati nobene povezave, ki bi jih lahko razlagali kot la\u017ene, nespodobne ali kriminalne ali ki kr\u0161ijo, druga\u010de kr\u0161ijo ali zagovarjajo kr\u0161itev ali drugo kr\u0161itev pravic tretjih oseb.<\/p><p><strong>Pridr\u017eevanje pravic<\/strong><\/p><p>Pridr\u017eujeme si pravico, da zahtevamo, da odstranite vse povezave ali katero koli dolo\u010deno povezavo do na\u0161e spletne strany. Sogla\u0161ate, da na zahtevo takoj odstranite vse povezave do na\u0161eho spletnega m\u011bsta. Pridr\u017eujeme si aj pr\u00e1vo do zmeny t\u00fdchto podmienok in pravil, ktor\u00e9 sp\u00e1jaj\u00fa politiku kadar koli. Z nenehnim povezovanjem na na\u0161o spletno stran se strinjate, da ste zavezani in sledite tem pogojem in pogojem.<\/p><p><strong>Odstr\u00e1nenie prepojav z na\u0161ich webov\u00fdch str\u00e1nok<\/strong><\/p><p>\u010ce na na\u0161em spletnem m\u00edst\u011b najdete kak\u0161no povezavo, ki je iz kakr\u0161nega koli razloga \u017ealjiva, se lahko kadar koli obrnete in nas obvestite. Upo\u0161tevali sme po\u017eiadavky za odstr\u00e1nenie povezav, vendar nanje ne bomo dol\u017eni odgovoriti neposredno. Ne zagotavljamo, da so podatki na tej spletni strane pravilni, ne jam\u010dimo za njihovo popolnost ali to\u010dnost; prav tako ne obljubljamo, da bomo zagotovili, da bo spletno mesto ostalo na voljo ali da bo gradivo na spletnem mestu sprotno posodabljano.<\/p><p><strong>Izjava o obmedzen\u00ed zodpovednosti<\/strong><\/p><p>V najve\u010dji mo\u017eni meri, ki jo dovoljuje veljavna zakonodaja, izklju\u010dujemo vsa zastopanja, garancije in pogoje v zvezi z na\u0161o spletno stranjo in uporabo te spletne strani. Ni\u010d v tej zavrnitvi zodpovednosti ne bo:<\/p><p>Omejitve in prepovedi odgovornosti, dolo\u010dene v tomto oddelku in drugje v tej prepovedi: (a) veljajo v prej\u0161njem odstavku in (b) urejajo vse obveznosti, ki izhajajo iz izjave o omejitvi odgovornosti, vklju\u010dno s pogodbenimi obveznostmi, ki izhajajo iz pogodbe, od\u0161kodninsko in kr\u0161itve zakonske dol\u017enosti.<\/p><p>Dokler spletno mesto ter inform\u00e1cie in slu\u017eby na spletnem mieste ne bodo na voljo brezpla\u010dno, ne bomo odgovarjali za kakr\u0161no koli izgubo ali \u0161kodo.<\/p><p><strong>Izvensodno re\u0161evanje potro\u0161ni\u0161kih sporov<\/strong><\/p><p>Dru\u017eba MARCELINO d.o.o. skladno z zakonskimi normativi ne priznava nikakr\u0161nega vykon\u00e1valca izvensodnega re\u0161evanja potro\u0161ni\u0161kih sporov kot pristojnega za re\u0161evanje potro\u0161ni\u0161kega spora, ki bi ga potro\u0161nik lahko spro\u017eil v skladu z Zakonom o izvensodnem re\u0161evanju potro\u0161ni\u0161kih sporov. Dru\u017eba kot ponudnik blaga in storitev na svoji internetov\u00fa stranu objavlja elektronsko povezavo na platformo za spletno re\u0161evanje potro\u0161ni\u0161kih sporov (SRPS). Platforma je na voljo potro\u0161nikom na elektronickej adrese http:\/\/ec.europa.eu\/odr. Navedena ureditev izhaja iz Zakona o izvensodnem re\u0161evanju potro\u0161ni\u0161kih sporov, Uredbe (EU) \u0161t. 524\/2013 Evropskega parlamentu a Sveta o spletnem re\u0161evanju spotrebite\u013esk\u00fdch sporov ter zmene Uredbe (ES) \u0161t. 2016\/2004 in Direktiva 200.<\/p>\t\t\t\t\t\t\t\t<\/div>\n\t\t\t\t<\/div>\n\t\t\t\t\t<\/div>\n\t\t<\/div>\n\t\t\t\t\t<\/div>\n\t\t<\/section>\n\t\t\t\t<\/div>","protected":false},"excerpt":{"rendered":"<p>Splo\u0161ni pogoji Ti pogoji opisujejo pravila in predpise za uporabo za spletnega mesta MARCELINO d.o.o., ki se nahaja na https:\/\/easytask.si\/ in vse njene poddomene. Z dostopom do tega spletnega mesta predpostavljamo, da sprejemate te pogoje. Ne nadaljujte z uporabo\u00a0https:\/\/easytask.si\/, \u010de se ne strinjate z vsemi pogoji, navedenimi na tej strani. Naslednja terminologija se nana\u0161a na [&hellip;]<\/p>","protected":false},"author":1,"featured_media":0,"parent":0,"menu_order":0,"comment_status":"closed","ping_status":"closed","template":"","meta":{"_seopress_robots_primary_cat":"","_seopress_titles_title":"","_seopress_titles_desc":"","_seopress_robots_index":"","ocean_post_layout":"full-screen","ocean_both_sidebars_style":"","ocean_both_sidebars_content_width":0,"ocean_both_sidebars_sidebars_width":0,"ocean_sidebar":"0","ocean_second_sidebar":"0","ocean_disable_margins":"enable","ocean_add_body_class":"","ocean_shortcode_before_top_bar":"","ocean_shortcode_after_top_bar":"","ocean_shortcode_before_header":"","ocean_shortcode_after_header":"","ocean_has_shortcode":"","ocean_shortcode_after_title":"","ocean_shortcode_before_footer_widgets":"","ocean_shortcode_after_footer_widgets":"","ocean_shortcode_before_footer_bottom":"","ocean_shortcode_after_footer_bottom":"","ocean_display_top_bar":"default","ocean_display_header":"default","ocean_header_style":"transparent","ocean_center_header_left_menu":"0","ocean_custom_header_template":"0","ocean_custom_logo":0,"ocean_custom_retina_logo":0,"ocean_custom_logo_max_width":0,"ocean_custom_logo_tablet_max_width":0,"ocean_custom_logo_mobile_max_width":0,"ocean_custom_logo_max_height":0,"ocean_custom_logo_tablet_max_height":0,"ocean_custom_logo_mobile_max_height":0,"ocean_header_custom_menu":"0","ocean_menu_typo_font_family":"0","ocean_menu_typo_font_subset":"","ocean_menu_typo_font_size":0,"ocean_menu_typo_font_size_tablet":0,"ocean_menu_typo_font_size_mobile":0,"ocean_menu_typo_font_size_unit":"px","ocean_menu_typo_font_weight":"","ocean_menu_typo_font_weight_tablet":"","ocean_menu_typo_font_weight_mobile":"","ocean_menu_typo_transform":"","ocean_menu_typo_transform_tablet":"","ocean_menu_typo_transform_mobile":"","ocean_menu_typo_line_height":0,"ocean_menu_typo_line_height_tablet":0,"ocean_menu_typo_line_height_mobile":0,"ocean_menu_typo_line_height_unit":"","ocean_menu_typo_spacing":0,"ocean_menu_typo_spacing_tablet":0,"ocean_menu_typo_spacing_mobile":0,"ocean_menu_typo_spacing_unit":"","ocean_menu_link_color":"","ocean_menu_link_color_hover":"","ocean_menu_link_color_active":"","ocean_menu_link_background":"","ocean_menu_link_hover_background":"","ocean_menu_link_active_background":"","ocean_menu_social_links_bg":"","ocean_menu_social_hover_links_bg":"","ocean_menu_social_links_color":"","ocean_menu_social_hover_links_color":"","ocean_disable_title":"on","ocean_disable_heading":"default","ocean_post_title":"","ocean_post_subheading":"","ocean_post_title_style":"","ocean_post_title_background_color":"","ocean_post_title_background":0,"ocean_post_title_bg_image_position":"","ocean_post_title_bg_image_attachment":"","ocean_post_title_bg_image_repeat":"","ocean_post_title_bg_image_size":"","ocean_post_title_height":0,"ocean_post_title_bg_overlay":0.5,"ocean_post_title_bg_overlay_color":"","ocean_disable_breadcrumbs":"default","ocean_breadcrumbs_color":"","ocean_breadcrumbs_separator_color":"","ocean_breadcrumbs_links_color":"","ocean_breadcrumbs_links_hover_color":"","ocean_display_footer_widgets":"default","ocean_display_footer_bottom":"default","ocean_custom_footer_template":"0","footnotes":""},"class_list":["post-1295","page","type-page","status-publish","hentry","entry"],"_links":{"self":[{"href":"https:\/\/easytask.si\/sk\/wp-json\/wp\/v2\/pages\/1295","targetHints":{"allow":["GET"]}}],"collection":[{"href":"https:\/\/easytask.si\/sk\/wp-json\/wp\/v2\/pages"}],"about":[{"href":"https:\/\/easytask.si\/sk\/wp-json\/wp\/v2\/types\/page"}],"author":[{"embeddable":true,"href":"https:\/\/easytask.si\/sk\/wp-json\/wp\/v2\/users\/1"}],"replies":[{"embeddable":true,"href":"https:\/\/easytask.si\/sk\/wp-json\/wp\/v2\/comments?post=1295"}],"version-history":[{"count":4,"href":"https:\/\/easytask.si\/sk\/wp-json\/wp\/v2\/pages\/1295\/revisions"}],"predecessor-version":[{"id":1299,"href":"https:\/\/easytask.si\/sk\/wp-json\/wp\/v2\/pages\/1295\/revisions\/1299"}],"wp:attachment":[{"href":"https:\/\/easytask.si\/sk\/wp-json\/wp\/v2\/media?parent=1295"}],"curies":[{"name":"wp","href":"https:\/\/api.w.org\/{rel}","templated":true}]}}