{"id":1282,"date":"2025-03-27T15:33:00","date_gmt":"2025-03-27T15:33:00","guid":{"rendered":"https:\/\/easytask.si\/?page_id=1282"},"modified":"2025-03-27T15:52:38","modified_gmt":"2025-03-27T15:52:38","slug":"politika-zasebnosti","status":"publish","type":"page","link":"https:\/\/easytask.si\/zh\/politika-zasebnosti\/","title":{"rendered":"\u653f\u6cbb"},"content":{"rendered":"<div data-elementor-type=\"wp-page\" data-elementor-id=\"1282\" class=\"elementor elementor-1282\" data-elementor-post-type=\"page\">\n\t\t\t\t\t\t<section class=\"elementor-section elementor-top-section elementor-element elementor-element-23cd4f0 elementor-section-boxed elementor-section-height-default elementor-section-height-default\" data-id=\"23cd4f0\" data-element_type=\"section\" id=\"about\" data-settings=\"{&quot;background_background&quot;:&quot;gradient&quot;}\">\n\t\t\t\t\t\t<div class=\"elementor-container elementor-column-gap-default\">\n\t\t\t\t\t<div class=\"elementor-column elementor-col-100 elementor-top-column elementor-element elementor-element-9f48ae0\" data-id=\"9f48ae0\" data-element_type=\"column\">\n\t\t\t<div class=\"elementor-widget-wrap elementor-element-populated\">\n\t\t\t\t\t\t<div class=\"elementor-element elementor-element-6d7bb30 elementor-widget elementor-widget-heading\" data-id=\"6d7bb30\" data-element_type=\"widget\" data-widget_type=\"heading.default\">\n\t\t\t\t<div class=\"elementor-widget-container\">\n\t\t\t\t\t<h2 class=\"elementor-heading-title elementor-size-default\">\u653f\u6cbb<\/h2>\t\t\t\t<\/div>\n\t\t\t\t<\/div>\n\t\t\t\t<div class=\"elementor-element elementor-element-0c8563b elementor-widget elementor-widget-text-editor\" data-id=\"0c8563b\" data-element_type=\"widget\" data-widget_type=\"text-editor.default\">\n\t\t\t\t<div class=\"elementor-widget-container\">\n\t\t\t\t\t\t\t\t\t<div class=\"entry-content\"><div class=\"elementor elementor-47\" data-elementor-type=\"wp-page\" data-elementor-id=\"47\"><section class=\"elementor-section elementor-top-section elementor-element elementor-element-5dfb266a elementor-section-boxed elementor-section-height-default elementor-section-height-default\" data-id=\"5dfb266a\" data-element_type=\"section\"><div class=\"elementor-container elementor-column-gap-default\"><div class=\"elementor-column elementor-col-100 elementor-top-column elementor-element elementor-element-987f1e5\" data-id=\"987f1e5\" data-element_type=\"column\"><div class=\"elementor-widget-wrap elementor-element-populated\"><div class=\"elementor-element elementor-element-21a4f6de elementor-widget elementor-widget-text-editor\" data-id=\"21a4f6de\" data-element_type=\"widget\" data-widget_type=\"text-editor.default\"><div class=\"elementor-widget-container\"><ol><li><strong>\u934b\u7210<\/strong><\/li><\/ol><p>\u653f\u6cbb\u53d8\u9769\u4e0e\u793e\u4f1a\u53d8\u9769\u3002Politiko varovanja osebnih podatkov si lahko ogledate na strani Obvestilo o zasebnosti (priloga spodaj).MARCELINO d.o.o., Kranj\u010deva ulica 4, 3000 Celje je upravljalec osebnih podatkov, ki jih posreduje (subjekt podatkov: vi, kupec, obiskovalec itd.).Zbiramo naslednje vrste osebnih podatkov\uff1a<\/p><ul><li>\u7535\u5b50\u90ae\u4ef6 naslov\uff1b<\/li><li>Ime in Priimek, Naslov, E-naslov in Telefonska \u0161tevilka\uff1b<\/li><li>\u60a8\u53ef\u4ee5\u4f7f\u7528\u4fe1\u7528\u5361\u3001Paypal \u6216\u5176\u4ed6\u652f\u4ed8\u65b9\u5f0f\uff1b<\/li><li>Kopije osebnih dokumentov, ki potrdijo to\u010dnost osebnih podatkov\uff1b<\/li><li>Pi\u0161kotke\uff1b<\/li><li>Google Analytics in Yandex ter Cloudflare sledenje obiska\uff1b<\/li><li>Povezave z osebnimi profili na socialnih skupinah.<\/li><\/ul><p>Vsak osebni podatek po vrsti podatka pridobimo glede na nujnost in z lo\u010denim soglasjem.<\/p><ol start=\"2\"><li><strong>\"\u6211\u7684\u670b\u53cb\"\"\u6211\u7684\u670b\u53cb\"\"\u6211\u7684\u670b\u53cb\"\"\u6211\u7684\u670b\u53cb<\/strong><\/li><\/ol><p>Va\u0161e osebne podatke potrebujemo za naslednje storitve\uff1a<\/p><ol><li><ol><li>\u60a8\u53ef\u4ee5\u901a\u8fc7\u53d1\u9001\u7535\u5b50\u90ae\u4ef6\u6216\u7535\u5b50\u90ae\u4ef6\u7684\u65b9\u5f0f\u4e0e\u4ed6\u4eba\u8054\u7cfb\uff1b<\/li><li>\u7535\u5b50\u90ae\u4ef6 naslov za po\u0161iljanje ponudb in e-novic\uff1b<\/li><li>Ime in Priimek, Naslov, E-naslov in Telefonska \u0161tevilka za sprejemanje rezervacij, povpra\u0161evanj in po\u0161iljanje ponudb ali v zvezi z izpolnitvijo drugih Va\u0161ih zahtev\uff1b<\/li><li>Ime in Priimek, Naslov, E-naslov in Telefonska \u0161tevilka za nakup darilnih bonov, voucherjev ali storitev in predmetov v zvezi z na\u0161o ponudbo\uff1b<\/li><li>Podatke o pla\u010dilnih sredstvih in kopije osebnih dokumentov za izvedbo storitev\uff1b<\/li><li>\u5e02\u573a\u8425\u9500\u7535\u5b50\u90ae\u4ef6\u9f3b\u7956\uff08potrjevanje rezervacij, zahvale za prijave in podobno\uff09\uff1b<\/li><li>Pi\u0161kotki za delovanje spletnih stran\uff1b<\/li><li>\u901a\u8fc7\u793e\u4ea4\u7f51\u7edc\u4e0e\u4e2a\u4eba\u8d44\u6599\u8fdb\u884c\u4ea4\u6d41\uff0c\u53ef\u5e2e\u52a9\u60a8\u4e86\u89e3\u81ea\u5df1\uff1b<\/li><li>Ime in Priimek, Naslov, E-naslov in Telefonska \u0161tevilka za ob\u010dasne nagradne igre ali druge promocijske akcije z va\u0161im predhodnim dovoljenjem\uff1b<\/li><li>\u6dfb\u52a0 Google Analytics \u548c Yandex Direct \u7684 podatke ter Cloudflare\uff0c\u7528\u4e8e\u5185\u90e8\u5206\u6790\uff0c\u4ee5\u63d0\u9ad8\u6548\u7387\u3002<\/li><\/ol><\/li><\/ol><p>\u00a0<\/p><ol><li><strong>kaj po\u010dnemo z osebnimi podatki<\/strong><\/li><\/ol><p>Va\u0161i osebni podatki so obdelani v MARCELINO d.o.o., Kranj\u010deva ulica 4, 3000 Celje, ki je locirana v Sloveniji.Gostovanje in shranjevanje podatkov poteka https:\/\/easytask.si\/, ki je locirana v dr\u017eavah Evropske unije (Nem\u010dija).<\/p><p>\u5982\u679c\u60a8\u6709\u4efb\u4f55\u95ee\u9898\uff0c\u8bf7\u8054\u7cfb\u6211\u4eec\uff0c\u6211\u4eec\u5c06\u7aed\u8bda\u4e3a\u60a8\u670d\u52a1\u3002<\/p><ol start=\"4\"><li><strong>kako dolgo jih hranimo<\/strong><\/li><\/ol><p>\u5728\u5168\u56fd\u8303\u56f4\u5185\uff0c\u5728 \"\u72af\u7f6a \"\u548c \"\u793e\u4f1a \"\u4e24\u4e2a\u9886\u57df\u5f00\u5c55\u4e86\u5927\u91cf\u7684\u5de5\u4f5c\uff0c\u8fd9\u4e9b\u5de5\u4f5c\u5bf9\u5168\u56fd\u8303\u56f4\u5185\u7684\u793e\u4f1a\u53d1\u5c55\u5177\u6709\u91cd\u8981\u610f\u4e49\u3002<\/p><ol start=\"5\"><li><strong>Kak\u0161ne so va\u0161e pravice<\/strong><\/li><\/ol><p>\u6211\u4eec\u7684\u76ee\u6807\u662f\uff0c\u8ba9\u6211\u4eec\u7684\u751f\u6d3b\u3001\u6211\u4eec\u7684\u5de5\u4f5c\u548c\u6211\u4eec\u7684\u5b69\u5b50\u4eec\uff0c\u90fd\u53d8\u5f97\u66f4\u52a0\u7f8e\u597d\uff0c\u8ba9\u6211\u4eec\u7684\u751f\u6d3b\u53d8\u5f97\u66f4\u52a0\u7f8e\u597d\uff0c\u8ba9\u6211\u4eec\u7684\u5b69\u5b50\u4eec\u53d8\u5f97\u66f4\u52a0\u806a\u660e\u3002Pi\u0161ite nam preko (Obrazec za zahtevek za dostop do podatkovnih podatkov).\u9996\u5148\uff0c\u5982\u679c\u60a8\u60f3\u5728\u60a8\u7684\u7535\u8111\u4e0a\u5b89\u88c5\u5176\u4ed6\u8bbe\u5907\uff0c\u8bf7\u70b9\u51fb \"\u5b89\u88c5 \"\u6309\u94ae\u3002Kontaktna oseba za za\u0161\u010dito podatkov (DPC, Data Protection Contact) na e-naslov Marcelino d.o.o. ali pisno na MARCELINO d.o.o., Kranj\u010deva ulica 4, 3000 Celje.<\/p><p>DPC \u76ee\u524d\u6b63\u5728\u5bf9\u5176\u8fdb\u884c\u91cd\u65b0\u8bc4\u4f30\u3002\u56e0\u6b64\uff0c\u5982\u679c\u60a8\u60f3\u4e86\u89e3\u66f4\u591a\u5173\u4e8e DPC \u7684\u4fe1\u606f\uff0c\u8bf7\u8bbf\u95ee\u6211\u4eec\u7684\u7f51\u7ad9\u3002S posebnim obrazcem, ki ga najdete na strani Obvestilo o zasebnosti lahko zahtevate dostop do politik in dokumentov, ki so povezani z zasebnostjo.<\/p><p><strong>Povezani dokumenti\uff1a<\/strong><\/p><ul><li>\u653f\u6cbb\u4e0e\u793e\u4f1a\u53d8\u9769<\/li><li>\u653f\u6cbb\u4e0e\u793e\u4f1a\uff08\u7535\u5b50\u4e0e\u793e\u4f1a\u653f\u6cbb\uff09<\/li><li>Urnik hrambe osebnih podatkov (na zahtevo po e-po\u0161ti ali osebno)<\/li><li>Obvestilo o zasebnosti<\/li><li>Splo\u0161ni pogoji<\/li><li>\u5728\u7ebf\u6d4f\u89c8<\/li><li>\u8f6f\u4ef6\u4e0b\u8f7d<\/li><\/ul><p>\u91c7\u5217\uff0c2025 \u5e74 3 \u6708 27 \u65e5\u3001<\/p><p>Ver.Dokumenta\uff1a1.0<\/p><\/div><\/div><\/div><\/div><\/div><\/section><\/div><\/div>\t\t\t\t\t\t\t\t<\/div>\n\t\t\t\t<\/div>\n\t\t\t\t\t<\/div>\n\t\t<\/div>\n\t\t\t\t\t<\/div>\n\t\t<\/section>\n\t\t\t\t<\/div>","protected":false},"excerpt":{"rendered":"<p>Politika zasebnosti KAJ POTREBUJEMO Na\u0161a politika varovanja osebnih podatkov ureja uporabo in shranjevanje podatkov. Politiko varovanja osebnih podatkov si lahko ogledate na strani Obvestilo o zasebnosti (priloga spodaj). MARCELINO d.o.o., Kranj\u010deva ulica 4, 3000 Celje je upravljalec osebnih podatkov, ki jih posreduje (subjekt podatkov: vi, kupec, obiskovalec itd.). Zbiramo naslednje vrste osebnih podatkov: E-mail naslov; [&hellip;]<\/p>","protected":false},"author":1,"featured_media":0,"parent":0,"menu_order":0,"comment_status":"closed","ping_status":"closed","template":"","meta":{"_seopress_robots_primary_cat":"","_seopress_titles_title":"","_seopress_titles_desc":"","_seopress_robots_index":"","ocean_post_layout":"full-screen","ocean_both_sidebars_style":"","ocean_both_sidebars_content_width":0,"ocean_both_sidebars_sidebars_width":0,"ocean_sidebar":"0","ocean_second_sidebar":"0","ocean_disable_margins":"enable","ocean_add_body_class":"","ocean_shortcode_before_top_bar":"","ocean_shortcode_after_top_bar":"","ocean_shortcode_before_header":"","ocean_shortcode_after_header":"","ocean_has_shortcode":"","ocean_shortcode_after_title":"","ocean_shortcode_before_footer_widgets":"","ocean_shortcode_after_footer_widgets":"","ocean_shortcode_before_footer_bottom":"","ocean_shortcode_after_footer_bottom":"","ocean_display_top_bar":"default","ocean_display_header":"default","ocean_header_style":"transparent","ocean_center_header_left_menu":"0","ocean_custom_header_template":"0","ocean_custom_logo":0,"ocean_custom_retina_logo":0,"ocean_custom_logo_max_width":0,"ocean_custom_logo_tablet_max_width":0,"ocean_custom_logo_mobile_max_width":0,"ocean_custom_logo_max_height":0,"ocean_custom_logo_tablet_max_height":0,"ocean_custom_logo_mobile_max_height":0,"ocean_header_custom_menu":"0","ocean_menu_typo_font_family":"0","ocean_menu_typo_font_subset":"","ocean_menu_typo_font_size":0,"ocean_menu_typo_font_size_tablet":0,"ocean_menu_typo_font_size_mobile":0,"ocean_menu_typo_font_size_unit":"px","ocean_menu_typo_font_weight":"","ocean_menu_typo_font_weight_tablet":"","ocean_menu_typo_font_weight_mobile":"","ocean_menu_typo_transform":"","ocean_menu_typo_transform_tablet":"","ocean_menu_typo_transform_mobile":"","ocean_menu_typo_line_height":0,"ocean_menu_typo_line_height_tablet":0,"ocean_menu_typo_line_height_mobile":0,"ocean_menu_typo_line_height_unit":"","ocean_menu_typo_spacing":0,"ocean_menu_typo_spacing_tablet":0,"ocean_menu_typo_spacing_mobile":0,"ocean_menu_typo_spacing_unit":"","ocean_menu_link_color":"","ocean_menu_link_color_hover":"","ocean_menu_link_color_active":"","ocean_menu_link_background":"","ocean_menu_link_hover_background":"","ocean_menu_link_active_background":"","ocean_menu_social_links_bg":"","ocean_menu_social_hover_links_bg":"","ocean_menu_social_links_color":"","ocean_menu_social_hover_links_color":"","ocean_disable_title":"on","ocean_disable_heading":"default","ocean_post_title":"","ocean_post_subheading":"","ocean_post_title_style":"","ocean_post_title_background_color":"","ocean_post_title_background":0,"ocean_post_title_bg_image_position":"","ocean_post_title_bg_image_attachment":"","ocean_post_title_bg_image_repeat":"","ocean_post_title_bg_image_size":"","ocean_post_title_height":0,"ocean_post_title_bg_overlay":0.5,"ocean_post_title_bg_overlay_color":"","ocean_disable_breadcrumbs":"default","ocean_breadcrumbs_color":"","ocean_breadcrumbs_separator_color":"","ocean_breadcrumbs_links_color":"","ocean_breadcrumbs_links_hover_color":"","ocean_display_footer_widgets":"default","ocean_display_footer_bottom":"default","ocean_custom_footer_template":"0","footnotes":""},"class_list":["post-1282","page","type-page","status-publish","hentry","entry"],"_links":{"self":[{"href":"https:\/\/easytask.si\/zh\/wp-json\/wp\/v2\/pages\/1282","targetHints":{"allow":["GET"]}}],"collection":[{"href":"https:\/\/easytask.si\/zh\/wp-json\/wp\/v2\/pages"}],"about":[{"href":"https:\/\/easytask.si\/zh\/wp-json\/wp\/v2\/types\/page"}],"author":[{"embeddable":true,"href":"https:\/\/easytask.si\/zh\/wp-json\/wp\/v2\/users\/1"}],"replies":[{"embeddable":true,"href":"https:\/\/easytask.si\/zh\/wp-json\/wp\/v2\/comments?post=1282"}],"version-history":[{"count":4,"href":"https:\/\/easytask.si\/zh\/wp-json\/wp\/v2\/pages\/1282\/revisions"}],"predecessor-version":[{"id":1287,"href":"https:\/\/easytask.si\/zh\/wp-json\/wp\/v2\/pages\/1282\/revisions\/1287"}],"wp:attachment":[{"href":"https:\/\/easytask.si\/zh\/wp-json\/wp\/v2\/media?parent=1282"}],"curies":[{"name":"wp","href":"https:\/\/api.w.org\/{rel}","templated":true}]}}