{"id":1295,"date":"2025-03-27T16:02:25","date_gmt":"2025-03-27T16:02:25","guid":{"rendered":"https:\/\/easytask.si\/?page_id=1295"},"modified":"2025-03-27T16:03:11","modified_gmt":"2025-03-27T16:03:11","slug":"splosni-pogoji","status":"publish","type":"page","link":"https:\/\/easytask.si\/zh\/splosni-pogoji\/","title":{"rendered":"Splo\u0161ni pogoji"},"content":{"rendered":"<div data-elementor-type=\"wp-page\" data-elementor-id=\"1295\" class=\"elementor elementor-1295\" data-elementor-post-type=\"page\">\n\t\t\t\t\t\t<section class=\"elementor-section elementor-top-section elementor-element elementor-element-23cd4f0 elementor-section-boxed elementor-section-height-default elementor-section-height-default\" data-id=\"23cd4f0\" data-element_type=\"section\" id=\"about\" data-settings=\"{&quot;background_background&quot;:&quot;gradient&quot;}\">\n\t\t\t\t\t\t<div class=\"elementor-container elementor-column-gap-default\">\n\t\t\t\t\t<div class=\"elementor-column elementor-col-100 elementor-top-column elementor-element elementor-element-9f48ae0\" data-id=\"9f48ae0\" data-element_type=\"column\">\n\t\t\t<div class=\"elementor-widget-wrap elementor-element-populated\">\n\t\t\t\t\t\t<div class=\"elementor-element elementor-element-6d7bb30 elementor-widget elementor-widget-heading\" data-id=\"6d7bb30\" data-element_type=\"widget\" data-widget_type=\"heading.default\">\n\t\t\t\t<div class=\"elementor-widget-container\">\n\t\t\t\t\t<h2 class=\"elementor-heading-title elementor-size-default\">Splo\u0161ni pogoji<\/h2>\t\t\t\t<\/div>\n\t\t\t\t<\/div>\n\t\t\t\t<div class=\"elementor-element elementor-element-0c8563b elementor-widget elementor-widget-text-editor\" data-id=\"0c8563b\" data-element_type=\"widget\" data-widget_type=\"text-editor.default\">\n\t\t\t\t<div class=\"elementor-widget-container\">\n\t\t\t\t\t\t\t\t\t<p>\u5728 MARCELINO d.o.o.\uff0c\u60a8\u53ef\u4ee5\u5728 https:\/\/easytask.si\/ \u4e0a\u67e5\u770b\u60a8\u7684\u4ea7\u54c1\u3002\u5982\u679c\u60a8\u60f3\u5728\u6b64\u8d2d\u7269\uff0c\u8bf7\u70b9\u51fb\u8fd9\u91cc\u3002Ne nadaljujte z uporabo https:\/\/easytask.si\/, \u010de se ne strinjate z vsemi pogoji, navedenimi na tej strani.<\/p><p>Naslednja terminologija se nana\u0161a na te pogoje in pogoje, izjavo o zasebnosti in obvestilo o odpovedi odgovornosti in vse dogovore: \"stranka\", \"vi\" in \"va\u0161\" se nana\u0161a na vas, osebe, ki se prijavite na tej spletni strani in je skladna s pogoji dru\u017ebe\u3002\"Podjetje\"\u3001\"Sebi\"\u3001\"Mi\"\u3001\"Na\u0161i \"\u548c \"Nas \"\u4e0d\u7528\u4e8e\u4efb\u4f55\u9875\u9762\u3002\"Stranka\", \"pogodbenice\" ali \"nas\" se nana\u0161ajo tako na stranko kot na nas same.\u5728\u65af\u6d1b\u6587\u5c3c\u4e9a\uff0c\"STRANKA\"\u3001\"POGODBENICE \"\u548c \"NAS \"\u90fd\u88ab\u7528\u6765\u8868\u793a \"stranko\"\uff0c\u800c \"NAS \"\u5219\u7528\u6765\u8868\u793a \"stranko\"\u3002Vsaka uporaba zgornje terminologije ali drugih besed v ednini, mno\u017eini, velikih za\u010detnicah in \/ ali on \/ ona ali oni se \u0161teje za zamenljivo in se torej nana\u0161a na isto.<\/p><p><strong>\u76ae\u4ec0\u79d1\u8328\u57fa<\/strong><\/p><p>Spletno mesto uporablja pi\u0161kotke\u3002Z dostopom do https:\/\/easytask.si\/ ste se dogovorili za uporabo pi\u0161kotkov v dogovoru s podjetjem MARCELINO d.o.o., in politiko zasebnosti na spletnem mestu.\u5728\u6211\u4eec\u7684\u7f51\u7ad9\u4e0a\uff0c\u60a8\u53ef\u4ee5\u627e\u5230\u5173\u4e8e\u6211\u4eec\u7684\u6700\u65b0\u52a8\u6001\u3002\u6211\u4eec\u7684\u76ee\u6807\u662f\u5728\u5168\u7403\u8303\u56f4\u5185\u5efa\u7acb\u8d77\u4e00\u4e2a\u5177\u6709\u529f\u80fd\u6027\u7684\u5408\u4f5c\u4f19\u4f34\u5173\u7cfb\u3002\u6211\u4eec\u7684\u5408\u4f5c\u4f19\u4f34\/\u5176\u4ed6\u5408\u4f5c\u4f19\u4f34\u53ef\u5728\u6211\u4eec\u7684\u7f51\u7ad9\u4e0a\u63d0\u4f9b\u76f8\u5173\u4fe1\u606f\u3002<\/p><p><strong>\u8bb8\u53ef\u8bc1<\/strong><\/p><p>\u010ce ni druga\u010de navedeno, MARCELINO d.o.o., in \/ ali dajalci licence za spletno mesto so lastniki pravic intelektualne lastnine za vse gradivo na https:\/\/easytask.si\/.Vse pravice intelektualne lastnine so pridr\u017eane.\u8bf7\u8bbf\u95ee https:\/\/easytask.si\/\uff0c\u4e86\u89e3\u66f4\u591a\u4fe1\u606f\u3002<\/p><p>Ne smete\uff1a<\/p><ul><li>Objavljati gradivo https:\/\/easytask.si\/brez dovoljenja.<\/li><li>Prodajati, izposojati ali podlicencirati gradivo s https:\/\/easytask.si\/brez dovoljenja.<\/li><li>Reproducirati, podvajati ali kopirati gradivo s https:\/\/easytask.si\/brez dovoljenja.<\/li><li>Prerazporediti vsebino s https:\/\/easytask.si\/brez dovoljenja.<\/li><\/ul><p>Ta sporazum za\u010dne veljati z dnem tega sporazuma oz. ob neposrednem prihodu na\u0161e spletno mesto.<\/p><p>\u60a8\u53ef\u4ee5\u5728\u6211\u4eec\u7684\u7f51\u7ad9\u4e0a\u6d4f\u89c8\u60a8\u6240\u9700\u8981\u7684\u4fe1\u606f\u3002MARCELINO d.o.o.\u4e0d\u4f1a\u5728\u7f51\u7ad9\u4e0a\u8fc7\u6ee4\u3001\u7f16\u8f91\u548c\u9884\u89c8\u65b0\u95fb\u3002\u672c\u65b0\u95fb\u7531 MARCELINO d.o.o. \u548c\/\u6216\u5176\u4ee3\u7406\u673a\u6784\u63d0\u4f9b\u3002\u672c\u7f51\u7ad9\u7684\u6240\u6709\u8bc4\u8bba\u5747\u4e3a\u672c\u7ad9\u539f\u521b\uff0c\u8f6c\u8f7d\u8bf7\u6ce8\u660e\u51fa\u5904\u3002MARCELINO d.o.o.\u516c\u53f8\u662f\u4e00\u5bb6\u5927\u578b\u4f01\u4e1a\u3002, ne odgovarja za kakr\u0161no koli odgovornost, \u0161kodo ali stro\u0161ke, ki so nastali in \/ ali utrpeli zaradi kakr\u0161ne koli uporabe in \/ ali objavljanja in \/ ali pojavljanja komentarjev na tej spletni strani.<\/p><p>MARCELINO d.o.o.\u5728\u65b0\u95fb\u62a5\u9053\u65b9\u9762\u62e5\u6709\u4e30\u5bcc\u7684\u7ecf\u9a8c\uff0c\u53ef\u4ee5\u4e3a\u60a8\u63d0\u4f9b\u6700\u65b0\u7684\u65b0\u95fb\u62a5\u9053\uff0c\u4ee5\u53ca\u60a8\u6240\u9700\u8981\u7684\u4fe1\u606f\u3002<\/p><p>Jam\u010dite in izjavljate, da\uff1a<\/p><ul><li>\u60a8\u53ef\u4ee5\u901a\u8fc7\u4ee5\u4e0b\u94fe\u63a5\u8bbf\u95ee\u6211\u4eec\u7684\u7f51\u7ad9\uff1a\"\u60a8\u7684\u65b0\u95fb\"\u3001\"\u60a8\u7684\u8bc4\u8bba\"\u3001\"\u60a8\u7684\u8bc4\u8bba\"\u3001\"\u60a8\u7684\u8bc4\u8bba\"\u3001\"\u60a8\u7684\u8bc4\u8bba\"\u3001\"\u60a8\u7684\u8bc4\u8bba\"\u3001\"\u60a8\u7684\u8bc4\u8bba \"\u548c \"\u60a8\u7684\u8bc4\u8bba\"\uff1b<\/li><li>komentarji ne posegajo v nobeno pravico intelektualne lastnine, vklju\u010dno z omejitvami avtorskih pravic, patentov ali blagovnih znamk tretjih oseb\uff1b<\/li><li>\u60a8\u7684\u8bc4\u8bba\u5c06\u6210\u4e3a\u5bf9\u60a8\u7684\u5de5\u4f5c\u3001\u5b66\u4e60\u548c\u751f\u6d3b\u7684\u5b9d\u8d35\u652f\u6301\uff1b<\/li><li>komentarji ne bodo uporabljeni za zbiranje al pospe\u0161evanje prodaje al predstavitev komercialnih al nezakonitih dejavnosti.<\/li><\/ul><p>S tem podeljujete MARCELINO d.o.o. neizklju\u010dno licenco za uporabo, razmno\u017eevanje, urejanje in poobla\u0161\u010danje drugih za uporabo, razmno\u017eevanje inurejanje va\u0161ih komentarjev vseh oblikah, oblikah ali medijih.<\/p><p><strong>\u7f06\u7ef3<\/strong><\/p><p>Naslednje organizacije se lahko brez predhodnega pisnega dovoljenja povezujejo na\u0161o spletno stran\uff1a<\/p><ul><li>vladne agencije\uff1b<\/li><li>iskalniki\uff1b<\/li><li>\u65b0\u624b\uff1b<\/li><li>\u6211\u4eec\u7684\u5206\u9500\u5546\uff0c\u4ed6\u4eec\u4f1a\u5728\u6211\u4eec\u7684\u7f51\u7ad9\u4e0a\u53d1\u5e03\u4ed6\u4eec\u7684\u4ea7\u54c1\u548c\u670d\u52a1\uff0c\u4ed6\u4eec\u4f1a\u5728\u6211\u4eec\u7684\u7f51\u7ad9\u4e0a\u53d1\u5e03\u4ed6\u4eec\u7684\u4ea7\u54c1\u548c\u670d\u52a1\uff0c\u4ed6\u4eec\u4f1a\u5728\u6211\u4eec\u7684\u7f51\u7ad9\u4e0a\u53d1\u5e03\u4ed6\u4eec\u7684\u4ea7\u54c1\u548c\u670d\u52a1\uff0c\u4ed6\u4eec\u4f1a\u5728\u6211\u4eec\u7684\u7f51\u7ad9\u4e0a\u53d1\u5e03\u4ed6\u4eec\u7684\u4ea7\u54c1\u548c\u670d\u52a1\uff0c\u4ed6\u4eec\u4f1a\u5728\u6211\u4eec\u7684\u7f51\u7ad9\u4e0a\u53d1\u5e03\u4ed6\u4eec\u7684\u4ea7\u54c1\u548c\u670d\u52a1\uff0c\u4ed6\u4eec\u4f1a\u5728\u6211\u4eec\u7684\u7f51\u7ad9\u4e0a\u53d1\u5e03\u4ed6\u4eec\u7684\u4ea7\u54c1\u548c\u670d\u52a1\uff0c\u4ed6\u4eec\u4f1a\u5728\u6211\u4eec\u7684\u7f51\u7ad9\u4e0a\u53d1\u5e03\u4ed6\u4eec\u7684\u4ea7\u54c1\u548c\u670d\u52a1\uff0c\u4ed6\u4eec\u4f1a\u5728\u6211\u4eec\u7684\u7f51\u7ad9\u4e0a\u53d1\u5e03\u4ed6\u4eec\u7684\u4ea7\u54c1\u548c\u670d\u52a1\u3002<\/li><li>akreditirana podjetja na celotnem sistemu, razen neprofitnih organizacij, dobrodelnih trgovskih centrov in dobrodelnih skupin za zbiranje sredstev, ki morda ne bodo hiperpovezave na\u0161o spletno stran.<\/li><\/ul><p>Te organizacije se lahko povezujejo na\u0161o doma\u010do stran, publikacije ali druge podatke o spletnem mestu, \u010de povezava\uff1a(a) nikakor ni varljiva; (b) ne pomeni napa\u010dno sponzoriranje, odobritve ali odobritve strani, ki je povezana, in njenih izdelkov in \/ ali storitev in (c) se prilega kontekstu spletnega mesta stranke, ki ga povezuje.<\/p><p>Morda bomo razmislili in odobrili druge zahteve za povezave od naslednjih vrst organizacij\uff1a<\/p><ul><li>splo\u0161no znani viri potro\u0161nikov in \/ ali poslovnih informacij\uff1b<\/li><li>skupnost dot.com<\/li><li>zdru\u017eenja ali druge skupine, ki predstavljajo dobrodelne organizacije\uff1b<\/li><li>spletni distributerji imenikov\uff1b<\/li><li>internetni portali\uff1b<\/li><li>\u5728\u300a\u4e16\u754c\u79d1\u5b66\u77e5\u8bc6\u4e0e\u6280\u672f\u4f26\u7406\u62a5\u544a\u300b\u4e2d\u7684 \"\u79d1\u5b66\"\u3001\"\u6280\u672f \"\u548c \"\u4f26\u7406 \"\u90e8\u5206<\/li><li>izobra\u017eevalne ustanove in trgovska zdru\u017eenja.<\/li><\/ul><p>Zahteve za povezave teh organizacij bomo odobrili, \u010de se odlo\u010dimo, da\uff1a(a) zaradi nas povezava ne bi bila videti neprimerno do sebe ali do na\u0161ih akreditiranih podjetij; (b) organizacija nima pri nas nobenih negativnih zapisov; (c) korist od prepoznavnosti hiperpovezave nam nadomesti odsotnost MARCELINO d.o.o\u3001(d) Je povezava v okviru splo\u0161nih informacij o virih.<\/p><p>\u5728\u4ee5\u4e0b\u60c5\u51b5\u4e0b\uff0c\u7ec4\u7ec7\u8005\u53ef\u91c7\u53d6\u4ee5\u4e0b\u63aa\u65bd\uff1a(a) \u4e0d\u91c7\u53d6\u4efb\u4f55\u884c\u52a8\uff1b(b) \u4e0d\u91c7\u53d6\u4efb\u4f55\u884c\u52a8\u6765\u4fdd\u62a4\u3001\u7ba1\u7406\u548c\u50a8\u5b58\u5176\u8d22\u4ea7\uff1b(c) \u4fdd\u62a4\u5176\u8d22\u4ea7\uff0c\u5e76\u91c7\u53d6\u9002\u5f53\u63aa\u65bd\u3002\u010ce ste ena od organizacij, na\u0161tetih zgoraj, in vas zanima povezava na\u0161e spletno mesto, nas morate obvestiti tako, da po\u0161ljete e-po\u0161to na Marcelino d.o.o. .<\/p><p>\u60a8\u53ef\u4ee5\u901a\u8fc7\u4ee5\u4e0b\u65b9\u5f0f\u6d4f\u89c8\u7f51\u7ad9\u3001\u7f51\u7ad9\u7ec4\u7ec7\u3001\u7f51\u7ad9\u8054\u7cfb\u4eba\u548c\u7f51\u7ad9URL\u3001\u7f51\u7ad9URL\u5730\u5740\uff0c\u4ee5\u4fbf\u5728\u60a8\u7684\u7f51\u7ad9\u4e0a\u521b\u5efa\u65b0\u7684\u7f51\u7ad9\uff0c\u6216\u5728\u60a8\u7684\u7f51\u7ad9\u4e0a\u521b\u5efa\u65b0\u7684URL\u5730\u5740\u3002\u70b9\u51fb 2-3 \u6b21\u3002<\/p><p>Potrjene organizacije lahko hiperpovezavo na\u0161e spletno mesto\uff1a<\/p><ul><li>z uporabo na\u0161ega imena podjetja ali<\/li><li>z uporabo enotnega lokatorja virov, ki je povezan ali<\/li><li>z uporabo katerega koli drugega opisa na\u0161ega spletnega mesta, ki je povezan s tem, kar je smiselno v kontekstu in obliki vsebine na spletnem mestu stranke, ki ga povezuje.<\/li><\/ul><p>Za povezavo, \u010de ni licen\u010dne pogodbe o blagovni znamki, ne bo dovoljena uporaba logotipa MARCELINO d.o.o. ali druge vsebine.<\/p><p><strong>iFrame<\/strong><\/p><p>\u5982\u679c\u60a8\u60f3\u4e86\u89e3\u66f4\u591a\u4fe1\u606f\uff0c\u8bf7\u70b9\u51fb\u6b64\u5904\u3002<\/p><p><strong>Vsebinska odgovornost<\/strong><\/p><p>\u5728\u8fd9\u91cc\uff0c\u6211\u4eec\u6ca1\u6709\u5176\u4ed6\u7684\u9009\u62e9\uff0c\u56e0\u4e3a\u6211\u4eec\u8981\u5728\u8fd9\u91cc\u751f\u6d3b\u3002\u5982\u679c\u60a8\u7684\u7535\u8111\u88ab\u76d7\uff0c\u8bf7\u7acb\u5373\u8054\u7cfb\u6211\u4eec\u3002\u5728\u8fd9\u4e2a\u5d07\u9ad8\u7684\u4e16\u754c\u91cc\uff0c\u6211\u4eec\u8981\u505a\u7684\u662f\u4e3a\u81ea\u5df1\u3001\u4e3a\u4ed6\u4eba\u3001\u4e3a\u72af\u7f6a\u8005\u3001\u4e3a\u5438\u6bd2\u8005\u3001\u4e3a\u8d29\u6bd2\u8005\u3001\u4e3a\u5438\u6bd2\u8005\u800c\u52aa\u529b\u3002<\/p><p><strong>Pridr\u017eevanje pravic<\/strong><\/p><p>\u8bf7\u6ce8\u610f\uff0c\u5982\u679c\u60a8\u60f3\u5728\u9644\u8fd1\u7684\u8857\u9053\u4e0a\u6563\u6b65\uff0c\u8bf7\u5c06\u60a8\u7684\u624b\u653e\u5728\u8def\u8fb9\u7684\u5783\u573e\u6876\u91cc\u3002\u8bf7\u6ce8\u610f\uff0c\u8fd9\u4e9b\u77f3\u5757\u4f1a\u88ab\u653e\u7f6e\u5728\u9644\u8fd1\u7684\u77f3\u67f1\u4e0a\u3002\u5728\u653f\u6cbb\u65b9\u9762\uff0c\u6211\u4eec\u7684\u653f\u6cbb\u5bb6\u4eec\u4e5f\u662f\u5982\u6b64\u3002Z nenehnim povezovanjem na\u0161o spletno stran se strinjate, da ste zavezani in sledite tem pogojem in pogojem.<\/p><p><strong>\u5728\u56fd\u5bb6\u8fb9\u754c\u4e0a\u7684\u79fb\u52a8\u8bbe\u5907<\/strong><\/p><p>\u5728\u8fd9\u91cc\uff0c\u4f60\u4f1a\u53d1\u73b0\uff0c\u5728\u4f60\u7684\u751f\u6d3b\u4e2d\uff0c\u6709\u5f88\u591a\u4e8b\u60c5\u662f\u4f60\u65e0\u6cd5\u9884\u6599\u7684\uff0c\u6bd4\u5982\uff0c\u5728\u4f60\u7684\u751f\u6d3b\u4e2d\uff0c\u6709\u5f88\u591a\u4e8b\u60c5\u662f\u4f60\u65e0\u6cd5\u9884\u6599\u7684\uff0c\u6bd4\u5982\uff0c\u5728\u4f60\u7684\u751f\u6d3b\u4e2d\uff0c\u6709\u5f88\u591a\u4e8b\u60c5\u662f\u4f60\u65e0\u6cd5\u9884\u6599\u7684\u3002\u6211\u4eec\u7684\u76ee\u6807\u662f\u8981\u8ba9\u5b69\u5b50\u4eec\u5728\u73a9\u800d\u7684\u8fc7\u7a0b\u4e2d\u83b7\u5f97\u5b89\u5168\u611f\uff0c\u800c\u4e0d\u662f\u8ba9\u4ed6\u4eec\u5728\u73a9\u800d\u7684\u8fc7\u7a0b\u4e2d\u5931\u53bb\u5b89\u5168\u611f\u3002<\/p><p><strong>Izjava o omejitvi odgovornosti<\/strong><\/p><p>\u5728\u6211\u4eec\u7684\u5de5\u4f5c\u4e2d\uff0c\u6211\u4eec\u63d0\u4f9b\u4e86\u5927\u91cf\u7684\u652f\u6301\u3001\u670d\u52a1\u3001\u4fdd\u969c\u548c\u652f\u6301\uff0c\u4f7f\u6211\u4eec\u80fd\u591f\u66f4\u597d\u5730\u670d\u52a1\u4e8e\u6211\u4eec\u7684\u5ba2\u6237\u3002Ni\u010d v tej zavrnitvi odgovornosti ne bo\uff1a<\/p><p>\u5728\u9884\u5904\u7406\u8fc7\u7a0b\u4e2d\uff0c\u53ef\u5728\u9884\u5904\u7406\u8fc7\u7a0b\u4e2d\u4f7f\u7528\u4ee5\u4e0b\u836f\u7269\uff1a (a) \u5728\u9884\u5904\u7406\u8fc7\u7a0b\u4e2d\u4f7f\u7528\uff1b (b) \u5728\u9884\u5904\u7406\u8fc7\u7a0b\u4e2d\u4f7f\u7528\uff1a(a) \u5728 (b) \u88ab\u89c6\u4e3a\u5df2\u5b8c\u6210\u7684\u4efb\u52a1\u65f6\uff0c\u53ef\u9009\u62e9\u5728\u4efb\u52a1\u5b8c\u6210\u524d\u3001\u5728\u4efb\u52a1\u5b8c\u6210\u540e\u3001\u5728\u4efb\u52a1\u5b8c\u6210\u524d\u3001\u5728\u4efb\u52a1\u5b8c\u6210\u540e\u8fdb\u884c\u3002<\/p><p>Dokler spletno mesto ter informacije in storitve na spletnem mestu ne bodo na voljo brezpla\u010dno, ne bomo odgovarjali za kakr\u0161no koli izgubo ali \u0161kodo.<\/p><p><strong>Izvensodno re\u0161evanje potro\u0161ni\u0161kih sporov<\/strong><\/p><p>Dru\u017eba MARCELINO d.o.o.MARCELINO d.o.o.\uff08MARCELINO\u80a1\u4efd\u6709\u9650\u516c\u53f8\uff09\u662f\u5168\u7403\u9886\u5148\u7684\u7535\u5b50\u4ea7\u54c1\u548c\u670d\u52a1\u4f9b\u5e94\u5546\u3002\u901a\u8fc7\u7535\u5b50\u6570\u636e\u91c7\u96c6\u5e73\u53f0\uff08SRPS\uff09\uff0c\u53ef\u5c06\u6570\u636e\u5b58\u50a8\u5728\u4e00\u4e2a\u5c0f\u4ed3\u5e93\u4e2d\u3002Platforma je na voljo potro\u0161nikom na elektronski povezavi http:\/\/ec.europa.eu\/odr. Navedena uredv izhaja iz Zakona o izvensodnem re\u0161evanju potro\u0161ni\u0161kih sporov, Uredbe (EU) \u0161t.524\/2013 Evropskega parlamenta in Sveta o spletnem re\u0161evanju potro\u0161ni\u0161kih sporov ter spremembi Uredbe (ES) \u0161t.2016\/2004 in Direktive 200.<\/p>\t\t\t\t\t\t\t\t<\/div>\n\t\t\t\t<\/div>\n\t\t\t\t\t<\/div>\n\t\t<\/div>\n\t\t\t\t\t<\/div>\n\t\t<\/section>\n\t\t\t\t<\/div>","protected":false},"excerpt":{"rendered":"<p>Splo\u0161ni pogoji Ti pogoji opisujejo pravila in predpise za uporabo za spletnega mesta MARCELINO d.o.o., ki se nahaja na https:\/\/easytask.si\/ in vse njene poddomene. Z dostopom do tega spletnega mesta predpostavljamo, da sprejemate te pogoje. Ne nadaljujte z uporabo\u00a0https:\/\/easytask.si\/, \u010de se ne strinjate z vsemi pogoji, navedenimi na tej strani. Naslednja terminologija se nana\u0161a na [&hellip;]<\/p>","protected":false},"author":1,"featured_media":0,"parent":0,"menu_order":0,"comment_status":"closed","ping_status":"closed","template":"","meta":{"_seopress_robots_primary_cat":"","_seopress_titles_title":"","_seopress_titles_desc":"","_seopress_robots_index":"","ocean_post_layout":"full-screen","ocean_both_sidebars_style":"","ocean_both_sidebars_content_width":0,"ocean_both_sidebars_sidebars_width":0,"ocean_sidebar":"0","ocean_second_sidebar":"0","ocean_disable_margins":"enable","ocean_add_body_class":"","ocean_shortcode_before_top_bar":"","ocean_shortcode_after_top_bar":"","ocean_shortcode_before_header":"","ocean_shortcode_after_header":"","ocean_has_shortcode":"","ocean_shortcode_after_title":"","ocean_shortcode_before_footer_widgets":"","ocean_shortcode_after_footer_widgets":"","ocean_shortcode_before_footer_bottom":"","ocean_shortcode_after_footer_bottom":"","ocean_display_top_bar":"default","ocean_display_header":"default","ocean_header_style":"transparent","ocean_center_header_left_menu":"0","ocean_custom_header_template":"0","ocean_custom_logo":0,"ocean_custom_retina_logo":0,"ocean_custom_logo_max_width":0,"ocean_custom_logo_tablet_max_width":0,"ocean_custom_logo_mobile_max_width":0,"ocean_custom_logo_max_height":0,"ocean_custom_logo_tablet_max_height":0,"ocean_custom_logo_mobile_max_height":0,"ocean_header_custom_menu":"0","ocean_menu_typo_font_family":"0","ocean_menu_typo_font_subset":"","ocean_menu_typo_font_size":0,"ocean_menu_typo_font_size_tablet":0,"ocean_menu_typo_font_size_mobile":0,"ocean_menu_typo_font_size_unit":"px","ocean_menu_typo_font_weight":"","ocean_menu_typo_font_weight_tablet":"","ocean_menu_typo_font_weight_mobile":"","ocean_menu_typo_transform":"","ocean_menu_typo_transform_tablet":"","ocean_menu_typo_transform_mobile":"","ocean_menu_typo_line_height":0,"ocean_menu_typo_line_height_tablet":0,"ocean_menu_typo_line_height_mobile":0,"ocean_menu_typo_line_height_unit":"","ocean_menu_typo_spacing":0,"ocean_menu_typo_spacing_tablet":0,"ocean_menu_typo_spacing_mobile":0,"ocean_menu_typo_spacing_unit":"","ocean_menu_link_color":"","ocean_menu_link_color_hover":"","ocean_menu_link_color_active":"","ocean_menu_link_background":"","ocean_menu_link_hover_background":"","ocean_menu_link_active_background":"","ocean_menu_social_links_bg":"","ocean_menu_social_hover_links_bg":"","ocean_menu_social_links_color":"","ocean_menu_social_hover_links_color":"","ocean_disable_title":"on","ocean_disable_heading":"default","ocean_post_title":"","ocean_post_subheading":"","ocean_post_title_style":"","ocean_post_title_background_color":"","ocean_post_title_background":0,"ocean_post_title_bg_image_position":"","ocean_post_title_bg_image_attachment":"","ocean_post_title_bg_image_repeat":"","ocean_post_title_bg_image_size":"","ocean_post_title_height":0,"ocean_post_title_bg_overlay":0.5,"ocean_post_title_bg_overlay_color":"","ocean_disable_breadcrumbs":"default","ocean_breadcrumbs_color":"","ocean_breadcrumbs_separator_color":"","ocean_breadcrumbs_links_color":"","ocean_breadcrumbs_links_hover_color":"","ocean_display_footer_widgets":"default","ocean_display_footer_bottom":"default","ocean_custom_footer_template":"0","footnotes":""},"class_list":["post-1295","page","type-page","status-publish","hentry","entry"],"_links":{"self":[{"href":"https:\/\/easytask.si\/zh\/wp-json\/wp\/v2\/pages\/1295","targetHints":{"allow":["GET"]}}],"collection":[{"href":"https:\/\/easytask.si\/zh\/wp-json\/wp\/v2\/pages"}],"about":[{"href":"https:\/\/easytask.si\/zh\/wp-json\/wp\/v2\/types\/page"}],"author":[{"embeddable":true,"href":"https:\/\/easytask.si\/zh\/wp-json\/wp\/v2\/users\/1"}],"replies":[{"embeddable":true,"href":"https:\/\/easytask.si\/zh\/wp-json\/wp\/v2\/comments?post=1295"}],"version-history":[{"count":4,"href":"https:\/\/easytask.si\/zh\/wp-json\/wp\/v2\/pages\/1295\/revisions"}],"predecessor-version":[{"id":1299,"href":"https:\/\/easytask.si\/zh\/wp-json\/wp\/v2\/pages\/1295\/revisions\/1299"}],"wp:attachment":[{"href":"https:\/\/easytask.si\/zh\/wp-json\/wp\/v2\/media?parent=1295"}],"curies":[{"name":"wp","href":"https:\/\/api.w.org\/{rel}","templated":true}]}}